{"id":7682,"date":"2016-03-02T00:56:58","date_gmt":"2016-03-01T23:56:58","guid":{"rendered":"http:\/\/vicnezbuh.cz\/wordpress\/?page_id=7682"},"modified":"2020-06-06T21:56:21","modified_gmt":"2020-06-06T20:56:21","slug":"informace-pred-objednanim","status":"publish","type":"page","link":"https:\/\/vicnezbuh.cz\/wordpress\/informace-pred-objednanim\/","title":{"rendered":"Informace p\u0159ed objedn\u00e1n\u00edm"},"content":{"rendered":"<h2><\/h2>\n<h2>Volnou dom\u00e9nu (adresu str\u00e1nek) si ov\u011b\u0159te na str\u00e1nce <a href=\"http:\/\/www.nic.cz\" target=\"_blank\" rel=\"noopener noreferrer\">nic.cz<\/a> v ok\u00e9nku \u201e<label for=\"q\"><a href=\"http:\/\/www.nic.cz\">VYHLED\u00c1V\u00c1N\u00cd V REGISTRU<\/a>\u201d.<\/label><\/h2>\n<p>Pokud je dom\u00e9na obsazena, tak m\u00e1te sm\u016flu, zav\u00e1hali jste. Mus\u00edte si vymyslet jin\u00fd n\u00e1zev. Zvolit jinou koncovku ne\u017e CZ je taky mo\u017enost, ale to u\u017e nen\u00ed ono. Pro\u010d? p\u0159\u00edklad u\u017e registrovan\u00e1 dom\u00e9na t\u0159eba zahradnictvi.cz se pamatuje l\u00edp, ne\u017eli zahradnictvi.eu nebo zahradnictvi.com \u010di jin\u00e1 koncovka. Vyhled\u00e1va\u010de zobrazuj\u00ed p\u0159ednostn\u011b CZ koncovky.<\/p>\n<h2>Zalo\u017een\u00ed Blogu, str\u00e1nek b\u011b\u017e\u00edc\u00ed na publika\u010dn\u00edm syst\u00e9mu WordPress nebo BlogEngine.NET:<\/h2>\n<ul>\n<li>napsat mi zvolenou, neobsazenou dom\u00e9nu a tvar e-mailu(\u016f)<\/li>\n<li>napsat jak\u00fd chcete m\u00edt heslo k e-mailu (syst\u00e9m vytv\u00e1\u0159\u00ed nezapamatovateln\u00fd)<\/li>\n<li>obsah str\u00e1nky m\u016f\u017eete dodat i nemus\u00edte<\/li>\n<li>zaplatit 1 500 K\u010d na m\u016fj \u00fa\u010det (do pozn\u00e1mky vepi\u0161te n\u00e1zev dom\u00e9ny)<\/li>\n<\/ul>\n<p>Jestli chcete registraci dom\u00e9ny na sebe budete k \u201enalezen\u00ed\u201d z nutn\u00fdch informac\u00ed o dom\u00e9n\u011b. Pot\u0159ebuji k registraci od V\u00e1s kontakt na sebe (jm\u00e9no, bydli\u0161t\u011b, telefon, e-mail). Majitelky blog\u016f t\u00edm zve\u0159ejn\u00ed ka\u017ed\u00e9mu sv\u00e9 jm\u00e9no s p\u0159\u00edjmen\u00edm, adresu bydli\u0161t\u011b a telefonn\u00ed \u010d\u00edslo.<\/p>\n<div class=\"button_wrapper \"><a  href=\"https:\/\/vicnezbuh.cz\/wordpress\/index.php\/kontakt\/\" target=\"_self\" title=\"Kontakt na m\u011b a platba\" class=\"button_  default medium\"><span class=\"icon-basket\"><\/span>Kontakt na m\u011b a platba<\/a><\/div>\n<h2>Pokud chcete firemn\u00ed str\u00e1nky, tak p\u0159ipi\u0161te k vybran\u00e9 dom\u00e9n\u011b povinn\u00e9 \u00fadaje, kter\u00e9 st\u00e1t vy\u017eaduje na webov\u00fdch str\u00e1nk\u00e1ch a m\u016f\u017eete dodat fotky, texty, videa a oskenovan\u00fd dokumenty (certifik\u00e1ty, osv\u011bd\u010den\u00ed), kter\u00e9 chcete m\u00edt na str\u00e1nk\u00e1ch.<\/h2>\n<div class=\"button_wrapper \"><a  href=\"https:\/\/vicnezbuh.cz\/wordpress\/index.php\/kontakt\/\" target=\"_self\" title=\"Kontakt na m\u011b a platba\" class=\"button_  default medium\"><span class=\"icon-basket\"><\/span>Kontakt na m\u011b a platba<\/a><\/div>\n<h3>Samoz\u0159ejm\u011b \u017ee to jde i bez pr\u00e1ce, sta\u010d\u00ed napsat:\u201eChlape, jsem OSV\u010c \u00a0s I\u010cem XXXXXXXXX a chci m\u00edt na internetu str\u00e1nku volnadomena.cz. D\u011bl\u00e1m rozvody vody, topen\u00ed, tepeln\u00fd \u010derpadla a sol\u00e1rn\u00ed syst\u00e9my. Pen\u00edze ti pos\u00edl\u00e1m a doklad nepot\u0159ebuji.\u201d.<\/h3>\n<h4>P\u0159i objedn\u00e1n\u00ed slu\u017eeb (dom\u00e9na, hosting) na sebe z\u00edsk\u00e1te da\u0148ov\u00fd doklad.<\/h4>\n<h2>Jak\u00e9 \u00fadaje jsou na firemn\u00edm webu povinn\u00e9?<\/h2>\n<p>Jako podnikatel, pr\u00e1vnick\u00e1 i fyzick\u00e1 osoba, mus\u00edte dle z\u00e1kona na sv\u00e9 firemn\u00ed prezentaci uv\u00e1d\u011bt stejn\u00e9 \u00fadaje jako na faktur\u00e1ch \u010di smlouv\u00e1ch. U\u017eivatel\u016fm str\u00e1nek proto zp\u0159\u00edstupn\u011bte tyto informace:<\/p>\n<ul>\n<li>jm\u00e9no podnikatele, nebo n\u00e1zev spole\u010dnosti<\/li>\n<li>s\u00eddlo spole\u010dnosti, nebo m\u00edsto podnik\u00e1n\u00ed<\/li>\n<li>identifika\u010dn\u00ed \u010d\u00edslo podnikatele<\/li>\n<li>\u00fadaj o z\u00e1pisu v evidenci:\n<ul>\n<li>z\u00e1pis do obchodn\u00edho rejst\u0159\u00edku v\u010detn\u011b spisov\u00e9 zna\u010dky,<\/li>\n<li>z\u00e1pis do jin\u00e9 z\u00e1konn\u00e9 evidence, nap\u0159. \u017eivnostensk\u00fd rejst\u0159\u00edk<\/li>\n<\/ul>\n<\/li>\n<\/ul>\n<h3>Pr\u00e1vnick\u00e1 osoba<\/h3>\n<p>P\u0159\u00edklad spole\u010dnosti zapsan\u00e9 v obchodn\u00edm rejst\u0159\u00edku:<\/p>\n<blockquote><p>N\u00e1zev spole\u010dnosti: \u201e<em>P\u0159esn\u00fd n\u00e1zev dle obchodn\u00edho rejst\u0159\u00edku<\/em>\u201c<br \/>\nS\u00eddlo: \u201e<em>Ulice a \u010d\u00edslo popisn\u00e9, PS\u010c M\u011bsto<\/em>\u201c<br \/>\nI\u010c: \u201e<em>Identifika\u010dn\u00ed \u010d\u00edslo podnikatele<\/em>\u201c<br \/>\nSpisov\u00e1 zna\u010dka: \u201e<em>odd\u00edl a vlo\u017eka<\/em>\u201c veden\u00e1 u rejst\u0159\u00edkov\u00e9ho soudu v \u201e<em>m\u011bsto<\/em>\u201c<\/p>\n<p><strong>Nepovinn\u00e9 \u00fadaje<\/strong><br \/>\nDI\u010c: \u201e<em>Da\u0148ov\u00e9 identifika\u010dn\u00ed \u010d\u00edslo<\/em>\u201c (<em>jsme \/ nejsme<\/em> pl\u00e1tci DPH)<br \/>\nZ\u00e1kladn\u00ed kapit\u00e1l: \u201e<em>\u010c\u00e1stka kapit\u00e1lu, pokud je cel\u00fd splacen<\/em>\u201c K\u010d<\/p><\/blockquote>\n<h3>Fyzick\u00e1 osoba<\/h3>\n<p>P\u0159\u00edklad podnikaj\u00edc\u00ed fyzick\u00e9 osoba, nezapsan\u00e9 v obchodn\u00edm rejst\u0159\u00edku:<\/p>\n<blockquote><p>Jm\u00e9no: \u201e<em>Jm\u00e9no a p\u0159\u00edjmen\u00ed, pod kter\u00fdm podnik\u00e1te, v\u010detn\u011b dodatku<\/em>\u201c<br \/>\nM\u00edsto podnik\u00e1n\u00ed: \u201e<em>Ulice a \u010d\u00edslo popisn\u00e9, P\u0160\u010c M\u011bsto<\/em>\u201c<br \/>\nI\u010c: \u201e<em>Identifika\u010dn\u00ed \u010d\u00edslo podnikatele<\/em>\u201c<br \/>\nFyzick\u00e1 osoba zapsan\u00e1 v \u017divnostensk\u00e9m rejst\u0159\u00edku od \u201e<em>datum z\u00e1pisu<\/em>\u201c<br \/>\nEviden\u010dn\u00ed \u010d\u00edslo \u017dL: \u201e<em>eviden\u010dn\u00ed \u010d\u00edslo, \u010d\u00edslo jednac\u00ed<\/em>\u201c<br \/>\nEviduj\u00edc\u00ed \u00fa\u0159ad: \u201e<em>\u00fa\u0159ad, u kter\u00e9ho je podnikatel evidov\u00e1n<\/em>\u201c<\/p>\n<p><strong>Nepovinn\u00e9 \u00fadaje<\/strong><br \/>\nDI\u010c: \u201e<em>da\u0148ov\u00e9 identifika\u010dn\u00ed \u010d\u00edslo<\/em>\u201c (<em>jsme \/ nejsme <\/em>pl\u00e1tci DPH)<\/p><\/blockquote>\n<h2>Co hroz\u00ed, kdy\u017e v\u00e1m na webu \u00fadaje chyb\u00ed<\/h2>\n<p>Pokud na obchodn\u00edch listin\u00e1ch, a od roku 2008 tak\u00e9 na internetov\u00fdch str\u00e1nk\u00e1ch, neuv\u00e1d\u00edte v\u0161echny identifika\u010dn\u00ed \u00fadaje, hroz\u00ed v\u00e1m sankce podle z\u00e1kona \u010d. 200\/1990 Sb. o p\u0159estupc\u00edch:<\/p>\n<ul>\n<li><strong>pokuta a\u017e 50.000 K\u010d<\/strong><\/li>\n<li><strong>z\u00e1kaz \u010dinnosti a\u017e na 1 rok<\/strong><\/li>\n<\/ul>\n<p>Proh\u0159e\u0161ky \u0159e\u0161\u00ed \u017eivnostensk\u00e9 \u00fa\u0159ady a z\u00e1le\u017e\u00ed na jejich rozhodnut\u00ed, jestli podaj\u00ed ozn\u00e1men\u00ed na policii \u2013 tam by za\u010dalo \u0159\u00edzen\u00ed a dokazov\u00e1n\u00ed podle spr\u00e1vn\u00edho \u0159\u00e1du. Podnikateli se mus\u00ed prok\u00e1zat vlastnictv\u00ed webu, na kter\u00e9m identifika\u010dn\u00ed \u00fadaje chyb\u00ed.<\/p>\n<p>zdroj: <a href=\"https:\/\/www.google.cz\/search?q=Povinn\u00e9+\u00fadaje+na+webu+podnikatele&amp;oq=Povinn\u00e9+\u00fadaje+na+webu+podnikatele\" target=\"_blank\" rel=\"noopener noreferrer\">internet<\/a><\/p>\n<h3>P\u0159id\u00e1v\u00e1m odkaz na p\u0159\u00edmou registraci a objedn\u00e1n\u00ed.<\/h3>\n<p>Pokud str\u00e1nky ke sv\u00e9mu b\u011bhu nepot\u0159ebuj\u00ed ASP.NET a MSSQL, tak je tu i levn\u011bj\u0161\u00ed <a href=\"http:\/\/hosting.wedos.com\/d\/190217\" target=\"_blank\" rel=\"noopener noreferrer\">WEDOS<\/a>.<\/p>\n<p>Tyhle str\u00e1nky b\u011b\u017e\u00ed u <a href=\"https:\/\/www.active24.cz\/objednavka\/cart\">Active24<\/a> a nepot\u0159ebuj\u00ed ASP.NET a MSSQL, d\u0159\u00edv\u011bj\u0161\u00ed web to pot\u0159eboval a p\u0159\u00ed\u0161t\u00ed t\u0159eba zas, tak si p\u0159ipl\u00e1c\u00edm.<\/p>\n<h3>Jestli se V\u00e1m zdaj\u00ed moje ceny podez\u0159el\u00e9 n\u00edzk\u00e9, tak vyu\u017eijte slu\u017eeb jin\u00fdch nebo mi dodate\u010dn\u011b m\u016f\u017eete v\u011bnovat odm\u011bnu k odm\u011bn\u011b.<\/h3>\n<h2><strong>\u00a0<a href=\"https:\/\/www.google.cz\/search?q=webov\u00e9+str\u00e1nky+cen\u00edk+2016&amp;oq=webov\u00e9+str\u00e1nky+cen\u00edk+2020\" target=\"_blank\" rel=\"noopener noreferrer\">webov\u00e9 str\u00e1nky od jin\u00fdch &#8211; cen\u00edk 2020<\/a><\/strong><\/h2>\n","protected":false},"excerpt":{"rendered":"<p>Volnou dom\u00e9nu (adresu str\u00e1nek) si ov\u011b\u0159te na str\u00e1nce nic.cz v ok\u00e9nku \u201eVYHLED\u00c1V\u00c1N\u00cd V REGISTRU\u201d. Pokud je dom\u00e9na obsazena, tak m\u00e1te sm\u016flu, zav\u00e1hali jste. Mus\u00edte si vymyslet jin\u00fd n\u00e1zev. Zvolit jinou koncovku ne\u017e CZ je taky mo\u017enost, ale to u\u017e nen\u00ed ono. Pro\u010d? p\u0159\u00edklad u\u017e registrovan\u00e1 dom\u00e9na t\u0159eba zahradnictvi.cz se pamatuje l\u00edp, ne\u017eli zahradnictvi.eu nebo zahradnictvi.com [&hellip;]<\/p>\n","protected":false},"author":1,"featured_media":0,"parent":0,"menu_order":0,"comment_status":"closed","ping_status":"closed","template":"","meta":{"footnotes":""},"class_list":["post-7682","page","type-page","status-publish","hentry"],"_links":{"self":[{"href":"https:\/\/vicnezbuh.cz\/wordpress\/wp-json\/wp\/v2\/pages\/7682","targetHints":{"allow":["GET"]}}],"collection":[{"href":"https:\/\/vicnezbuh.cz\/wordpress\/wp-json\/wp\/v2\/pages"}],"about":[{"href":"https:\/\/vicnezbuh.cz\/wordpress\/wp-json\/wp\/v2\/types\/page"}],"author":[{"embeddable":true,"href":"https:\/\/vicnezbuh.cz\/wordpress\/wp-json\/wp\/v2\/users\/1"}],"replies":[{"embeddable":true,"href":"https:\/\/vicnezbuh.cz\/wordpress\/wp-json\/wp\/v2\/comments?post=7682"}],"version-history":[{"count":55,"href":"https:\/\/vicnezbuh.cz\/wordpress\/wp-json\/wp\/v2\/pages\/7682\/revisions"}],"predecessor-version":[{"id":8315,"href":"https:\/\/vicnezbuh.cz\/wordpress\/wp-json\/wp\/v2\/pages\/7682\/revisions\/8315"}],"wp:attachment":[{"href":"https:\/\/vicnezbuh.cz\/wordpress\/wp-json\/wp\/v2\/media?parent=7682"}],"curies":[{"name":"wp","href":"https:\/\/api.w.org\/{rel}","templated":true}]}}