{"id":7554,"date":"2016-02-16T14:08:15","date_gmt":"2016-02-16T13:08:15","guid":{"rendered":"http:\/\/vicnezbuh.cz\/wordpress\/?page_id=7554"},"modified":"2016-02-16T17:42:10","modified_gmt":"2016-02-16T16:42:10","slug":"qr-platba","status":"publish","type":"page","link":"https:\/\/vicnezbuh.cz\/wordpress\/qr-platba\/","title":{"rendered":"QR platba"},"content":{"rendered":"<h2 class=\"m-1-0\">Banky podporuj\u00edc\u00ed QR platbu prost\u0159ednictv\u00edm sv\u00fdch aplikac\u00ed:<\/h2>\n<p>&nbsp;<\/p>\n<p>&nbsp;<\/p>\n<table class=\"minimalist_table\">\n<tbody>\n<tr>\n<th>N\u00e1zev banky<\/th>\n<th>N\u00e1zev mobiln\u00ed aplikace<\/th>\n<th>St\u00e1hnout z App Store (iPhone)<\/th>\n<th>St\u00e1hnout z Google Play (Android)<\/th>\n<th>St\u00e1hnout z Windows Store (Windows 10)<\/th>\n<th>Windows Phone Store<\/th>\n<\/tr>\n<tr>\n<td>Air bank<\/td>\n<td><a href=\"http:\/\/www.airbank.cz\/cs\/bezny-ucet\/mobilni-bankovnictvi\">Mobiln\u00ed bankovnictv\u00ed<\/a><\/td>\n<td><a href=\"https:\/\/itunes.apple.com\/cz\/app\/mobilni-bankovnictvi\/id593036778?mt=8\">St\u00e1hnout z App store<\/a><\/td>\n<td><a href=\"https:\/\/play.google.com\/store\/apps\/details?id=cz.airbank.android\">St\u00e1hnout z Google play<\/a><\/td>\n<td><\/td>\n<td><a href=\"https:\/\/www.airbank.cz\/windows-phone\/\">odkaz na str\u00e1nku aplikace<\/a><\/td>\n<\/tr>\n<tr>\n<td>\u010cesk\u00e1 spo\u0159itelna<\/td>\n<td><a href=\"https:\/\/www.servis24.cz\/\">Servis 24<\/a><\/td>\n<td><a href=\"https:\/\/itunes.apple.com\/cz\/app\/servis-24-mobilni-banka\/id469812727?mt=8\">St\u00e1hnout z App store<\/a><\/td>\n<td><a href=\"https:\/\/play.google.com\/store\/apps\/details?id=com.cleverlance.csas.servis24\">St\u00e1hnout z Google play<\/a><\/td>\n<td><\/td>\n<\/tr>\n<tr>\n<td>\u010cSOB<\/td>\n<td><a href=\"http:\/\/www.csob.cz\/cz\/Lide\/Elektronicke-bankovnictvi\/Stranky\/CSOB-SmartBanking.aspx\">\u010cSOB SmartBanking<\/a><\/td>\n<td><a href=\"http:\/\/itunes.apple.com\/us\/app\/csob-smartbanking\/id479852415?ls=1&amp;mt=8\">St\u00e1hnout z App store<\/a><\/td>\n<td><a href=\"https:\/\/market.android.com\/details?id=cz.csob.smartbanking\">St\u00e1hnout z Google play<\/a><\/td>\n<td><a href=\"http:\/\/apps.microsoft.com\/windows\/cs-CZ\/app\/csob-smartbanking\/20cda26c-404a-47e9-b103-34748207e6f9\">St\u00e1hnout z Windows Store<\/a><\/td>\n<td><a href=\"http:\/\/www.windowsphone.com\/cs-CZ\/apps\/ca53eae2-175e-4096-a1ad-1de1518682b6\">odkaz na str\u00e1nku aplikace<\/a><\/td>\n<\/tr>\n<tr>\n<td>Equa bank<\/td>\n<td><a href=\"http:\/\/www.equabank.cz\/pece-a-podpora\/mobilni-aplikace\/\">Mobiln\u00ed bankovnictv\u00ed<\/a><\/td>\n<td><a href=\"https:\/\/itunes.apple.com\/cz\/app\/equa-bank\/id462256067?mt=8\">St\u00e1hnout z App store<\/a><\/td>\n<td><a href=\"https:\/\/play.google.com\/store\/apps\/details?id=com.icomvision.bsc.mobilebank\">St\u00e1hnout z Google play<\/a><\/td>\n<td><\/td>\n<td><\/td>\n<\/tr>\n<tr>\n<td>Era<\/td>\n<td><a href=\"https:\/\/www.erasvet.cz\/fyzicke-osoby\/ostatni\/stranky\/smartbanking\/popis.aspx\">Era smartbanking<\/a><\/td>\n<td><a href=\"http:\/\/itunes.apple.com\/us\/app\/era-smartbanking\/id488750587?ls=1&amp;mt=8\">St\u00e1hnout z App store<\/a><\/td>\n<td><a href=\"http:\/\/market.android.com\/details?id=cz.csob.smartbanking.era\">St\u00e1hnout z Google play<\/a><\/td>\n<td><a href=\"http:\/\/apps.microsoft.com\/windows\/cs-CZ\/app\/era-smartbanking\/8ea0f327-00da-4999-a8db-d5aaebbdb7bd\">St\u00e1hnout z Windows Store<\/a><\/td>\n<td><a href=\"http:\/\/www.windowsphone.com\/en-US\/apps\/40cccda4-7acd-4ade-9d3c-05d43562dc85\">odkaz na str\u00e1nku aplikace<\/a><\/td>\n<\/tr>\n<tr>\n<td>Fio banka<\/td>\n<td><a href=\"http:\/\/www.fio.cz\/bankovni-sluzby\/smartbanking\">Smartbanking<\/a><\/td>\n<td><a href=\"https:\/\/itunes.apple.com\/cz\/app\/fio-banka-smartbanking\/id438668381?mt=8\">St\u00e1hnout z App store<\/a><\/td>\n<td><a href=\"https:\/\/play.google.com\/store\/apps\/details?id=cz.ulikeit.fio&amp;feature=search_result\">St\u00e1hnout z Google play<\/a><\/td>\n<td><\/td>\n<td><a href=\"http:\/\/www.windowsphone.com\/cs-cz\/store\/app\/fio-banka-smartbanking\/23a501b9-de19-43dc-ba20-96a499296b03\">odkaz na str\u00e1nku aplikace<\/a><\/td>\n<\/tr>\n<tr>\n<td>Komer\u010dn\u00ed banka<\/td>\n<td><a href=\"http:\/\/www.kb.cz\/cs\/lide\/obcane\/mobilni-banka-2.shtml\">Mobiln\u00ed banka 2<\/a><\/td>\n<td><a href=\"http:\/\/itunes.apple.com\/sk\/app\/mobilni-banka-2\/id447750755\">St\u00e1hnout z App store<\/a><\/td>\n<td><a href=\"https:\/\/play.google.com\/store\/apps\/details?id=eu.inmite.prj.kb.mobilbank\">St\u00e1hnout z Google play<\/a><\/td>\n<td><\/td>\n<td><a href=\"http:\/\/www.windowsphone.com\/cs-cz\/store\/app\/mobiln%C3%AD-banka-2\/9b0d85fa-5f9f-4d37-870a-3cbb61a06a94\">odkaz na str\u00e1nku aplikace<\/a><\/td>\n<\/tr>\n<tr>\n<td>Raiffeisen bank<\/td>\n<td><a href=\"http:\/\/www.rb.cz\/osobni-finance\/bezne-ucty\/prime-bankovnictvi\/mobilni-bankovnictvi\/\">Mobiln\u00ed bankovnictv\u00ed<\/a><\/td>\n<td><a href=\"https:\/\/itunes.apple.com\/us\/app\/raiffeisenbank-cz-mobilni\/id538751727?ls=1&amp;mt=8\">St\u00e1hnout z App store<\/a><\/td>\n<td><a href=\"https:\/\/play.google.com\/store\/apps\/details?id=cz.rb.app.smartphonebanking\">St\u00e1hnout z Google play<\/a><\/td>\n<td><\/td>\n<td><\/td>\n<\/tr>\n<tr>\n<td>ZUNO<\/td>\n<td><a href=\"https:\/\/www.zuno.cz\/mobilebanking\/\">Mobile Banking<\/a><\/td>\n<td><a href=\"https:\/\/itunes.apple.com\/us\/app\/zuno-mobile-banking-cz\/id568892556?mt=8\">St\u00e1hnout z App store<\/a><\/td>\n<td><a href=\"https:\/\/play.google.com\/store\/apps\/details?id=com.zentity.android.zuno.cz\">St\u00e1hnout z Google play<\/a><\/td>\n<td><a href=\"http:\/\/www.windowsphone.com\/cs-cz\/store\/app\/zuno-mobile-banking-cz\/01e70603-1ff5-4136-85a3-2982a48a2a09\">St\u00e1hnout z Windows Store<\/a><\/td>\n<td><a href=\"http:\/\/www.windowsphone.com\/cs-cz\/store\/app\/zuno-mobile-banking-cz\/01e70603-1ff5-4136-85a3-2982a48a2a09\">odkaz na str\u00e1nku aplikace<\/a><\/td>\n<\/tr>\n<\/tbody>\n<\/table>\n<p>&nbsp;<\/p>\n<p>Pokud pou\u017e\u00edv\u00e1te zde uvedenou aplikaci v mobilu (tabletu), tak si to tam najd\u011bte. Informace k aplikac\u00edm a jejich n\u00e1hledy najdete na odkazech ke sta\u017een\u00ed nebo l\u00e9pe na str\u00e1nk\u00e1ch bank.<\/p>\n<p>Zaplacen\u00ed pomoc\u00ed \u201eobr\u00e1zku\u201d aplikac\u00ed banky je tot\u00e9\u017e, jak placen\u00ed slo\u017eenkou, p\u0159evodem z \u00fa\u010dtu. Pen\u00edze banka nep\u0159ev\u00e1d\u00ed okam\u017eit\u011b, pokud v nastaven\u00ed nezatrhnete n\u011bco jako \u201eokam\u017eit\u00e1 platba\u201d jestli to banka umo\u017e\u0148uje. Z obr\u00e1zku se na\u010dtou p\u0159edem zadan\u00fd \u00fadaje do formul\u00e1\u0159e v aplikaci, \u017ee je nemus\u00edte ru\u010dn\u011b vypl\u0148ovat, tak zad\u00e1n\u00ed p\u0159\u00edkazu k p\u0159evodu pen\u011bz trv\u00e1 do p\u016fl minuty.<\/p>\n<p>&nbsp;<\/p>\n<p>Obr\u00e1zky usnad\u0148uj\u00edc\u00ed p\u0159evody si m\u016f\u017eete vytvo\u0159it t\u0159eba na tomhle odkazu \u010cSOB\u00a0<a href=\"https:\/\/www.erasvet.cz\/informace-k-produktum\/qr-platba.aspx\" target=\"_blank\">Gener\u00e1tor QR k\u00f3du<\/a>\u00a0(\u0161ifrovan\u00fd spojen\u00ed) nebo na\u00a0<a href=\"http:\/\/qr-platba.cz\/generator\/\" target=\"_blank\">QR Platby<\/a>\u00a0(ne\u0161ifrovan\u00fd spojen\u00ed).<\/p>\n","protected":false},"excerpt":{"rendered":"<p>Banky podporuj\u00edc\u00ed QR platbu prost\u0159ednictv\u00edm sv\u00fdch aplikac\u00ed: &nbsp; &nbsp; N\u00e1zev banky N\u00e1zev mobiln\u00ed aplikace St\u00e1hnout z App Store (iPhone) St\u00e1hnout z Google Play (Android) St\u00e1hnout z Windows Store (Windows 10) Windows Phone Store Air bank Mobiln\u00ed bankovnictv\u00ed St\u00e1hnout z App store St\u00e1hnout z Google play odkaz na str\u00e1nku aplikace \u010cesk\u00e1 spo\u0159itelna Servis 24 St\u00e1hnout z [&hellip;]<\/p>\n","protected":false},"author":1,"featured_media":0,"parent":0,"menu_order":0,"comment_status":"closed","ping_status":"closed","template":"","meta":{"footnotes":""},"class_list":["post-7554","page","type-page","status-publish","hentry"],"_links":{"self":[{"href":"https:\/\/vicnezbuh.cz\/wordpress\/wp-json\/wp\/v2\/pages\/7554","targetHints":{"allow":["GET"]}}],"collection":[{"href":"https:\/\/vicnezbuh.cz\/wordpress\/wp-json\/wp\/v2\/pages"}],"about":[{"href":"https:\/\/vicnezbuh.cz\/wordpress\/wp-json\/wp\/v2\/types\/page"}],"author":[{"embeddable":true,"href":"https:\/\/vicnezbuh.cz\/wordpress\/wp-json\/wp\/v2\/users\/1"}],"replies":[{"embeddable":true,"href":"https:\/\/vicnezbuh.cz\/wordpress\/wp-json\/wp\/v2\/comments?post=7554"}],"version-history":[{"count":15,"href":"https:\/\/vicnezbuh.cz\/wordpress\/wp-json\/wp\/v2\/pages\/7554\/revisions"}],"predecessor-version":[{"id":7559,"href":"https:\/\/vicnezbuh.cz\/wordpress\/wp-json\/wp\/v2\/pages\/7554\/revisions\/7559"}],"wp:attachment":[{"href":"https:\/\/vicnezbuh.cz\/wordpress\/wp-json\/wp\/v2\/media?parent=7554"}],"curies":[{"name":"wp","href":"https:\/\/api.w.org\/{rel}","templated":true}]}}