{"id":7523,"date":"2016-02-14T15:38:02","date_gmt":"2016-02-14T14:38:02","guid":{"rendered":"http:\/\/vicnezbuh.cz\/wordpress\/?page_id=7523"},"modified":"2026-01-13T21:56:07","modified_gmt":"2026-01-13T20:56:07","slug":"cenik","status":"publish","type":"page","link":"https:\/\/vicnezbuh.cz\/wordpress\/cenik\/","title":{"rendered":"cen\u00edk &#8211; Vyb\u00edr\u00e1m hardware, software a slu\u017eby pro V\u00e1s, jako bych si je kupoval s\u00e1m pro sebe!"},"content":{"rendered":"<p>[vc_row rt_row_background_width=&#8220;default&#8220; rt_row_style=&#8220;alt-style-2&#8243; rt_row_borders=&#8220;&#8220; rt_row_paddings=&#8220;true&#8220; rt_bg_effect=&#8220;parallax&#8220; rt_bg_parallax_effect=&#8220;1&#8243; rt_bg_image_repeat=&#8220;repeat&#8220; rt_bg_size=&#8220;auto auto&#8220; rt_bg_position=&#8220;right top&#8220; rt_bg_video_format=&#8220;self-hosted&#8220;][vc_column rt_wrp_col_paddings=&#8220;false&#8220; rt_border_top=&#8220;&#8220; rt_border_bottom=&#8220;&#8220; rt_border_left=&#8220;&#8220; rt_border_right=&#8220;&#8220; rt_border_top_mobile=&#8220;&#8220; rt_border_bottom_mobile=&#8220;&#8220; rt_border_left_mobile=&#8220;&#8220; rt_border_right_mobile=&#8220;&#8220; rt_bg_image_repeat=&#8220;repeat&#8220; rt_bg_size=&#8220;auto auto&#8220; rt_bg_position=&#8220;right top&#8220; rt_bg_attachment=&#8220;scroll&#8220;]\n\t\t\t\t<div  class=\"banner withbutton clearfix\" data-rt-animate=\"animate\" data-rt-animation-type=\"fadeIn\" data-rt-animation-group=\"single\" >\n\t\t\t\t\t<div class=\"featured_text\">\n\t\t\t\t\t\t<h3 style=\"text-align: center;\">\u261e Ned\u011bl\u00e1m servis u v\u00e1s doma nebo ve firm\u011b, nejsem te\u010f na Doma\u017elicku.<\/h3>\n\n\t\t\t\t\t<\/div>\n\t\t\t\t\t<div class=\"button_holder\"><div>\n\t\t\t<div class=\"button_wrapper \"><a  href=\"https:\/\/vicnezbuh.cz\/wordpress\/index.php\/kontakt\/\" target=\"_self\" title=\"Napi\u0161te co pot\u0159ebujete a j\u00e1 se ozvu.\" class=\"button_  color medium\"><span class=\"icon-mail-2\"><\/span>Kontakt<\/a><\/div>\n\t\t<\/div><\/div>\t\t\t\t\n\t\t\t\t<\/div>\n\t\t\t[\/vc_column][\/vc_row][vc_row rt_row_background_width=&#8220;default&#8220; rt_row_style=&#8220;default-style&#8220; rt_row_borders=&#8220;&#8220; rt_row_paddings=&#8220;true&#8220; rt_bg_effect=&#8220;classic&#8220; rt_bg_image_repeat=&#8220;repeat&#8220; rt_bg_size=&#8220;cover&#8220; rt_bg_position=&#8220;right top&#8220; rt_bg_attachment=&#8220;scroll&#8220; rt_bg_video_format=&#8220;self-hosted&#8220;][vc_column rt_wrp_col_paddings=&#8220;false&#8220; rt_border_top=&#8220;&#8220; rt_border_bottom=&#8220;&#8220; rt_border_left=&#8220;&#8220; rt_border_right=&#8220;&#8220; rt_border_top_mobile=&#8220;&#8220; rt_border_bottom_mobile=&#8220;&#8220; rt_border_left_mobile=&#8220;&#8220; rt_border_right_mobile=&#8220;&#8220; rt_bg_image_repeat=&#8220;repeat&#8220; rt_bg_size=&#8220;auto auto&#8220; rt_bg_position=&#8220;right top&#8220; rt_bg_attachment=&#8220;scroll&#8220;]<div class=\"rt_heading_wrapper style-3\">\n\t\t\t\t\t\t<h2 class=\"rt_heading  style-3\" >Cena za slu\u017eby kolem webov\u00fdch str\u00e1nek<\/h2>\n\t\t\t\t\t<\/div>[vc_cta h2=&#8220;Webov\u00e9 str\u00e1nky d\u011bl\u00e1m pro ty, kte\u0159\u00ed necht\u011bj\u00ed platit jin\u00fdm velk\u00e9 pen\u00edze.&#8220; h4=&#8220;Takt\u00e9\u017e chci zaplatit p\u0159edem jako jin\u00ed, ale a\u017e po domluv\u011b.&#8220; txt_align=&#8220;center&#8220; shape=&#8220;square&#8220; style=&#8220;flat&#8220; color=&#8220;turquoise&#8220; css_animation=&#8220;appear&#8220;]<\/p>\n<h6>Volnou dom\u00e9nu (adresu str\u00e1nek) si ov\u011b\u0159te na str\u00e1nce <a href=\"http:\/\/www.nic.cz\/\" target=\"_blank\" rel=\"noopener noreferrer\">nic.cz<\/a> v ok\u00e9nku \u201e<label for=\"q\"><a href=\"http:\/\/www.nic.cz\/\">VYHLED\u00c1V\u00c1N\u00cd V REGISTRU<\/a>\u201d.<\/label><\/h6>\n<p>[\/vc_cta]<div id=\"\" class=\"pricing_table service \" data-rt-animation-group=\"group\"><div id=\"\" class=\"table_wrap  \" data-rt-animate=\"animate\" data-rt-animation-type=\"fadeInDown\"><ul>\n\t\t<li class=\"caption\">\n\t\t\t<div class=\"title\">Statick\u00e9 str\u00e1nky\n\t<small>\n\t\tjednoduch\u00e9 bez datab\u00e1ze, PHP a ASP.NET \n\t<\/small>\n\t<\/div>\n\t\t<\/li>\n\t\t\n\t\t<li class=\"price\">\n\t\t\t<div>\n\t\t\t\t<span>od 2500,- K\u010d<\/span>\n\t\t\t<\/div>\n\t\t<\/li>\n\t\t<li class=\"start_position\">Statick\u00e9 str\u00e1nky s vlo\u017een\u00fdm obsahem\u00a0pro OSV\u010c, firmy<\/li>\n<li>Dom\u00e9na<\/li>\n<li>Prostor pro str\u00e1nky<\/li>\n<li>e-mail (5 GB)<\/li>\n<li>cena na dal\u0161\u00ed rok 660,- K\u010d<\/li>\n<li>uk\u00e1zka <a href=\"http:\/\/mobil.vicnezbuh.cz\" target=\"_blank\" rel=\"noopener noreferrer\">mobil.vicnezbuh.cz<\/a><\/li>\n<li>drobn\u00e9 \u00fapravy zdarma po cel\u00fd rok<\/li>\n<li><div class=\"button_wrapper \"><a  href=\"https:\/\/vicnezbuh.cz\/wordpress\/informace-pred-objednanim\/\" target=\"_self\" title=\"Pokra\u010dovat\" class=\"button_  default medium\"><span class=\"icon-basket\"><\/span>Pokra\u010dovat<\/a><\/div><\/li>\n<\/ul>\n<\/div><div id=\"\" class=\"table_wrap highlight \" data-rt-animate=\"animate\" data-rt-animation-type=\"fadeInDown\"><ul>\n\t\t<li class=\"caption\">\n\t\t\t<div class=\"title\">Str\u00e1nky ze \u0161ablony\n\t<small>\n\t\tzprovozn\u011bn\u00ed + ro\u010dn\u00ed poplatek v cen\u011b \n\t<\/small>\n\t<\/div>\n\t\t<\/li>\n\t\t\n\t\t<li class=\"price\">\n\t\t\t<div>\n\t\t\t\t<span>1500,- K\u010d<\/span>\n\t\t\t<\/div>\n\t\t<\/li>\n\t\t<li class=\"start_position\"><span title=\"Str\u00e1nky zalo\u017een\u00e9 na syst\u00e9mu WordPress nebo BlogEngine.NET editovateln\u00e9 skrz prohl\u00ed\u017ee\u010d str\u00e1nek po p\u0159ihl\u00e1\u0161en\u00ed.\" data-toggle=\"tooltip\" data-placement=\"left\">Blog, str\u00e1nky<\/span><\/li>\n<li>Dom\u00e9na (+subdom\u00e9ny zdarma)<\/li>\n<li>Prostor pro str\u00e1nky (hosting)<\/li>\n<li>E-mail na zvolen\u00e9 dom\u00e9n\u011b<\/li>\n<li>Str\u00e1nky ze <a href=\"https:\/\/cs.wordpress.org\/themes\/browse\/popular\/\" target=\"_blank\" rel=\"noopener noreferrer\">\u0161ablony<\/a>\u00a0(bez \u00faprav)<\/li>\n<li>Obsah str\u00e1nek si vlo\u017e\u00edte po p\u0159ihl\u00e1\u0161en\u00ed heslem skrz webov\u00fd prohl\u00ed\u017ee\u010d po\u010d\u00edta\u010de, tabletu i mobilu.<\/li>\n<li>Na str\u00e1nky si m\u016f\u017eete vkl\u00e1dat reklamu a t\u00edm si m\u016f\u017eete vyd\u011blat na jejich provoz.<\/li>\n<li><div class=\"button_wrapper \"><a  href=\"https:\/\/vicnezbuh.cz\/wordpress\/informace-pred-objednanim\/\" target=\"_self\" title=\"Pokra\u010dovat\" class=\"button_  default medium\"><span class=\"icon-basket\"><\/span>Pokra\u010dovat<\/a><\/div><\/li>\n<\/ul>\n<\/div><div id=\"\" class=\"table_wrap  \" data-rt-animate=\"animate\" data-rt-animation-type=\"fadeInDown\"><ul>\n\t\t<li class=\"caption\">\n\t\t\t<div class=\"title\">Str\u00e1nky ze \u0161ablony\n\t<small>\n\t\tzprovozn\u011bn\u00ed + ro\u010dn\u00ed poplatek v cen\u011b \n\t<\/small>\n\t<\/div>\n\t\t<\/li>\n\t\t\n\t\t<li class=\"price\">\n\t\t\t<div>\n\t\t\t\t<span>od 5000,- K\u010d<\/span>\n\t\t\t<\/div>\n\t\t<\/li>\n\t\t<li class=\"start_position\"><span title=\"Str\u00e1nky zalo\u017een\u00e9 na syst\u00e9mu WordPress editovateln\u00e9 skrz webov\u00fd prohl\u00ed\u017ee\u010d str\u00e1nek po p\u0159ihl\u00e1\u0161en\u00ed.\" data-toggle=\"tooltip\" data-placement=\"left\">Str\u00e1nky s vlo\u017een\u00fdm obsahem\u00a0pro OSV\u010c, firmy, spolky,..<\/span><\/li>\n<li>Dom\u00e9na (+subdom\u00e9ny zdarma)<\/li>\n<li>Prostor pro str\u00e1nky (hosting)<\/li>\n<li>E-mail na zvolen\u00e9 dom\u00e9n\u011b<\/li>\n<li>Obsah str\u00e1nek lze m\u011bnit a vkl\u00e1dat po p\u0159ihl\u00e1\u0161en\u00ed heslem skrz webov\u00fd prohl\u00ed\u017ee\u010d PC, tabletu i mobilu.<\/li>\n<li>drobn\u00e9 \u00fapravy zdarma po cel\u00fd rok<\/li>\n<li><div class=\"button_wrapper \"><a  href=\"https:\/\/vicnezbuh.cz\/wordpress\/informace-pred-objednanim\/\" target=\"_self\" title=\"Pokra\u010dovat\" class=\"button_  default medium\"><span class=\"icon-basket\"><\/span>Pokra\u010dovat<\/a><\/div><\/li>\n<\/ul>\n<\/div><div id=\"\" class=\"table_wrap  \" data-rt-animate=\"animate\" data-rt-animation-type=\"fadeInDown\"><ul>\n\t\t<li class=\"caption\">\n\t\t\t<div class=\"title\">Vlastn\u00ed blog, str\u00e1nky\n\t<small>\n\t\tP\u0159edplacen\u00ed slu\u017eby na rok \n\t<\/small>\n\t<\/div>\n\t\t<\/li>\n\t\t\n\t\t<li class=\"price\">\n\t\t\t<div>\n\t\t\t\t<span>480,- K\u010d<\/span>\n\t\t\t<\/div>\n\t\t<\/li>\n\t\t<li class=\"start_position\"><span title=\"P\u0159edplacen\u00ed slu\u017eeb u hostingov\u00e9 firmy na rok (dom\u00e9na, prostor pro str\u00e1nky, e-mail). \" data-toggle=\"tooltip\" data-placement=\"left\">Poplatek za ro\u010dn\u00ed obdob\u00ed hostingov\u00e9 firm\u011b (dom\u00e9na, prostor pro str\u00e1nky, e-mail).<\/span><\/li>\n<li>Je to jen do\u010dasn\u00e1 nab\u00eddka slevy u firmy <a href=\"https:\/\/www.wedos.cz\/webhosting?ap=Ghi75A\">Wedos<\/a>\u00a0pro nov\u00e9 registrace.<\/li>\n<li>Nezapome\u0148te si zvolit d\u00e1rek dom\u00e9na zdarma ve formul\u00e1\u0159i registrace!<\/li>\n<li>Levn\u011bj\u0161\u00ed hosting pro vlastn\u00ed str\u00e1nky s e-mailem jsem nena\u0161el.<\/li>\n<li>Plat\u00edte tam, vypom\u016f\u017eu s nastaven\u00edm<\/li>\n<li><div class=\"button_wrapper \"><a  href=\"https:\/\/www.wedos.cz\/webhosting?ap=Ghi75A\" target=\"_self\" title=\"Zaregistrovat se slevou\" class=\"button_  default medium\"><span class=\"icon-basket\"><\/span>Zaregistrovat se slevou<\/a><\/div><\/li>\n<\/ul>\n<\/div><\/div>[vc_column_text]<\/p>\n<h1><\/h1>\n<p>Pokud se nevyzn\u00e1te v tomhle oboru, tak ten okec n\u00ed\u017ee ani ne\u010dt\u011bte. M\u011b sta\u010d\u00ed od v\u00e1s jen zn\u00e1t po\u017eadovanou internetovou adresu (www.n\u011bco.cz) a zaplatit. Cukr\u00e1\u0159ky bych se taky neptal na postup a v\u011bci kolem p\u0159\u00edpravy objednan\u00fdho dortu, kdy\u017e tomu nerozum\u00edm.<\/p>\n<p>Abyste m\u011bli svoje str\u00e1nky ve tvaru neco.cz (www.neco.cz) pot\u0159ebujete si zaplatit dom\u00e9nu a prostor (hosting). M\u011b to stoj\u00ed zhruba 1200 K\u010d ro\u010dn\u011b u <a href=\"https:\/\/www.active24.cz\/\" target=\"_blank\" rel=\"noopener noreferrer\">Active24<\/a>. Pokud nepot\u0159ebujete ASP.NET a MSSQL, tak sta\u010d\u00ed hosting od <a href=\"http:\/\/hosting.wedos.com\/d\/190217\" target=\"_blank\" rel=\"noopener noreferrer\">WEDOS<\/a>.\u00a0 \u00a0Vyu\u017eijte kupon pro 70% slevu (v dob\u011b psan\u00ed) u <a href=\"https:\/\/www.wedos.cz\/webhosting?ap=Ghi75A\" target=\"_blank\" rel=\"noopener noreferrer\">WEDOS<\/a>\u00a0 na hosting\u00a0 k\u00f3d <strong>WN261XF6K6<\/strong>\u00a0.<\/p>\n<p><strong>Jestli si um\u00edst\u011bte na str\u00e1nky reklamu, tak v\u00e1s str\u00e1nky nemus\u00ed st\u00e1t t\u0159eba nic, pokud bude velk\u00e1 n\u00e1v\u0161t\u011bvnost a lid\u00e9 si ze zv\u011bdavosti kliknou na onu reklamu. <\/strong>Ze zbytku vyd\u011blan\u00fdch pen\u011bz si m\u016f\u017eete naopak reklamu zadat, aby v\u00e1m p\u0159il\u00e1kala n\u00e1v\u0161t\u011bvn\u00edky na str\u00e1nky, j\u00e1 to tak d\u011bl\u00e1m.<\/p>\n<p>Str\u00e1nky \u201eze \u0161ablony&#8220; zalo\u017een\u00fd na syst\u00e9mu WordPress, kde si m\u016f\u017eete vyb\u00edrat vzhled str\u00e1nek (<a href=\"https:\/\/wordpress.org\/themes\/browse\/popular\/\" target=\"_blank\" rel=\"noopener noreferrer\">uk\u00e1zky<\/a>) a p\u0159id\u00e1vat obsah skrz webov\u00fd prohl\u00ed\u017ee\u010d nebo mobil, zvl\u00e1dne ka\u017ed\u00fd.<\/p>\n<p>Pokud zam\u00fd\u0161l\u00edte, \u017ee budete p\u0159es sv\u00fd str\u00e1nky okr\u00e1dat nebo sd\u00edlet nez\u00e1konn\u00fd obsah, tak v\u011b\u0159te, \u017ee v\u00e1s dohledat policii ned\u00e1 pr\u00e1ci. Proto mi nevad\u00ed, \u017ee to i z\u0159izuji (registruji) z m\u00e9ho \u00fa\u010dtu na sv\u00e9 jm\u00e9no u hostingov\u00e9 firmy. Jestli to chcete na sebe budete k \u201enalezen\u00ed\u201d z informac\u00ed o dom\u00e9n\u011b. Majitelky blog\u016f t\u00edm zve\u0159ejn\u00ed ka\u017ed\u00e9mu sv\u00e9 jm\u00e9no s p\u0159\u00edjmen\u00edm, adresu bydli\u0161t\u011b a telefonn\u00ed \u010d\u00edslo.<\/p>\n<p>&nbsp;<\/p>\n<p>Da\u0148ov\u00fd doklad nevystavuji, nejsem firma a ani OSV\u010c.\u00a0 A i j\u00e1 chci zaplatit p\u0159edem na \u00fa\u010det nebo \u201ena ruku\u201d jako ostatn\u00ed. Uv\u011bdomte si, \u017ee str\u00e1nky v\u00e1m p\u0159ivedou z\u00e1kazn\u00edky, tedy pen\u00edze pro v\u00e1s nebo jen pot\u011b\u0161en\u00ed ze sv\u00fdch str\u00e1nek.<\/p>\n<p><strong>Jestli se V\u00e1m zdaj\u00ed moje ceny podez\u0159ele n\u00edzk\u00e9 oproti <a href=\"https:\/\/www.google.cz\/search?q=webov\u00e9+str\u00e1nky+cen\u00edk+2016&amp;oq=webov\u00e9+str\u00e1nky+cen\u00edk+2016\" target=\"_blank\" rel=\"noopener noreferrer\">jin\u00fdm<\/a>, kde firmy cht\u011bj\u00ed za vytvo\u0159en\u00fd str\u00e1nky pro firmy \u010di \u00fa\u0159ady \u00a014 000 &#8211; 50 000 K\u010d a v\u00edc, tak m\u00e1te mo\u017enost vyu\u017e\u00edt slu\u017eeb <a href=\"https:\/\/www.google.cz\/search?q=webov\u00e9+str\u00e1nky+cen\u00edk+2016&amp;oq=webov\u00e9+str\u00e1nky+cen\u00edk+2016\" target=\"_blank\" rel=\"noopener noreferrer\">jin\u00fdch<\/a>.<\/strong>[\/vc_column_text][\/vc_column][\/vc_row][vc_row rt_row_background_width=&#8220;default&#8220; rt_row_style=&#8220;default-style&#8220; rt_row_borders=&#8220;&#8220; rt_row_paddings=&#8220;true&#8220; rt_bg_effect=&#8220;classic&#8220; rt_bg_image_repeat=&#8220;repeat&#8220; rt_bg_size=&#8220;cover&#8220; rt_bg_position=&#8220;right top&#8220; rt_bg_attachment=&#8220;scroll&#8220; rt_bg_video_format=&#8220;self-hosted&#8220;][vc_column rt_wrp_col_paddings=&#8220;false&#8220; rt_border_top=&#8220;&#8220; rt_border_bottom=&#8220;&#8220; rt_border_left=&#8220;&#8220; rt_border_right=&#8220;&#8220; rt_border_top_mobile=&#8220;&#8220; rt_border_bottom_mobile=&#8220;&#8220; rt_border_left_mobile=&#8220;&#8220; rt_border_right_mobile=&#8220;&#8220; rt_bg_image_repeat=&#8220;repeat&#8220; rt_bg_size=&#8220;auto auto&#8220; rt_bg_position=&#8220;right top&#8220; rt_bg_attachment=&#8220;scroll&#8220;]<div class=\"rt_heading_wrapper style-3\">\n\t\t\t\t\t\t<h2 class=\"rt_heading  style-3\" >Cena za slu\u017eby kolem po\u010d\u00edta\u010d\u016f a datov\u00fdch s\u00edt\u00ed<\/h2>\n\t\t\t\t\t<\/div>[vc_column_text]Po\u010d\u00edt\u00e1m si 400,- K\u010d za prvn\u00ed hodinu pr\u00e1ce (cesta v cen\u011b), pak 250K\u010d\/h.<\/p>\n<p>Pokud po\u010d\u00edta\u010d, notebook dovezete a pak si ho odvezete, tak to m\u00e1te za m\u00ed\u0148.<\/p>\n<p>Znovu nahr\u00e1n\u00ed syst\u00e9mu MS Windows nebo Linux 500,- K\u010d.<\/p>\n<p>Sestaven\u00ed po\u010d\u00edta\u010de i s nahr\u00e1n\u00edm OS je takt\u00e9\u017e za 500,- K\u010d.<\/p>\n<p>Vzd\u00e1len\u00e1 konfigurace router\u016f, po\u010d\u00edta\u010d\u016f, IP kamer a telefon\u016f za 100 K\u010d. U po\u010d\u00edta\u010d\u016f a server\u016f z\u00e1le\u017e\u00ed na druhu pr\u00e1ce.<\/p>\n<p>Jezd\u00edm na servis t\u00e9m\u011b\u0159 po cel\u00fdm Doma\u017elicku, kousek po Tachovsku a Plze\u0148sku.<\/p>\n<p>Optick\u00fd s\u00edt\u011b u\u017e nestav\u00edm a neopravuji, nem\u00e1m mo\u017enost p\u016fj\u010den\u00ed l\u00e1ma\u010dky\/sv\u00e1\u0159e\u010dky optick\u00fdch vl\u00e1ken.<\/p>\n<p><strong>Je mo\u017en\u00fd, \u017ee jsem u\u017e u v\u00e1s doma, ve firm\u011b \u010di na \u00fa\u0159ad\u011b byl v r\u00e1mci minul\u00e9ho zam\u011bstn\u00e1n\u00ed.<\/strong>[\/vc_column_text][\/vc_column][\/vc_row][vc_row rt_row_background_width=&#8220;default&#8220; rt_row_style=&#8220;default-style&#8220; rt_row_borders=&#8220;&#8220; rt_row_paddings=&#8220;true&#8220; rt_bg_effect=&#8220;classic&#8220; rt_bg_image_repeat=&#8220;repeat&#8220; rt_bg_size=&#8220;cover&#8220; rt_bg_position=&#8220;right top&#8220; rt_bg_attachment=&#8220;scroll&#8220; rt_bg_video_format=&#8220;self-hosted&#8220;][vc_column rt_wrp_col_paddings=&#8220;false&#8220; rt_border_top=&#8220;&#8220; rt_border_bottom=&#8220;&#8220; rt_border_left=&#8220;&#8220; rt_border_right=&#8220;&#8220; rt_border_top_mobile=&#8220;&#8220; rt_border_bottom_mobile=&#8220;&#8220; rt_border_left_mobile=&#8220;&#8220; rt_border_right_mobile=&#8220;&#8220; rt_bg_image_repeat=&#8220;repeat&#8220; rt_bg_size=&#8220;auto auto&#8220; rt_bg_position=&#8220;right top&#8220; rt_bg_attachment=&#8220;scroll&#8220;]<div class=\"rt_heading_wrapper style-3\">\n\t\t\t\t\t\t<h2 class=\"rt_heading  style-3\" >Cena za grafick\u00e9 pr\u00e1ce<\/h2>\n\t\t\t\t\t<\/div>[vc_column_text]Cena za tvorbu let\u00e1k\u016f, plak\u00e1t\u016f a jin\u00fdch grafick\u00fdch n\u00e1vrh\u016f z\u00e1vis\u00ed na pracnosti a ur\u010den\u00ed.<\/p>\n<p>Vzhledem k \u010dasov\u00e9 n\u00e1ro\u010dnosti 3D videoanimac\u00ed chci z\u00e1lohu p\u0159edem.<\/p>\n<p>Po\u010d\u00edt\u00e1m si 1500 K\u010d za hodinu pr\u00e1ce. Programy a jejich aktualizace n\u011bco stoj\u00ed.<\/p>\n<p>Prost\u011b mi nap\u00ed\u0161ete co chcete a kolik jste ochotni za to zaplatit a podle toho si d\u00e1m na tom z\u00e1le\u017eet.<\/p>\n<p>Pou\u017e\u00edv\u00e1m\u00a0<a href=\"http:\/\/www.tkqlhce.com\/click-8090018-12228903-1462799641000\" target=\"_blank\" rel=\"noopener noreferrer\">Xara Web Designer<\/a>,\u00a0\u00a0<a href=\"http:\/\/www.tkqlhce.com\/click-8090018-12194752-1462799657000\" target=\"_blank\" rel=\"noopener noreferrer\">Xara Photo &amp; Graphic Designer<\/a>,\u00a0<a href=\"https:\/\/www.blender.org\/features\/reels\/\">Blender<\/a>\u00a0a jin\u00e9[\/vc_column_text][\/vc_column][\/vc_row]<\/p>\n","protected":false},"excerpt":{"rendered":"<p>[vc_row rt_row_background_width=&#8220;default&#8220; rt_row_style=&#8220;alt-style-2&#8243; rt_row_borders=&#8220;&#8220; rt_row_paddings=&#8220;true&#8220; rt_bg_effect=&#8220;parallax&#8220; rt_bg_parallax_effect=&#8220;1&#8243; rt_bg_image_repeat=&#8220;repeat&#8220; rt_bg_size=&#8220;auto auto&#8220; rt_bg_position=&#8220;right top&#8220; rt_bg_video_format=&#8220;self-hosted&#8220;][vc_column rt_wrp_col_paddings=&#8220;false&#8220; rt_border_top=&#8220;&#8220; rt_border_bottom=&#8220;&#8220; rt_border_left=&#8220;&#8220; rt_border_right=&#8220;&#8220; rt_border_top_mobile=&#8220;&#8220; rt_border_bottom_mobile=&#8220;&#8220; rt_border_left_mobile=&#8220;&#8220; rt_border_right_mobile=&#8220;&#8220; rt_bg_image_repeat=&#8220;repeat&#8220; rt_bg_size=&#8220;auto auto&#8220; rt_bg_position=&#8220;right top&#8220; rt_bg_attachment=&#8220;scroll&#8220;][\/vc_column][\/vc_row][vc_row rt_row_background_width=&#8220;default&#8220; rt_row_style=&#8220;default-style&#8220; rt_row_borders=&#8220;&#8220; rt_row_paddings=&#8220;true&#8220; rt_bg_effect=&#8220;classic&#8220; rt_bg_image_repeat=&#8220;repeat&#8220; rt_bg_size=&#8220;cover&#8220; rt_bg_position=&#8220;right top&#8220; rt_bg_attachment=&#8220;scroll&#8220; rt_bg_video_format=&#8220;self-hosted&#8220;][vc_column rt_wrp_col_paddings=&#8220;false&#8220; rt_border_top=&#8220;&#8220; rt_border_bottom=&#8220;&#8220; rt_border_left=&#8220;&#8220; rt_border_right=&#8220;&#8220; rt_border_top_mobile=&#8220;&#8220; rt_border_bottom_mobile=&#8220;&#8220; rt_border_left_mobile=&#8220;&#8220; rt_border_right_mobile=&#8220;&#8220; rt_bg_image_repeat=&#8220;repeat&#8220; rt_bg_size=&#8220;auto auto&#8220; rt_bg_position=&#8220;right top&#8220; rt_bg_attachment=&#8220;scroll&#8220;][vc_cta h2=&#8220;Webov\u00e9 [&hellip;]<\/p>\n","protected":false},"author":1,"featured_media":0,"parent":0,"menu_order":0,"comment_status":"closed","ping_status":"closed","template":"","meta":{"footnotes":""},"class_list":["post-7523","page","type-page","status-publish","hentry"],"_links":{"self":[{"href":"https:\/\/vicnezbuh.cz\/wordpress\/wp-json\/wp\/v2\/pages\/7523","targetHints":{"allow":["GET"]}}],"collection":[{"href":"https:\/\/vicnezbuh.cz\/wordpress\/wp-json\/wp\/v2\/pages"}],"about":[{"href":"https:\/\/vicnezbuh.cz\/wordpress\/wp-json\/wp\/v2\/types\/page"}],"author":[{"embeddable":true,"href":"https:\/\/vicnezbuh.cz\/wordpress\/wp-json\/wp\/v2\/users\/1"}],"replies":[{"embeddable":true,"href":"https:\/\/vicnezbuh.cz\/wordpress\/wp-json\/wp\/v2\/comments?post=7523"}],"version-history":[{"count":142,"href":"https:\/\/vicnezbuh.cz\/wordpress\/wp-json\/wp\/v2\/pages\/7523\/revisions"}],"predecessor-version":[{"id":8432,"href":"https:\/\/vicnezbuh.cz\/wordpress\/wp-json\/wp\/v2\/pages\/7523\/revisions\/8432"}],"wp:attachment":[{"href":"https:\/\/vicnezbuh.cz\/wordpress\/wp-json\/wp\/v2\/media?parent=7523"}],"curies":[{"name":"wp","href":"https:\/\/api.w.org\/{rel}","templated":true}]}}