{"id":7347,"date":"2016-01-17T07:44:06","date_gmt":"2016-01-17T06:44:06","guid":{"rendered":"http:\/\/vicnezbuh.cz\/wordpress\/?page_id=7347"},"modified":"2021-12-03T22:52:40","modified_gmt":"2021-12-03T21:52:40","slug":"statistika","status":"publish","type":"page","link":"https:\/\/vicnezbuh.cz\/wordpress\/statistika\/","title":{"rendered":"Statistika"},"content":{"rendered":"<p><strong>Google Analytics n\u011bco ze statistiky n\u00e1v\u0161t\u011bv m\u00fdch str\u00e1nek:<\/strong><\/p>\n<p>ministerstvo vnitra cr<br \/>\nczech republic ministerstvo obrany<br \/>\nstatni urad jaderne bezpecnosti<br \/>\nstatni veterinarni sprava ceske republiky<br \/>\ncesky statisticky urad<br \/>\nceska zemedelska univerzita v praze<br \/>\nczech technical university<br \/>\ncharles university in prague<br \/>\nbrno university of technology<br \/>\nmasaryk university<br \/>\nmasarykova univerzita &#8211; ustav vypocetni techniky<br \/>\nmendel university in brno<br \/>\nslezska univerzita v opave<br \/>\ntechnical university of liberec<br \/>\nuniversity of economics prague<br \/>\nuniversity of pardubice<br \/>\nuniversity of south bohemia<br \/>\nzapadoceska univerzita<br \/>\nacademy of sciences of the czech republic<br \/>\nhasicsky zachranny sbor moravskoslezskeho kraje<br \/>\nhasicsky zachranny sbor olomouckeho kraje<br \/>\nministry of industry and trade<br \/>\nministry of labour and social affairs<br \/>\nnational library of the cr<br \/>\nakademie ved cr<br \/>\nnational technical library<br \/>\nuniverzita obrany<br \/>\nvsb &#8211; technical university<br \/>\nvs evropskych a regionalnich studii<br \/>\nczech airlines &#8211; communications dept.<br \/>\nvseobecna fakultni nemocnice v praze<br \/>\nustredni vojenska nemocnice<br \/>\nnemocnice milosrdnych sester sv. karla boromejskeho v praze<br \/>\nnemocnice s poliklinikou havirov<br \/>\nthe university hospital<br \/>\ninstitut klinicke a experimentalni mediciny<br \/>\nuniversity of the aegean<br \/>\nuniversity of oklahoma<br \/>\nuniversita di trento<br \/>\nuniversitat politecnica de valencia<br \/>\nuniverzitet u beogradu<br \/>\nuniversity of notre dame<br \/>\nuniversity of texas system<br \/>\nuniversitaet bamberg<br \/>\nuniversitaet rostock<br \/>\nruhr-universitaet bochum<br \/>\nuniversitas negeri surabaya<br \/>\nuniversity of illinois at chicago<br \/>\nuniversitas negeri yogyakarta<br \/>\nuniversity of zilina<br \/>\nslovak technical university<br \/>\nslovak university of agriculture<br \/>\nalexander dubcek university of trencin<br \/>\ndormitories &amp; catering services tech. university of kosice<br \/>\ncatholic university<br \/>\nvilnius university<br \/>\nsita-societe internationale de telecommunications aeronautiques<br \/>\nsociete internationale de telecommunications aeronautiques<br \/>\nfinancial directorate of the slovak republic<br \/>\nmedical university ilam<br \/>\nrussian scientific center of applied chemistry<br \/>\nsheng kung girls high school<br \/>\nthe world bank office jakarta<br \/>\nmoscow institute of physics and technology<br \/>\nsaint-petersburg state university of information<br \/>\nthe national institute of cardiovascular diseases<br \/>\nuninet(inter-university network)<br \/>\nbirmingham city university<br \/>\nhunyadi matyas szakkepzo es szakkozepiskola<br \/>\ntambov state university<br \/>\nchung yuan christian university<br \/>\ntsinghua university<br \/>\nwojskowa akademia techniczna im. jaroslawa dabrowskiego<br \/>\ncomputer centre of the army of the slovak republic<br \/>\nozbrojene sily slovenskej republiky<br \/>\nministerie van justitie<br \/>\nindian institute of technology madras<br \/>\nlouis pasteur university hospital kosice<br \/>\nvyzkumny ustav vodohospodarsky t.g. masaryka<br \/>\nministero degli affari esteri<br \/>\nmassachusetts institute of technology<br \/>\nnavy network information center (nnic)<br \/>\nsacred heart university<br \/>\nuniversity of chicago<br \/>\nnational aeronautics and space administration<br \/>\nmetropolitan university<br \/>\ndod network information center<br \/>\nlehigh university<br \/>\nair navigation services of the czech republic state enterprise<br \/>\nnpu-uopsc v praze<br \/>\nchongqing technology and business university<br \/>\nkliniken erlabrunn ggmbh<br \/>\nziauddin university<br \/>\ninternational islamic university of malaysia<br \/>\nsprava statnich hmotnych rezerv cr<br \/>\nftip003092682 saudi arabia embassy<br \/>\nvyssi odborna skola odevniho navrharstvi a spso<br \/>\nkrasnoyarsk scientific centre sb ras<br \/>\naustralian department of defence<br \/>\npontificia universid catolica do rio grande do sul<br \/>\nspace systems\/loral inc.<br \/>\nivent ministry of defence<br \/>\ncomenius university bratislava<br \/>\nkaunas university of technology<br \/>\ntomas bata university<br \/>\nuniversity of presov<br \/>\nvseobecna zdravotni pojistovna ceske republiky<br \/>\nsingapore university of technology and design<br \/>\njapan network information center<br \/>\ncorporacion nacional de telecomunicaciones &#8211; cnt ep<br \/>\nministry of education youth and sports<br \/>\nmunicipal office of the city prague<br \/>\nuniversity of trencin<br \/>\npalacky university<br \/>\nvysoka skola hotelova<br \/>\nnarodni ustav dusevniho zdravi<br \/>\nministerstvo obrany &#8211; mericsky ustav<br \/>\nuniversity of veterinary medicine<br \/>\nczech university of life sciences prague<br \/>\nmatej bel university in banska bystrica<br \/>\ngeodesy and cartography institution of slovak republic<br \/>\nfoundation of research and technology hellas<br \/>\nataturk universitesi<br \/>\nuniversite de nice sophia antipolis<br \/>\nvysoka skola chemicko-technologicka<br \/>\ninstitute of chemical physics ras<br \/>\nnational institute of technology rourkela<br \/>\nzarizeni sluzeb pro ministerstvo vnitra<br \/>\nfederal agency for state property management<br \/>\ncesky urad pro zkouseni zbrani a streliva<br \/>\ncolne riaditelstvo slovenskej republiky<br \/>\njusticni akademie<br \/>\nnational agency for network and electronic services<br \/>\nthe joint catholic school of st. vincent de paul levice<br \/>\nthe university of virginia s college at wise<br \/>\nkrajsk hygienick stanice moravskoslezsk ho kraje<br \/>\nthe academy of performing arts bratislava<br \/>\ntechnicka univerzita v liberci<br \/>\nsprava narodniho parku a chranene krajine oblasti<br \/>\nuniversitas padjadjaran<br \/>\nuniversidad de las americas-puebla<br \/>\nwangsu science and technology (us) inc.<br \/>\nministerstvo zahranicnich veci ceske republiky<br \/>\njohannes kepler university<br \/>\njan evangelista purkyne university<br \/>\nconstantine the philosopher university in nitra<br \/>\nceske vysoke uceni technicke v praze<br \/>\ncentralny osrodek informatyki<br \/>\nslovak hydrometeorological institute<br \/>\nministerstvo financi<br \/>\ndepartemen energi dan sumber daya mineral<br \/>\nsecondary vocational school of forestry<br \/>\nsecondary vocational school of information technology<br \/>\nemployment and immigration canada (eic)<br \/>\nzuercher hochschule fuer angewandte wissenschaften zhaw<br \/>\nkonzervator a vyssi odborna skola jaroslava jezka<br \/>\naustrian school network<br \/>\ndogu akdeniz university<br \/>\nuniversity of jyvaskyla<br \/>\np.j.safarik university in kosice<br \/>\nuniversity of pennsylvania<br \/>\nministry of finance of cz<br \/>\nkrajsky urad plzenskeho kraje<br \/>\nkrajsky urad kraj vysocina<br \/>\ntechnische universitaet graz<br \/>\nuniversity of oslo norway<br \/>\nuniversity of economics in bratislava<br \/>\nboard of regents of the university system of georgia<br \/>\nfederal communications commission<br \/>\nscientific-industrial enterprise myst llc<br \/>\neuropean police office (europol)<br \/>\nuniversity of warsaw<br \/>\ncalifornia state university san bernardino<br \/>\nslovak national library in martin<br \/>\nctu sokolovska<br \/>\nczech army<br \/>\nnetwork of airport brno<br \/>\nflorida joint replacement and sports medicine cent<br \/>\nveterinarni a farmaceuticka univerzita<br \/>\nindian institute of technology roorkee<br \/>\nss a vos aplikovane kybernetiky<br \/>\nchech embassy network infrastructure in moscow<br \/>\nvysoka skola ekonomicka v praze<br \/>\ncern campus dynamic addresses<br \/>\nceska sprava socialniho zabezpeceni<br \/>\ntechnische universitaet chemnitz<br \/>\nthe slovak republic government office<br \/>\naustrian parliament &#8211; directorate<br \/>\nchildren?s university hospital bratislava<br \/>\nstredni prumyslova skola na proseku<br \/>\nacademic computer centre cyfronet agh<br \/>\nnational bank of slovakia<br \/>\nvysoka skola banska &#8211; technicka univerzita ostrava<br \/>\nuniverzita karlova lekarska fakulta v plzni<br \/>\ndiplomaticky servis<br \/>\nplzensky kraj urzad<br \/>\nevangelische hochschule berlin<br \/>\nministry of health of czech republic<br \/>\nuniversiti sains malaysia penang malaysia<br \/>\nmendelova univerzita v brne<br \/>\ncomsats (commission on science and technology<br \/>\nministerstvo spravodlivosti sr<br \/>\nwroclaw centre of networking and supercomputing<br \/>\nceska televize segment 1<br \/>\ndormitories &amp; catering services tech. university of kosice<br \/>\nkrajsky urad moravskoslezskeho kraje<br \/>\nceska republika &#8211; generalni financni reditelstvi<br \/>\ncesky urad zememericky a katastralni<br \/>\nceska televize segment 1<br \/>\nctu sokolovska<br \/>\npolicie cr<\/p>\n<p>&nbsp;<\/p>\n<p>&nbsp;<\/p>\n<p><strong>N\u00e1v\u0161t\u011bvy sv\u011btov\u00fdch firem nejsou pro m\u011b zaj\u00edmav\u00e9 ve statistice.<\/strong><\/p>\n<footer>\n<p class=\"text-center\">\n<\/footer>\n","protected":false},"excerpt":{"rendered":"<p>Google Analytics n\u011bco ze statistiky n\u00e1v\u0161t\u011bv m\u00fdch str\u00e1nek: ministerstvo vnitra cr czech republic ministerstvo obrany statni urad jaderne bezpecnosti statni veterinarni sprava ceske republiky cesky statisticky urad ceska zemedelska univerzita v praze czech technical university charles university in prague brno university of technology masaryk university masarykova univerzita &#8211; ustav vypocetni techniky mendel university in brno [&hellip;]<\/p>\n","protected":false},"author":1,"featured_media":0,"parent":0,"menu_order":0,"comment_status":"closed","ping_status":"closed","template":"","meta":{"footnotes":""},"class_list":["post-7347","page","type-page","status-publish","hentry"],"_links":{"self":[{"href":"https:\/\/vicnezbuh.cz\/wordpress\/wp-json\/wp\/v2\/pages\/7347","targetHints":{"allow":["GET"]}}],"collection":[{"href":"https:\/\/vicnezbuh.cz\/wordpress\/wp-json\/wp\/v2\/pages"}],"about":[{"href":"https:\/\/vicnezbuh.cz\/wordpress\/wp-json\/wp\/v2\/types\/page"}],"author":[{"embeddable":true,"href":"https:\/\/vicnezbuh.cz\/wordpress\/wp-json\/wp\/v2\/users\/1"}],"replies":[{"embeddable":true,"href":"https:\/\/vicnezbuh.cz\/wordpress\/wp-json\/wp\/v2\/comments?post=7347"}],"version-history":[{"count":69,"href":"https:\/\/vicnezbuh.cz\/wordpress\/wp-json\/wp\/v2\/pages\/7347\/revisions"}],"predecessor-version":[{"id":8374,"href":"https:\/\/vicnezbuh.cz\/wordpress\/wp-json\/wp\/v2\/pages\/7347\/revisions\/8374"}],"wp:attachment":[{"href":"https:\/\/vicnezbuh.cz\/wordpress\/wp-json\/wp\/v2\/media?parent=7347"}],"curies":[{"name":"wp","href":"https:\/\/api.w.org\/{rel}","templated":true}]}}