{"id":70,"date":"2015-11-08T14:35:53","date_gmt":"2015-11-08T13:35:53","guid":{"rendered":"http:\/\/vicnezbuh.cz\/wordpress\/?page_id=70"},"modified":"2019-02-18T07:03:57","modified_gmt":"2019-02-18T06:03:57","slug":"pc-hry","status":"publish","type":"page","link":"https:\/\/vicnezbuh.cz\/wordpress\/pc-hry\/","title":{"rendered":"PC hry"},"content":{"rendered":"<h1><span style=\"text-decoration: underline;\">PC hry zdarma:<\/span><\/h1>\n<h2>Loadout<\/h2>\n<p>Dal\u0161\u00ed dobr\u00e1 hra je t\u0159eba Loadout odkaz na sta\u017een\u00ed: <a href=\"http:\/\/www.loadout.com\" target=\"_blank\" rel=\"noopener\">(zde)<\/a>\u00a0nebo <a href=\"http:\/\/store.steampowered.com\/app\/208090\/\" target=\"_blank\" rel=\"noopener\">Steam<\/a><\/p>\n<p>uk\u00e1zka ze hry: <a href=\"http:\/\/youtu.be\/IFjk91WxERc\" target=\"_blank\" rel=\"noopener\">video<\/a><\/p>\n<p>Online st\u0159\u00edle\u010dka zdarma, kter\u00e1 se hraje p\u0159es Steam.<\/p>\n<p><strong>Hern\u00ed servery byly vypnuty, dopad v\u00fdmyslu EU GDPR.<\/strong><\/p>\n<p><img decoding=\"async\" src=\"http:\/\/b2.raptrcdn.com\/img\/screenshots\/orig\/2e7db5ba0f5dd0c0b87654af4c30e07b.adf5cc42e4fe6d83dbb4198d95d227e2.jpeg\" alt=\"Loadout\" width=\"600px\" \/><\/p>\n<p><iframe loading=\"lazy\" src=\"https:\/\/www.youtube.com\/embed\/IFjk91WxERc\" width=\"560\" height=\"315\" frameborder=\"0\" allowfullscreen=\"allowfullscreen\"><\/iframe><\/p>\n<hr \/>\n<p>&nbsp;<\/p>\n<h3>Wing Commander Saga: The Darkest Dawn<\/h3>\n<p>str\u00e1nky: <a href=\"http:\/\/www.wcsaga.com\" target=\"_blank\" rel=\"noopener\">www.wcsaga.com<\/a><\/p>\n<p>sta\u017een\u00ed (download): <a href=\"http:\/\/www.wcsaga.com\/downloads\/files\/download\/releases-darkest-dawn-setup-zip.html\" target=\"_blank\" rel=\"noopener\">odkaz<\/a><\/p>\n<p><object style=\"width: 560px; height: 341px;\" width=\"300\" height=\"150\"><param name=\"movie\" value=\"http:\/\/www.youtube.com\/v\/evJ64Y_3p9M?version=3&amp;feature=player_detailpage\" \/><param name=\"allowFullScreen\" value=\"true\" \/><param name=\"allowScriptAccess\" value=\"always\" \/><embed height=\"341\" type=\"application\/x-shockwave-flash\" width=\"560\" src=\"http:\/\/www.youtube.com\/v\/evJ64Y_3p9M?version=3&amp;feature=player_detailpage\" allowscriptaccess=\"always\" allowfullscreen=\"allowfullscreen\" \/><\/object><\/p>\n<hr \/>\n<p>&nbsp;<\/p>\n<h2>Alien Arena<\/h2>\n<p>stahnout: <a href=\"http:\/\/red.planetarena.org\/aquire.html\" target=\"_blank\" rel=\"noopener\">odkaz<\/a> \u00a0(327 MB)<\/p>\n<p><iframe loading=\"lazy\" src=\"http:\/\/www.youtube.com\/embed\/UlNVWIsq6dk\" width=\"560\" height=\"560\" frameborder=\"0\" allowfullscreen=\"allowfullscreen\"><\/iframe><\/p>\n<hr \/>\n<p>&nbsp;<\/p>\n<h3>Ghost Recon Online<\/h3>\n<p>str\u00e1nka:\u00a0<a href=\"http:\/\/ghost-recon.ubi.com\/ghost-recon-online\/en-GB\/home\/index.aspx\" target=\"_blank\" rel=\"noopener\">Ghost Recon Online<\/a><br \/>\nOnline st\u0159\u00edle\u010dka zdarma, zaregistrovat se nebo p\u0159ihl\u00e1sit, st\u00e1hnout a hr\u00e1t.<\/p>\n<p><iframe loading=\"lazy\" src=\"http:\/\/www.youtube.com\/embed\/47XpqJU-gw8\" width=\"560\" height=\"560\" frameborder=\"0\" allowfullscreen=\"allowfullscreen\"><\/iframe><\/p>\n<hr \/>\n<p>&nbsp;<\/p>\n<p>Dal\u0161\u00ed online hra pro v\u00edce hr\u00e1\u010d\u016f a zdarma je Unreal Tournament (<a href=\"https:\/\/www.unrealtournament.com\/\" target=\"_blank\" rel=\"noopener\">odkaz<\/a>)<\/p>\n<hr \/>\n<p>&nbsp;<\/p>\n<h1><span style=\"text-decoration: underline;\">Placen\u00e9 Hry:<\/span><\/h1>\n<p>&nbsp;<\/p>\n<h2>Star Citizen<\/h2>\n<p>str\u00e1nky: <a id=\"MainContent_HyperLink18\" href=\"https:\/\/robertsspaceindustries.com\/enlist?referral=STAR-WG2P-76P4\" target=\"_blank\" rel=\"noopener\">www.robertsspaceindustries.com<\/a><\/p>\n<p>uk\u00e1zka ze hry: <a id=\"MainContent_HyperLink22\" href=\"http:\/\/youtu.be\/uva12bodsLg\" target=\"_blank\" rel=\"noopener\">video<\/a><\/p>\n<p>Star Citizen je hra vesm\u00edrn\u00fd st\u0159\u00edle\u010dky a dob\u00edv\u00e1n\u00ed planet.<\/p>\n<p><img decoding=\"async\" src=\"http:\/\/vicnezbuh.cz\/star_citizen.jpg\" alt=\"Star Citizen\" width=\"600px\" \/><\/p>\n<hr \/>\n<p>&nbsp;<\/p>\n<h2>Sniper Elite 3<\/h2>\n<p>str\u00e1nky: <a id=\"MainContent_HyperLink19\" href=\"http:\/\/www.sniperelite3.com\/en\" target=\"_blank\" rel=\"noopener\">www.sniperelite3.com<\/a><\/p>\n<p>Dobr\u00e1 hra, ale kr\u00e1tk\u00e1. Za dva dny dohran\u00e1 nebo d\u0159\u00edv, kdy\u017e pou\u017e\u00edv\u00e1te mezern\u00edk pro p\u0159esko\u010den\u00ed animace st\u0159el.<br \/>\nP\u0159ede\u0161l\u00fd d\u00edl byl v akci zadarmo.<\/p>\n<p><img decoding=\"async\" id=\"MainContent_Image6\" title=\"Sniper Elite 3\" src=\"http:\/\/vicnezbuh.cz\/sniper_elite_3.jpg\" alt=\"Sniper Elite 3\" \/><\/p>\n<p>&nbsp;<\/p>\n<h2>Sniper Elite 4<\/h2>\n<p>Dal\u0161\u00ed bitvy v jin\u00fdm prost\u0159ed\u00ed. Kola jsou rozs\u00e1hlej\u0161\u00ed, jinak v\u0161echno stejn\u00fd jak u trojky, kter\u00e1 mi p\u0159ijde lep\u0161\u00ed.<\/p>\n<hr \/>\n<p>&nbsp;<\/p>\n<div>\n<h2>Crysis 2 Maximum Edition<\/h2>\n<p>str\u00e1nky: <a id=\"MainContent_HyperLink20\" href=\"http:\/\/www.crysis.com\/cz\" target=\"_blank\" rel=\"noopener\">www.crysis.com<\/a><\/p>\n<p>Dobr\u00e1 hra a celkem dlouh\u00e1. Online hran\u00ed s v\u00edce hr\u00e1\u010di vypnuli. U nov\u011bj\u0161\u00ed verze Crysis 3 to funguje.<\/p>\n<p><img decoding=\"async\" id=\"MainContent_Image5\" title=\"Crysis 2 Maximum Edition\" src=\"http:\/\/vicnezbuh.cz\/crysis2.jpg\" alt=\"Crysis 2 Maximum Edition\" width=\"600px\" \/><\/p>\n<hr \/>\n<h2><\/h2>\n<h2>Thief<\/h2>\n<p>str\u00e1nky: <a id=\"MainContent_HyperLink21\" href=\"http:\/\/thiefgame.com\/\" target=\"_blank\" rel=\"noopener\">www.thiefgame.com<\/a><\/p>\n<p>Hra, kter\u00e1 zabere hran\u00edm fakt hodn\u011b \u010dasu.<\/p>\n<p><img decoding=\"async\" id=\"MainContent_Image7\" title=\"Thief\" src=\"http:\/\/vicnezbuh.cz\/thief.jpg\" alt=\"Tief\" width=\"600px\" \/><\/p>\n<hr \/>\n<h4>Pokud chcete n\u011bjak\u00fd leteck\u00fd st\u0159\u00edle\u010dky, tak je dobr\u00e1 hra H.A.W.X. (+d\u00edl 2), t\u00edm pot\u011b\u0161\u00edte sebe i d\u011bti.<\/h4>\n<\/div>\n<footer>\n<p class=\"text-center\">\u00a0==================================================================<\/p>\n<\/footer>\n<h2>V\u00fdhodn\u00fd n\u00e1kup PC her v akci<\/h2>\n<p>Bal\u00edk n\u011bkolika her nebo roz\u0161\u00ed\u0159en\u00ed k nim za dobrou cenu, kolik jste ochotn\u00fd zaplatit <a href=\"https:\/\/www.humblebundle.com\/monthly?refc=Kkq1Yd\" target=\"_blank\" rel=\"noopener\">www.humblebundle.com<\/a> . Pen\u00edze jdou na charitu. \u010casto tam n\u011bco koup\u00edm, plat\u00edm p\u0159es PayPal i platebn\u00ed kartou jsem platil. Plat\u00edm si m\u011bs\u00ed\u010dn\u00ed bal\u00ed\u010dek her za 12$ a k tomu m\u00e1m 10%\u00a0 slevu na jin\u00fd hry (Steam kl\u00ed\u010de). <a href=\"https:\/\/www.humblebundle.com\/monthly?refc=Kkq1Yd\">odkaz<\/a><br \/>\nKupujete si Steam kl\u00ed\u010de ke hr\u00e1m nebo k roz\u0161\u00ed\u0159en\u00ed, kter\u00fd zad\u00e1te do programu Steam a hry se st\u00e1hnou.<\/p>\n<p class=\"text-center\"><img decoding=\"async\" id=\"MainContent_Image2\" title=\"Steam program s hrami\" src=\"http:\/\/vicnezbuh.cz\/steam.jpg\" alt=\"Steam program\" \/><\/p>\n<p>Origin program:<br \/>\n<img decoding=\"async\" id=\"MainContent_Image3\" title=\"Origin program s hrami\" src=\"http:\/\/vicnezbuh.cz\/origin.jpg\" alt=\"Origin program\" \/><\/p>\n","protected":false},"excerpt":{"rendered":"<p>PC hry zdarma: Loadout Dal\u0161\u00ed dobr\u00e1 hra je t\u0159eba Loadout odkaz na sta\u017een\u00ed: (zde)\u00a0nebo Steam uk\u00e1zka ze hry: video Online st\u0159\u00edle\u010dka zdarma, kter\u00e1 se hraje p\u0159es Steam. Hern\u00ed servery byly vypnuty, dopad v\u00fdmyslu EU GDPR. &nbsp; Wing Commander Saga: The Darkest Dawn str\u00e1nky: www.wcsaga.com sta\u017een\u00ed (download): odkaz &nbsp; Alien Arena stahnout: odkaz \u00a0(327 MB) &nbsp; [&hellip;]<\/p>\n","protected":false},"author":1,"featured_media":0,"parent":0,"menu_order":0,"comment_status":"closed","ping_status":"open","template":"","meta":{"footnotes":""},"class_list":["post-70","page","type-page","status-publish","hentry"],"_links":{"self":[{"href":"https:\/\/vicnezbuh.cz\/wordpress\/wp-json\/wp\/v2\/pages\/70","targetHints":{"allow":["GET"]}}],"collection":[{"href":"https:\/\/vicnezbuh.cz\/wordpress\/wp-json\/wp\/v2\/pages"}],"about":[{"href":"https:\/\/vicnezbuh.cz\/wordpress\/wp-json\/wp\/v2\/types\/page"}],"author":[{"embeddable":true,"href":"https:\/\/vicnezbuh.cz\/wordpress\/wp-json\/wp\/v2\/users\/1"}],"replies":[{"embeddable":true,"href":"https:\/\/vicnezbuh.cz\/wordpress\/wp-json\/wp\/v2\/comments?post=70"}],"version-history":[{"count":11,"href":"https:\/\/vicnezbuh.cz\/wordpress\/wp-json\/wp\/v2\/pages\/70\/revisions"}],"predecessor-version":[{"id":8210,"href":"https:\/\/vicnezbuh.cz\/wordpress\/wp-json\/wp\/v2\/pages\/70\/revisions\/8210"}],"wp:attachment":[{"href":"https:\/\/vicnezbuh.cz\/wordpress\/wp-json\/wp\/v2\/media?parent=70"}],"curies":[{"name":"wp","href":"https:\/\/api.w.org\/{rel}","templated":true}]}}