{"id":7,"date":"2015-02-02T04:30:36","date_gmt":"2015-02-02T04:30:36","guid":{"rendered":"http:\/\/rttheme19.rtthemes.com\/?page_id=7"},"modified":"2016-01-16T06:09:25","modified_gmt":"2016-01-16T05:09:25","slug":"our-products","status":"publish","type":"page","link":"https:\/\/vicnezbuh.cz\/wordpress\/our-products\/","title":{"rendered":"Katalog"},"content":{"rendered":"<p>[vc_row rt_row_background_width=&#8220;fullwidth&#8220; rt_row_content_width=&#8220;default&#8220; rt_row_style=&#8220;default-style&#8220; rt_row_borders=&#8220;&#8220; rt_overlap=&#8220;&#8220; rt_grid=&#8220;&#8220; rt_row_paddings=&#8220;true&#8220; rt_bg_effect=&#8220;classic&#8220; rt_bg_parallax_effect=&#8220;1&#8243; rt_bg_image_repeat=&#8220;repeat&#8220; rt_bg_size=&#8220;cover&#8220; rt_bg_position=&#8220;right top&#8220; rt_bg_attachment=&#8220;scroll&#8220;][vc_column width=&#8220;1\/1&#8243;]\n<div id=\"product-dynamicID-864297\" class=\"product_holder product-showcase clearfix  masonry\" data-column-width=\"3\">\n<div class=\"col product_item_holder col-sm-4 isotope-item  blogengine\">\n\n<div class=\"product_item_holder\">\n\n\t\t\t<div class=\"featured_image\"> \n\t\t\t<!-- product image -->\n\t\t\t<div class=\"featured_image\"> \n\t\t\t\t<a href=\"https:\/\/vicnezbuh.cz\/wordpress\/product-details\/2007\/\" title=\"2007\" rel=\"bookmark\" class=\"imgeffect link\"><img decoding=\"async\" src=\"https:\/\/vicnezbuh.cz\/wordpress\/wp-content\/uploads\/2016\/01\/AllTuts_Green.png\" alt=\"\" class=\"\" \/><\/a> \n\t\t\t<\/div> \n\t\t<\/div> \n\t\n\n\t\n\t\t\t\t\t\t\n\t\t<div class=\"product_info\">\n\n\t\t\t\t\t\t\t\t<!-- title-->\n\t\t\t\t<h5 class=\"clean_heading\"><a href=\"https:\/\/vicnezbuh.cz\/wordpress\/product-details\/2007\/\" title=\"2007\" rel=\"bookmark\">2007<\/a><\/h5>\n\t\t\t\t\n\t\t\t\t<!-- text-->\n\t\t\t\t<p>\u0160ablona (vzhled) pro publika\u010dn\u00ed syst\u00e9m BlogEngine.NET.<\/p>\n\t\t\t\t<div class=\"product_info_footer clearfix\"><div class=\"action_buttons\"><a href=\"https:\/\/vicnezbuh.cz\/wordpress\/product-details\/2007\/\" title=\"2007\" class=\"details icon-angle-right\">Details<\/a><\/div><\/div> \t\t\n\n\t\t<\/div>\n\t\t\n\n\t\n<\/div><\/div>\n<div class=\"col product_item_holder col-sm-4 isotope-item  blogengine\">\n\n<div class=\"product_item_holder\">\n\n\t\t\t<div class=\"featured_image\"> \n\t\t\t<!-- product image -->\n\t\t\t<div class=\"featured_image\"> \n\t\t\t\t<a href=\"https:\/\/vicnezbuh.cz\/wordpress\/product-details\/2006\/\" title=\"2006\" rel=\"bookmark\" class=\"imgeffect link\"><img decoding=\"async\" src=\"https:\/\/vicnezbuh.cz\/wordpress\/wp-content\/uploads\/2016\/01\/ElegantBlog-640x606.png\" alt=\"\" class=\"\" \/><\/a> \n\t\t\t<\/div> \n\t\t<\/div> \n\t\n\n\t\n\t\t\t\t\t\t\n\t\t<div class=\"product_info\">\n\n\t\t\t\t\t\t\t\t<!-- title-->\n\t\t\t\t<h5 class=\"clean_heading\"><a href=\"https:\/\/vicnezbuh.cz\/wordpress\/product-details\/2006\/\" title=\"2006\" rel=\"bookmark\">2006<\/a><\/h5>\n\t\t\t\t\n\t\t\t\t<!-- text-->\n\t\t\t\t<p>\u0160ablona (vzhled) pro publika\u010dn\u00ed syst\u00e9m BlogEngine.NET.<\/p>\n\t\t\t\t<div class=\"product_info_footer clearfix\"><div class=\"action_buttons\"><a href=\"https:\/\/vicnezbuh.cz\/wordpress\/product-details\/2006\/\" title=\"2006\" class=\"details icon-angle-right\">Details<\/a><\/div><\/div> \t\t\n\n\t\t<\/div>\n\t\t\n\n\t\n<\/div><\/div>\n<div class=\"col product_item_holder col-sm-4 isotope-item  blogengine\">\n\n<div class=\"product_item_holder\">\n\n\t\t\t<div class=\"featured_image\"> \n\t\t\t<!-- product image -->\n\t\t\t<div class=\"featured_image\"> \n\t\t\t\t<a href=\"https:\/\/vicnezbuh.cz\/wordpress\/product-details\/2005\/\" title=\"2005\" rel=\"bookmark\" class=\"imgeffect link\"><img decoding=\"async\" src=\"https:\/\/vicnezbuh.cz\/wordpress\/wp-content\/uploads\/2016\/01\/Interlude-640x547.png\" alt=\"\" class=\"\" \/><\/a> \n\t\t\t<\/div> \n\t\t<\/div> \n\t\n\n\t\n\t\t\t\t\t\t\n\t\t<div class=\"product_info\">\n\n\t\t\t\t\t\t\t\t<!-- title-->\n\t\t\t\t<h5 class=\"clean_heading\"><a href=\"https:\/\/vicnezbuh.cz\/wordpress\/product-details\/2005\/\" title=\"2005\" rel=\"bookmark\">2005<\/a><\/h5>\n\t\t\t\t\n\t\t\t\t<!-- text-->\n\t\t\t\t<p>\u0160ablona (vzhled) pro publika\u010dn\u00ed syst\u00e9m BlogEngine.NET.<\/p>\n\t\t\t\t<div class=\"product_info_footer clearfix\"><div class=\"action_buttons\"><a href=\"https:\/\/vicnezbuh.cz\/wordpress\/product-details\/2005\/\" title=\"2005\" class=\"details icon-angle-right\">Details<\/a><\/div><\/div> \t\t\n\n\t\t<\/div>\n\t\t\n\n\t\n<\/div><\/div>\n<div class=\"col product_item_holder col-sm-4 isotope-item  blogengine\">\n\n<div class=\"product_item_holder\">\n\n\t\t\t<div class=\"featured_image\"> \n\t\t\t<!-- product image -->\n\t\t\t<div class=\"featured_image\"> \n\t\t\t\t<a href=\"https:\/\/vicnezbuh.cz\/wordpress\/product-details\/2004\/\" title=\"2004\" rel=\"bookmark\" class=\"imgeffect link\"><img decoding=\"async\" src=\"https:\/\/vicnezbuh.cz\/wordpress\/wp-content\/uploads\/2016\/01\/theme-4-640x1078.png\" alt=\"\" class=\"\" \/><\/a> \n\t\t\t<\/div> \n\t\t<\/div> \n\t\n\n\t\n\t\t\t\t\t\t\n\t\t<div class=\"product_info\">\n\n\t\t\t\t\t\t\t\t<!-- title-->\n\t\t\t\t<h5 class=\"clean_heading\"><a href=\"https:\/\/vicnezbuh.cz\/wordpress\/product-details\/2004\/\" title=\"2004\" rel=\"bookmark\">2004<\/a><\/h5>\n\t\t\t\t\n\t\t\t\t<!-- text-->\n\t\t\t\t<p>\u0160ablona (vzhled) pro publika\u010dn\u00ed syst\u00e9m BlogEngine.NET.<\/p>\n\t\t\t\t<div class=\"product_info_footer clearfix\"><div class=\"action_buttons\"><a href=\"https:\/\/vicnezbuh.cz\/wordpress\/product-details\/2004\/\" title=\"2004\" class=\"details icon-angle-right\">Details<\/a><\/div><\/div> \t\t\n\n\t\t<\/div>\n\t\t\n\n\t\n<\/div><\/div>\n<div class=\"col product_item_holder col-sm-4 isotope-item  blogengine\">\n\n<div class=\"product_item_holder\">\n\n\t\t\t<div class=\"featured_image\"> \n\t\t\t<!-- product image -->\n\t\t\t<div class=\"featured_image\"> \n\t\t\t\t<a href=\"https:\/\/vicnezbuh.cz\/wordpress\/product-details\/2003\/\" title=\"2003\" rel=\"bookmark\" class=\"imgeffect link\"><img decoding=\"async\" src=\"https:\/\/vicnezbuh.cz\/wordpress\/wp-content\/uploads\/2016\/01\/HeartBeat-1-640x432.png\" alt=\"\" class=\"\" \/><\/a> \n\t\t\t<\/div> \n\t\t<\/div> \n\t\n\n\t\n\t\t\t\t\t\t\n\t\t<div class=\"product_info\">\n\n\t\t\t\t\t\t\t\t<!-- title-->\n\t\t\t\t<h5 class=\"clean_heading\"><a href=\"https:\/\/vicnezbuh.cz\/wordpress\/product-details\/2003\/\" title=\"2003\" rel=\"bookmark\">2003<\/a><\/h5>\n\t\t\t\t\n\t\t\t\t<!-- text-->\n\t\t\t\t<p>\u0160ablona (vzhled) pro publika\u010dn\u00ed syst\u00e9m BlogEngine.NET.<\/p>\n\t\t\t\t<div class=\"product_info_footer clearfix\"><div class=\"action_buttons\"><a href=\"https:\/\/vicnezbuh.cz\/wordpress\/product-details\/2003\/\" title=\"2003\" class=\"details icon-angle-right\">Details<\/a><\/div><\/div> \t\t\n\n\t\t<\/div>\n\t\t\n\n\t\n<\/div><\/div>\n<div class=\"col product_item_holder col-sm-4 isotope-item  blogengine\">\n\n<div class=\"product_item_holder\">\n\n\t\t\t<div class=\"featured_image\"> \n\t\t\t<!-- product image -->\n\t\t\t<div class=\"featured_image\"> \n\t\t\t\t<a href=\"https:\/\/vicnezbuh.cz\/wordpress\/product-details\/2002\/\" title=\"2002\" rel=\"bookmark\" class=\"imgeffect link\"><img decoding=\"async\" src=\"https:\/\/vicnezbuh.cz\/wordpress\/wp-content\/uploads\/2016\/01\/Dilectio.jpg\" alt=\"\" class=\"\" \/><\/a> \n\t\t\t<\/div> \n\t\t<\/div> \n\t\n\n\t\n\t\t\t\t\t\t\n\t\t<div class=\"product_info\">\n\n\t\t\t\t\t\t\t\t<!-- title-->\n\t\t\t\t<h5 class=\"clean_heading\"><a href=\"https:\/\/vicnezbuh.cz\/wordpress\/product-details\/2002\/\" title=\"2002\" rel=\"bookmark\">2002<\/a><\/h5>\n\t\t\t\t\n\t\t\t\t<!-- text-->\n\t\t\t\t<p>\u0160ablona (vzhled) pro publika\u010dn\u00ed syst\u00e9m BlogEngine.NET.<\/p>\n\t\t\t\t<div class=\"product_info_footer clearfix\"><div class=\"action_buttons\"><a href=\"https:\/\/vicnezbuh.cz\/wordpress\/product-details\/2002\/\" title=\"2002\" class=\"details icon-angle-right\">Details<\/a><\/div><\/div> \t\t\n\n\t\t<\/div>\n\t\t\n\n\t\n<\/div><\/div>\n<div class=\"col product_item_holder col-sm-4 isotope-item  blogengine\">\n\n<div class=\"product_item_holder\">\n\n\t\t\t<div class=\"featured_image\"> \n\t\t\t<!-- product image -->\n\t\t\t<div class=\"featured_image\"> \n\t\t\t\t<a href=\"https:\/\/vicnezbuh.cz\/wordpress\/product-details\/2001\/\" title=\"2001\" rel=\"bookmark\" class=\"imgeffect link\"><img decoding=\"async\" src=\"https:\/\/vicnezbuh.cz\/wordpress\/wp-content\/uploads\/2016\/01\/ArthemiaTwilight.jpg\" alt=\"\" class=\"\" \/><\/a> \n\t\t\t<\/div> \n\t\t<\/div> \n\t\n\n\t\n\t\t\t\t\t\t\n\t\t<div class=\"product_info\">\n\n\t\t\t\t\t\t\t\t<!-- title-->\n\t\t\t\t<h5 class=\"clean_heading\"><a href=\"https:\/\/vicnezbuh.cz\/wordpress\/product-details\/2001\/\" title=\"2001\" rel=\"bookmark\">2001<\/a><\/h5>\n\t\t\t\t\n\t\t\t\t<!-- text-->\n\t\t\t\t<p>\u0160ablona (vzhled) pro publika\u010dn\u00ed syst\u00e9m BlogEngine.NET.<\/p>\n\t\t\t\t<div class=\"product_info_footer clearfix\"><div class=\"action_buttons\"><a href=\"https:\/\/vicnezbuh.cz\/wordpress\/product-details\/2001\/\" title=\"2001\" class=\"details icon-angle-right\">Details<\/a><\/div><\/div> \t\t\n\n\t\t<\/div>\n\t\t\n\n\t\n<\/div><\/div>\n<div class=\"col product_item_holder col-sm-4 isotope-item  wordpress\">\n\n<div class=\"product_item_holder\">\n\n\t\t\t<div class=\"featured_image\"> \n\t\t\t<!-- product image -->\n\t\t\t<div class=\"featured_image\"> \n\t\t\t\t<a href=\"https:\/\/vicnezbuh.cz\/wordpress\/product-details\/1048\/\" title=\"1048\" rel=\"bookmark\" class=\"imgeffect link\"><img decoding=\"async\" src=\"https:\/\/vicnezbuh.cz\/wordpress\/wp-content\/uploads\/2016\/01\/screenshot-82-640x480.png\" alt=\"\" class=\"\" \/><\/a> \n\t\t\t<\/div> \n\t\t<\/div> \n\t\n\n\t\n\t\t\t\t\t\t\n\t\t<div class=\"product_info\">\n\n\t\t\t\t\t\t\t\t<!-- title-->\n\t\t\t\t<h5 class=\"clean_heading\"><a href=\"https:\/\/vicnezbuh.cz\/wordpress\/product-details\/1048\/\" title=\"1048\" rel=\"bookmark\">1048<\/a><\/h5>\n\t\t\t\t\n\t\t\t\t<!-- text-->\n\t\t\t\t\n\t\t\t\t<div class=\"product_info_footer clearfix\"><div class=\"action_buttons\"><a href=\"https:\/\/vicnezbuh.cz\/wordpress\/product-details\/1048\/\" title=\"1048\" class=\"details icon-angle-right\">Details<\/a><\/div><\/div> \t\t\n\n\t\t<\/div>\n\t\t\n\n\t\n<\/div><\/div>\n<\/div>\n<button href=\"#\" class=\"load_more button_ medium default aligncenter\" autocomplete=\"off\" data-atts=\"YToyMTp7czoyOiJpZCI7czoyNDoicHJvZHVjdC1keW5hbWljSUQtODY0Mjk3IjtzOjExOiJsaXN0X2xheW91dCI7czozOiIxLzMiO3M6MTI6ImxheW91dF9zdHlsZSI7czo3OiJtYXNvbnJ5IjtzOjEwOiJwYWdpbmF0aW9uIjtzOjQ6InRydWUiO3M6MTU6ImFqYXhfcGFnaW5hdGlvbiI7czo0OiJ0cnVlIjtzOjIxOiJmZWF0dXJlZF9pbWFnZV9yZXNpemUiO3M6NDoidHJ1ZSI7czoyNDoiZmVhdHVyZWRfaW1hZ2VfbWF4X3dpZHRoIjtzOjE6IjAiO3M6MjU6ImZlYXR1cmVkX2ltYWdlX21heF9oZWlnaHQiO3M6MToiMCI7czoxOToiZmVhdHVyZWRfaW1hZ2VfY3JvcCI7czo1OiJmYWxzZSI7czoxMjoibGlzdF9vcmRlcmJ5IjtzOjQ6ImRhdGUiO3M6MTA6Imxpc3Rfb3JkZXIiO3M6NDoiREVTQyI7czoxMzoiaXRlbV9wZXJfcGFnZSI7czoxOiI4IjtzOjEwOiJjYXRlZ29yaWVzIjtzOjA6IiI7czo0OiJhamF4IjtzOjU6ImZhbHNlIjtzOjU6InBhZ2VkIjtpOjA7czo5OiJ3cG1sX2xhbmciO3M6MDoiIjtzOjIwOiJkaXNwbGF5X2Rlc2NyaXB0aW9ucyI7czo0OiJ0cnVlIjtzOjE0OiJkaXNwbGF5X3RpdGxlcyI7czo0OiJ0cnVlIjtzOjEzOiJkaXNwbGF5X3ByaWNlIjtzOjQ6InRydWUiO3M6MzoiaWRzIjtzOjA6IiI7czo3OiJwdXJwb3NlIjtzOjg6InByb2R1Y3RzIjt9\" data-page_count=\"9\" data-current_page=\"1\" data-listid=\"product-dynamicID-864297\"><span class=\"icon-angle-double-down\"><\/span>LOAD MORE<\/button>[\/vc_column][\/vc_row]<\/p>\n","protected":false},"excerpt":{"rendered":"<p>[vc_row rt_row_background_width=&#8220;fullwidth&#8220; rt_row_content_width=&#8220;default&#8220; rt_row_style=&#8220;default-style&#8220; rt_row_borders=&#8220;&#8220; rt_overlap=&#8220;&#8220; rt_grid=&#8220;&#8220; rt_row_paddings=&#8220;true&#8220; rt_bg_effect=&#8220;classic&#8220; rt_bg_parallax_effect=&#8220;1&#8243; rt_bg_image_repeat=&#8220;repeat&#8220; rt_bg_size=&#8220;cover&#8220; rt_bg_position=&#8220;right top&#8220; rt_bg_attachment=&#8220;scroll&#8220;][vc_column width=&#8220;1\/1&#8243;][\/vc_column][\/vc_row]<\/p>\n","protected":false},"author":1,"featured_media":0,"parent":0,"menu_order":0,"comment_status":"closed","ping_status":"closed","template":"","meta":{"footnotes":""},"class_list":["post-7","page","type-page","status-publish","hentry"],"_links":{"self":[{"href":"https:\/\/vicnezbuh.cz\/wordpress\/wp-json\/wp\/v2\/pages\/7","targetHints":{"allow":["GET"]}}],"collection":[{"href":"https:\/\/vicnezbuh.cz\/wordpress\/wp-json\/wp\/v2\/pages"}],"about":[{"href":"https:\/\/vicnezbuh.cz\/wordpress\/wp-json\/wp\/v2\/types\/page"}],"author":[{"embeddable":true,"href":"https:\/\/vicnezbuh.cz\/wordpress\/wp-json\/wp\/v2\/users\/1"}],"replies":[{"embeddable":true,"href":"https:\/\/vicnezbuh.cz\/wordpress\/wp-json\/wp\/v2\/comments?post=7"}],"version-history":[{"count":2,"href":"https:\/\/vicnezbuh.cz\/wordpress\/wp-json\/wp\/v2\/pages\/7\/revisions"}],"predecessor-version":[{"id":7211,"href":"https:\/\/vicnezbuh.cz\/wordpress\/wp-json\/wp\/v2\/pages\/7\/revisions\/7211"}],"wp:attachment":[{"href":"https:\/\/vicnezbuh.cz\/wordpress\/wp-json\/wp\/v2\/media?parent=7"}],"curies":[{"name":"wp","href":"https:\/\/api.w.org\/{rel}","templated":true}]}}