{"id":6948,"date":"2015-02-02T04:30:47","date_gmt":"2015-02-02T04:30:47","guid":{"rendered":"http:\/\/rttheme19.rtthemes.com\/?page_id=8"},"modified":"2021-12-01T16:06:48","modified_gmt":"2021-12-01T15:06:48","slug":"kontakt","status":"publish","type":"page","link":"https:\/\/vicnezbuh.cz\/wordpress\/kontakt\/","title":{"rendered":"Kontakt"},"content":{"rendered":"<p>[vc_row rt_row_background_width=&#8220;fullwidth&#8220; rt_row_content_width=&#8220;fullwidth&#8220; rt_row_style=&#8220;default-style&#8220; rt_row_borders=&#8220;&#8220; rt_row_paddings=&#8220;false&#8220; rt_bg_effect=&#8220;classic&#8220; rt_bg_image_repeat=&#8220;repeat&#8220; rt_bg_size=&#8220;cover&#8220; rt_bg_position=&#8220;right top&#8220; rt_bg_attachment=&#8220;scroll&#8220; rt_bg_video_format=&#8220;self-hosted&#8220; rt_row_no_padding=&#8220;false&#8220;][vc_column rt_wrp_col_paddings=&#8220;false&#8220; rt_border_top=&#8220;&#8220; rt_border_bottom=&#8220;&#8220; rt_border_left=&#8220;&#8220; rt_border_right=&#8220;&#8220; rt_border_top_mobile=&#8220;&#8220; rt_border_bottom_mobile=&#8220;&#8220; rt_border_left_mobile=&#8220;&#8220; rt_border_right_mobile=&#8220;&#8220; rt_bg_image_repeat=&#8220;repeat&#8220; rt_bg_size=&#8220;auto auto&#8220; rt_bg_position=&#8220;right top&#8220; rt_bg_attachment=&#8220;scroll&#8220;][\/vc_column][\/vc_row][vc_row rt_row_background_width=&#8220;fullwidth&#8220; rt_row_content_width=&#8220;default&#8220; rt_row_style=&#8220;default-style&#8220; rt_row_borders=&#8220;&#8220; rt_grid=&#8220;true&#8220; rt_row_paddings=&#8220;true&#8220; rt_bg_effect=&#8220;classic&#8220; rt_bg_image_repeat=&#8220;repeat&#8220; rt_bg_size=&#8220;cover&#8220; rt_bg_position=&#8220;right top&#8220; rt_bg_attachment=&#8220;scroll&#8220; rt_bg_video_format=&#8220;self-hosted&#8220;][vc_column width=&#8220;1\/3&#8243; rt_wrp_col_paddings=&#8220;false&#8220; rt_border_top=&#8220;&#8220; rt_border_bottom=&#8220;&#8220; rt_border_left=&#8220;&#8220; rt_border_right=&#8220;&#8220; rt_border_top_mobile=&#8220;&#8220; rt_border_bottom_mobile=&#8220;&#8220; rt_border_left_mobile=&#8220;&#8220; rt_border_right_mobile=&#8220;&#8220; rt_bg_image_repeat=&#8220;repeat&#8220; rt_bg_size=&#8220;auto auto&#8220; rt_bg_position=&#8220;right top&#8220; rt_bg_attachment=&#8220;scroll&#8220;]<div class=\"rt_heading_wrapper style-6\">\n\t\t\t\t\t\t<h5 class=\"rt_heading  style-6\" >Kontaktn\u00ed informace<\/h5>\n\t\t\t\t\t<\/div>\t \n\t\t<div  class=\"with_icons style-3 \">\n\t\t\t \n\t\t<div  >\n\t\t<span class=\"icon-address icon\"><\/span><div class=\"list-content\"><p>Sta\u0148kov (servis IT cel\u00e9 Doma\u017elicko)<\/p>\n<\/div>\n\t\t<\/div>\n\t\t \n\t\t<div  >\n\t\t<span class=\"icon-skype icon\"><\/span><div class=\"list-content\"><p><a href=\"skype:vicnezbuh?call\">VICNEZBUH<\/a><\/p>\n<\/div>\n\t\t<\/div>\n\t\t \n\t\t<div  >\n\t\t<span class=\"icon-mobile icon\"><\/span><div class=\"list-content\"><p>+420777235098<\/p>\n<\/div>\n\t\t<\/div>\n\t\t \n\t\t<div  >\n\t\t<span class=\"icon-mail-1 icon\"><\/span><div class=\"list-content\"><p><a href=\"mailto:frantisek@vicnezbuh.cz\" target=\"_blank\" rel=\"noopener noreferrer\">frantisek@vicnezbuh.cz<\/a><\/p>\n<\/div>\n\t\t<\/div>\n\t\t \n\t\t<div  >\n\t\t<span class=\"icon-wallet icon\"><\/span><div class=\"list-content\"><p><strong>\u010d.\u00fa\u010dtu:<\/strong>\u00a00101267484\/0300<\/p>\n<\/div>\n\t\t<\/div>\n\t\t \n\t\t<div  >\n\t\t<span class=\"icon-chat-empty icon\"><\/span><div class=\"list-content\"><p><a href=\"https:\/\/duo.google.com\/\">Google Duo<\/a><\/p>\n<\/div>\n\t\t<\/div>\n\t\t \n\t\t<div  >\n\t\t<span class=\"icon-paypal icon\"><\/span><div class=\"list-content\"><p><a href=\"https:\/\/www.paypal.com\/cgi-bin\/webscr?cmd=_donations&amp;business=frantisek%40vicnezbuh%2ecz&amp;lc=GB&amp;item_name=vicnezbuh%2ecz&amp;item_number=2&amp;currency_code=EUR&amp;bn=PP%2dDonationsBF%3abtn_donateCC_LG_global%2egif%3aNonHosted\" target=\"_blank\" rel=\"noopener noreferrer\">PayPal (\u20ac)<\/a>\u00a0\u00a0\u00a0 <a href=\"https:\/\/www.paypal.com\/cgi-bin\/webscr?cmd=_donations&amp;business=frantisek%40vicnezbuh%2ecz&amp;lc=GB&amp;item_name=vicnezbuh%2ecz&amp;item_number=2&amp;currency_code=USD&amp;bn=PP%2dDonationsBF%3abtn_donateCC_LG_global%2egif%3aNonHosted\" target=\"_blank\" rel=\"noopener noreferrer\">PayPal ($)<\/a>\u00a0 \u00a0\u00a0<a href=\"https:\/\/www.paypal.com\/cgi-bin\/webscr?cmd=_donations&amp;business=frantisek%40vicnezbuh%2ecz&amp;lc=GB&amp;item_name=vicnezbuh%2ecz&amp;item_number=2&amp;currency_code=CZK&amp;bn=PP%2dDonationsBF%3abtn_donateCC_LG_global%2egif%3aNonHosted\" target=\"_blank\" rel=\"noopener noreferrer\">PayPal (K\u010d)<\/a><\/p>\n<\/div>\n\t\t<\/div>\n\t\t \n\t\t<div  >\n\t\t<span class=\"icon-info icon\"><\/span><div class=\"list-content\"><p>Sp\u00e1t chod\u00edm za sv\u00edt\u00e1n\u00ed, tak jen ps\u00e1t.<\/p>\n<\/div>\n\t\t<\/div>\n\t\n\t\t<\/div>\n\t[vc_single_image image=&#8220;7256&#8243; img_size=&#8220;medium&#8220; alignment=&#8220;center&#8220; style=&#8220;vc_box_shadow_3d&#8220; css_animation=&#8220;appear&#8220;][\/vc_column][vc_column width=&#8220;1\/3&#8243; rt_wrp_col_paddings=&#8220;false&#8220; rt_border_top=&#8220;&#8220; rt_border_bottom=&#8220;&#8220; rt_border_left=&#8220;&#8220; rt_border_right=&#8220;&#8220; rt_border_top_mobile=&#8220;&#8220; rt_border_bottom_mobile=&#8220;&#8220; rt_border_left_mobile=&#8220;&#8220; rt_border_right_mobile=&#8220;&#8220; rt_bg_image_repeat=&#8220;repeat&#8220; rt_bg_size=&#8220;auto auto&#8220; rt_bg_position=&#8220;right top&#8220; rt_bg_attachment=&#8220;scroll&#8220;]<div class=\"rt_heading_wrapper style-6\">\n\t\t\t\t\t\t<h5 class=\"rt_heading  style-6\" >Vizitka<\/h5>\n\t\t\t\t\t<\/div>[vc_single_image source=&#8220;external_link&#8220; onclick=&#8220;link_image&#8220; custom_src=&#8220;http:\/\/www.vicnezbuh.cz\/images\/vizitka.png&#8220;][\/vc_column][vc_column width=&#8220;1\/3&#8243; rt_wrp_col_paddings=&#8220;false&#8220; rt_border_top=&#8220;&#8220; rt_border_bottom=&#8220;&#8220; rt_border_left=&#8220;&#8220; rt_border_right=&#8220;&#8220; rt_border_top_mobile=&#8220;&#8220; rt_border_bottom_mobile=&#8220;&#8220; rt_border_left_mobile=&#8220;&#8220; rt_border_right_mobile=&#8220;&#8220; rt_bg_image_repeat=&#8220;repeat&#8220; rt_bg_size=&#8220;auto auto&#8220; rt_bg_position=&#8220;right top&#8220; rt_bg_attachment=&#8220;scroll&#8220;]<div class=\"rt_heading_wrapper style-6\">\n\t\t\t\t\t\t<h5 class=\"rt_heading  style-6\" >Platba za slu\u017eby<\/h5>\n\t\t\t\t\t<\/div>[vc_column_text]<strong>\u010d\u00edslo \u00fa\u010dtu:<\/strong>\u00a00101267484\/0300<\/p>\n<p><strong>IBAN: \u00a0<\/strong>CZ1203000000000101267484<\/p>\n<p>(BIC\/SWIFT \u010cSOB: CEKOCZPP)<\/p>\n<p><a href=\"https:\/\/www.paypal.com\/cgi-bin\/webscr?cmd=_donations&amp;business=frantisek%40vicnezbuh%2ecz&amp;lc=GB&amp;item_name=vicnezbuh%2ecz&amp;item_number=2&amp;currency_code=EUR&amp;bn=PP%2dDonationsBF%3abtn_donateCC_LG_global%2egif%3aNonHosted\" target=\"_blank\" rel=\"noopener noreferrer\">PayPal (\u20ac)<\/a>\u00a0\u00a0\u00a0 <a href=\"https:\/\/www.paypal.com\/cgi-bin\/webscr?cmd=_donations&amp;business=frantisek%40vicnezbuh%2ecz&amp;lc=GB&amp;item_name=vicnezbuh%2ecz&amp;item_number=2&amp;currency_code=USD&amp;bn=PP%2dDonationsBF%3abtn_donateCC_LG_global%2egif%3aNonHosted\" target=\"_blank\" rel=\"noopener noreferrer\">PayPal ($)<\/a>\u00a0\u00a0\u00a0 <a href=\"https:\/\/www.paypal.com\/cgi-bin\/webscr?cmd=_donations&amp;business=frantisek%40vicnezbuh%2ecz&amp;lc=GB&amp;item_name=vicnezbuh%2ecz&amp;item_number=2&amp;currency_code=GBP&amp;bn=PP%2dDonationsBF%3abtn_donateCC_LG_global%2egif%3aNonHosted\" target=\"_blank\" rel=\"noopener noreferrer\">PayPal (\u00a3)<\/a>\u00a0\u00a0\u00a0 <a href=\"https:\/\/www.paypal.com\/cgi-bin\/webscr?cmd=_donations&amp;business=frantisek%40vicnezbuh%2ecz&amp;lc=GB&amp;item_name=vicnezbuh%2ecz&amp;item_number=2&amp;currency_code=CZK&amp;bn=PP%2dDonationsBF%3abtn_donateCC_LG_global%2egif%3aNonHosted\" target=\"_blank\" rel=\"noopener noreferrer\">PayPal (K\u010d)<\/a>[\/vc_column_text][vc_single_image source=&#8220;external_link&#8220; title=&#8220;Snadn\u00e1 platba mobilem&#8220; custom_src=&#8220;http:\/\/vicnezbuh.cz\/images\/bez_castky_kc.png&#8220;]\n\t\t<div  class=\"info_box margin-b20 clearfix announcement announcement\" data-rt-animate=\"animate\" data-rt-animation-type=\"fadeInDown\" data-rt-animation-group=\"single\">\n\t\t\t<span class=\"icon-cancel\"><\/span>\n\t\t\t<p class=\"icon-megaphone-1\">\n\t\t\t\t<a href=\"https:\/\/vicnezbuh.cz\/wordpress\/index.php\/qr-platba\/\" target=\"_blank\" rel=\"noopener noreferrer\">Banky podporuj\u00edc\u00ed QR platbu<\/a>\n\t\t\t<\/p>\n\t\t<\/div>\n\t[\/vc_column][\/vc_row][vc_row rt_row_background_width=&#8220;fullwidth&#8220; rt_row_content_width=&#8220;default&#8220; rt_row_style=&#8220;alt-style-1&#8243; rt_row_borders=&#8220;&#8220; rt_row_paddings=&#8220;true&#8220; rt_bg_effect=&#8220;classic&#8220; rt_bg_image_repeat=&#8220;repeat&#8220; rt_bg_size=&#8220;cover&#8220; rt_bg_position=&#8220;right top&#8220; rt_bg_attachment=&#8220;scroll&#8220; rt_bg_video_format=&#8220;self-hosted&#8220;][vc_column rt_wrp_col_paddings=&#8220;false&#8220; rt_border_top=&#8220;&#8220; rt_border_bottom=&#8220;&#8220; rt_border_left=&#8220;&#8220; rt_border_right=&#8220;&#8220; rt_border_top_mobile=&#8220;&#8220; rt_border_bottom_mobile=&#8220;&#8220; rt_border_left_mobile=&#8220;&#8220; rt_border_right_mobile=&#8220;&#8220; rt_bg_image_repeat=&#8220;repeat&#8220; rt_bg_size=&#8220;auto auto&#8220; rt_bg_position=&#8220;right top&#8220; rt_bg_attachment=&#8220;scroll&#8220; offset=&#8220;vc_hidden-lg vc_hidden-md vc_hidden-sm vc_hidden-xs&#8220;]<div class=\"rt_heading_wrapper style-6\">\n\t\t\t\t\t\t<h5 class=\"rt_heading  style-6\" >Kontaktn\u00ed formul\u00e1\u0159<\/h5>\n\t\t\t\t\t<\/div>\n\t\t<!-- contact form -->\n\t\t<div  class=\"contact_form  dynamic-class-860848\">\n\t\t<div class=\"clear\"><\/div><div class=\"result\"><\/div>\n\t\t\t<form action=\"#\" name=\"contact_form\" class=\"validate_form rt_form\" method=\"post\">\n\t\t\t\t<ul>\n\t\t\t\t\t<li class=\"form-input\"><label for=\"name\">Your Name: (*)<\/label><input placeholder=\"Your Name: (*)\" id=\"name\" type=\"text\" name=\"name\" value=\"\" class=\"required\" \/> <\/li>\n\t\t\t\t\t<li class=\"form-input\"><label for=\"email\">Your Email: (*)<\/label><input placeholder=\"Your Email: (*)\" id=\"email\" type=\"email\" name=\"email\" value=\"\" class=\"required email\" \/> <\/li>\n\t\t\t\t\t<li class=\"form-input\"><label for=\"message\">Your Message: (*)<\/label><textarea placeholder=\"Your Message: (*)\" id=\"message\" name=\"message\" rows=\"8\" cols=\"40\" class=\"required\"><\/textarea><\/li>\n\t\t\t\t\t\n\t\t\t\t\t<li class=\"security-question\"><label class=\"math_label\" for=\"math\">Security Question:<\/label>8 + 24 = <input id=\"math\" placeholder=\"?\" type=\"text\" name=\"math\" value=\"\" class=\"required\" \/><\/li>\n\t\t\t\t\t<li class=\"submit-button\">\n\t\t\t\t\t<input type=\"hidden\" name=\"your_email\" value=\"ZnJhbnRpc2VrQHZpY25lemJ1aC5jeg==\"><input type=\"hidden\" name=\"dynamic_class\" value=\"dynamic-class-860848\"><input type=\"hidden\" name=\"rt_form_data\" value=\"MzI=\"><input type=\"button\" class=\"button submit\" value=\"Send\"  \/><span class=\"loading\"><\/span>\n\t\t\t\t\t<\/li>\n\t\t\t\t<\/ul>\n\t\t\t<\/form>\n\t\t<\/div><div class=\"clear\"><\/div>\n\t\t<!-- \/contact form -->[\/vc_column][\/vc_row][vc_row rt_row_background_width=&#8220;default&#8220; rt_row_style=&#8220;default-style&#8220; rt_row_borders=&#8220;&#8220; rt_row_paddings=&#8220;true&#8220; rt_bg_effect=&#8220;classic&#8220; rt_bg_image_repeat=&#8220;repeat&#8220; rt_bg_size=&#8220;cover&#8220; rt_bg_position=&#8220;right top&#8220; rt_bg_attachment=&#8220;scroll&#8220; rt_bg_video_format=&#8220;self-hosted&#8220;][vc_column rt_wrp_col_paddings=&#8220;false&#8220; rt_border_top=&#8220;&#8220; rt_border_bottom=&#8220;&#8220; rt_border_left=&#8220;&#8220; rt_border_right=&#8220;&#8220; rt_border_top_mobile=&#8220;&#8220; rt_border_bottom_mobile=&#8220;&#8220; rt_border_left_mobile=&#8220;&#8220; rt_border_right_mobile=&#8220;&#8220; rt_bg_image_repeat=&#8220;repeat&#8220; rt_bg_size=&#8220;auto auto&#8220; rt_bg_position=&#8220;right top&#8220; rt_bg_attachment=&#8220;scroll&#8220;]\n<div class=\"wpcf7 no-js\" id=\"wpcf7-f6224-o1\" lang=\"cs-CZ\" dir=\"ltr\" data-wpcf7-id=\"6224\">\n<div class=\"screen-reader-response\"><p role=\"status\" aria-live=\"polite\" aria-atomic=\"true\"><\/p> <ul><\/ul><\/div>\n<form action=\"\/wordpress\/wp-json\/wp\/v2\/pages\/6948#wpcf7-f6224-o1\" method=\"post\" class=\"wpcf7-form init\" aria-label=\"Kontaktn\u00ed formul\u00e1\u0159\" novalidate=\"novalidate\" data-status=\"init\">\n<fieldset class=\"hidden-fields-container\"><input type=\"hidden\" name=\"_wpcf7\" value=\"6224\" \/><input type=\"hidden\" name=\"_wpcf7_version\" value=\"6.1.5\" \/><input type=\"hidden\" name=\"_wpcf7_locale\" value=\"cs_CZ\" \/><input type=\"hidden\" name=\"_wpcf7_unit_tag\" value=\"wpcf7-f6224-o1\" \/><input type=\"hidden\" name=\"_wpcf7_container_post\" value=\"0\" \/><input type=\"hidden\" name=\"_wpcf7_posted_data_hash\" value=\"\" \/><input type=\"hidden\" name=\"_wpcf7_recaptcha_response\" value=\"\" \/>\n<\/fieldset>\n<p>Va\u0161e jm\u00e9no (vy\u017eadov\u00e1no)\n<\/p>\n<p><span class=\"wpcf7-form-control-wrap\" data-name=\"your-name\"><input size=\"40\" maxlength=\"400\" class=\"wpcf7-form-control wpcf7-text wpcf7-validates-as-required\" aria-required=\"true\" aria-invalid=\"false\" value=\"\" type=\"text\" name=\"your-name\" \/><\/span>\n<\/p>\n<p>V\u00e1\u0161 email (vy\u017eadov\u00e1no)\n<\/p>\n<p><span class=\"wpcf7-form-control-wrap\" data-name=\"your-email\"><input size=\"40\" maxlength=\"400\" class=\"wpcf7-form-control wpcf7-email wpcf7-validates-as-required wpcf7-text wpcf7-validates-as-email\" aria-required=\"true\" aria-invalid=\"false\" value=\"\" type=\"email\" name=\"your-email\" \/><\/span>\n<\/p>\n<p>P\u0159edm\u011bt\n<\/p>\n<p><span class=\"wpcf7-form-control-wrap\" data-name=\"your-subject\"><input size=\"40\" maxlength=\"400\" class=\"wpcf7-form-control wpcf7-text\" aria-invalid=\"false\" value=\"\" type=\"text\" name=\"your-subject\" \/><\/span>\n<\/p>\n<p>Va\u0161e zpr\u00e1va\n<\/p>\n<p><span class=\"wpcf7-form-control-wrap\" data-name=\"your-message\"><textarea cols=\"40\" rows=\"10\" maxlength=\"2000\" class=\"wpcf7-form-control wpcf7-textarea\" aria-invalid=\"false\" name=\"your-message\"><\/textarea><\/span>\n<\/p>\n<p><input class=\"wpcf7-form-control wpcf7-submit has-spinner\" type=\"submit\" value=\"Odeslat\" \/>\n<\/p><div class=\"wpcf7-response-output\" aria-hidden=\"true\"><\/div>\n<\/form>\n<\/div>\n[\/vc_column][\/vc_row]<\/p>\n","protected":false},"excerpt":{"rendered":"<p>[vc_row rt_row_background_width=&#8220;fullwidth&#8220; rt_row_content_width=&#8220;fullwidth&#8220; rt_row_style=&#8220;default-style&#8220; rt_row_borders=&#8220;&#8220; rt_row_paddings=&#8220;false&#8220; rt_bg_effect=&#8220;classic&#8220; rt_bg_image_repeat=&#8220;repeat&#8220; rt_bg_size=&#8220;cover&#8220; rt_bg_position=&#8220;right top&#8220; rt_bg_attachment=&#8220;scroll&#8220; rt_bg_video_format=&#8220;self-hosted&#8220; rt_row_no_padding=&#8220;false&#8220;][vc_column rt_wrp_col_paddings=&#8220;false&#8220; rt_border_top=&#8220;&#8220; rt_border_bottom=&#8220;&#8220; rt_border_left=&#8220;&#8220; rt_border_right=&#8220;&#8220; rt_border_top_mobile=&#8220;&#8220; rt_border_bottom_mobile=&#8220;&#8220; rt_border_left_mobile=&#8220;&#8220; rt_border_right_mobile=&#8220;&#8220; rt_bg_image_repeat=&#8220;repeat&#8220; rt_bg_size=&#8220;auto auto&#8220; rt_bg_position=&#8220;right top&#8220; rt_bg_attachment=&#8220;scroll&#8220;][\/vc_column][\/vc_row][vc_row rt_row_background_width=&#8220;fullwidth&#8220; rt_row_content_width=&#8220;default&#8220; rt_row_style=&#8220;default-style&#8220; rt_row_borders=&#8220;&#8220; rt_grid=&#8220;true&#8220; rt_row_paddings=&#8220;true&#8220; rt_bg_effect=&#8220;classic&#8220; rt_bg_image_repeat=&#8220;repeat&#8220; rt_bg_size=&#8220;cover&#8220; rt_bg_position=&#8220;right top&#8220; rt_bg_attachment=&#8220;scroll&#8220; rt_bg_video_format=&#8220;self-hosted&#8220;][vc_column width=&#8220;1\/3&#8243; rt_wrp_col_paddings=&#8220;false&#8220; rt_border_top=&#8220;&#8220; rt_border_bottom=&#8220;&#8220; rt_border_left=&#8220;&#8220; rt_border_right=&#8220;&#8220; rt_border_top_mobile=&#8220;&#8220; rt_border_bottom_mobile=&#8220;&#8220; rt_border_left_mobile=&#8220;&#8220; rt_border_right_mobile=&#8220;&#8220; rt_bg_image_repeat=&#8220;repeat&#8220; rt_bg_size=&#8220;auto auto&#8220; [&hellip;]<\/p>\n","protected":false},"author":1,"featured_media":0,"parent":0,"menu_order":0,"comment_status":"closed","ping_status":"closed","template":"","meta":{"footnotes":""},"class_list":["post-6948","page","type-page","status-publish","hentry"],"_links":{"self":[{"href":"https:\/\/vicnezbuh.cz\/wordpress\/wp-json\/wp\/v2\/pages\/6948","targetHints":{"allow":["GET"]}}],"collection":[{"href":"https:\/\/vicnezbuh.cz\/wordpress\/wp-json\/wp\/v2\/pages"}],"about":[{"href":"https:\/\/vicnezbuh.cz\/wordpress\/wp-json\/wp\/v2\/types\/page"}],"author":[{"embeddable":true,"href":"https:\/\/vicnezbuh.cz\/wordpress\/wp-json\/wp\/v2\/users\/1"}],"replies":[{"embeddable":true,"href":"https:\/\/vicnezbuh.cz\/wordpress\/wp-json\/wp\/v2\/comments?post=6948"}],"version-history":[{"count":33,"href":"https:\/\/vicnezbuh.cz\/wordpress\/wp-json\/wp\/v2\/pages\/6948\/revisions"}],"predecessor-version":[{"id":8371,"href":"https:\/\/vicnezbuh.cz\/wordpress\/wp-json\/wp\/v2\/pages\/6948\/revisions\/8371"}],"wp:attachment":[{"href":"https:\/\/vicnezbuh.cz\/wordpress\/wp-json\/wp\/v2\/media?parent=6948"}],"curies":[{"name":"wp","href":"https:\/\/api.w.org\/{rel}","templated":true}]}}