{"id":2522,"date":"2015-02-20T01:41:31","date_gmt":"2015-02-20T01:41:31","guid":{"rendered":"http:\/\/rttheme19.rtthemes.com\/?page_id=2522"},"modified":"2018-02-03T11:46:44","modified_gmt":"2018-02-03T10:46:44","slug":"blog-3","status":"publish","type":"page","link":"https:\/\/vicnezbuh.cz\/wordpress\/blog-3\/","title":{"rendered":"Blog"},"content":{"rendered":"<p>[vc_row rt_row_background_width=&#8220;default&#8220; rt_row_style=&#8220;default-style&#8220; rt_row_borders=&#8220;&#8220; rt_overlap=&#8220;true&#8220; rt_row_paddings=&#8220;true&#8220; rt_bg_effect=&#8220;classic&#8220; rt_bg_image_repeat=&#8220;repeat&#8220; rt_bg_size=&#8220;cover&#8220; rt_bg_position=&#8220;right top&#8220; rt_bg_attachment=&#8220;scroll&#8220; rt_bg_video_format=&#8220;self-hosted&#8220;][vc_column rt_bg_image_repeat=&#8220;repeat&#8220; rt_bg_size=&#8220;auto auto&#8220; rt_bg_attachment=&#8220;scroll&#8220;]\n<div id=\"blog-dynamicID-903728\" class=\"blog_list clearfix border_grid fixed_heights\" data-column-width=\"3\">\n<div class=\"row clearfix\">\n<div class=\"col col-sm-4\">\n \n\n<!-- blog box-->\n<article class=\"loop post-8412 post type-post status-publish format-standard hentry category-nezarazene tag-elektrokolo\" id=\"post-8412\">\n\t\t\n\t\n\t\n\n\t \n\t<div class=\"text entry-content\">\n\n\t\t<!-- blog headline-->\n\t\t<h2 class=\"entry-title\"><a href=\"https:\/\/vicnezbuh.cz\/wordpress\/elektrokolo-gunai-gn88\/\" rel=\"bookmark\">elektrokolo GUNAI GN88<\/a><\/h2> \n\t\t\t\n\n\t\t<p>Koupil jsem si elektrokolo GUNAI GN88. Cht\u011bl jsem si koupit\u00a0 LANKELEISI MG740 PLUS, koukal jsem na videa, recenze a pak se objevilo v nab\u00eddce e-shopu GUNAI GN88. \u0160el jsem do n\u011bho, kdy\u017e jsem vid\u011bl, \u017ee m\u00e1 siln\u011bj\u0161\u00ed baterii a p\u0159esmyka\u010d. Nevadilo mi, \u017ee ovlada\u010d motoru nem\u00e1 ukryt\u00fd v r\u00e1mu a m\u00e1 men\u0161\u00ed brzdov\u00e9 kotou\u010de, byla [&hellip;]<\/p>\n\n\t\t\t\t<!-- meta data -->\r\n\t\t<div class=\"post_data\">\r\n\r\n\t\t\t\t\t\t<!-- user -->\r\n\t\t\t<span class=\"icon-user user margin-right20\"><a href=\"https:\/\/vicnezbuh.cz\/wordpress\/author\/admin\/\" title=\"P\u0159\u00edsp\u011bvky od admin\" rel=\"author\">admin<\/a><\/span>\r\n\t\t\t\r\n\t\t\t\t\t\t<!-- categories -->\r\n\t\t\t<span class=\"icon-flow-cascade categories\"><a href=\"https:\/\/vicnezbuh.cz\/wordpress\/category\/nezarazene\/\" rel=\"category tag\">Neza\u0159azen\u00e9<\/a><\/span>\r\n\t\t\t\r\n\t\t\t\r\n\t\t\t\t\t\t<!-- comments -->\r\n\t\t\t<span class=\"icon-chat-empty comment_link\"><a href=\"https:\/\/vicnezbuh.cz\/wordpress\/elektrokolo-gunai-gn88\/#respond\" title=\"0 Comment\" class=\"comment_link\">0 Comment<\/a><\/span>\r\n\t\t\t\r\n\t\t<\/div><!-- \/ end div  .post_data -->\r\n\t\n\t<\/div> \n\n<\/article> \n<!-- \/ blog box-->\n<\/div>\n<div class=\"col col-sm-4\">\n \n\n<!-- blog box-->\n<article class=\"loop post-8337 post type-post status-publish format-standard hentry category-nezarazene\" id=\"post-8337\">\n\t\t\n\t\n\t\n\n\t \n\t<div class=\"text entry-content\">\n\n\t\t<!-- blog headline-->\n\t\t<h2 class=\"entry-title\"><a href=\"https:\/\/vicnezbuh.cz\/wordpress\/odkazy-pryc\/\" rel=\"bookmark\">Odkazy pry\u010d<\/a><\/h2> \n\t\t\t\n\n\t\t<p>Odkazy na jin\u00e9 str\u00e1nky &nbsp; &nbsp; OneDriveDiskov\u00fd prostor na internetu od Microsoftu pro mobil a PC (15GB na data + 15GB na fotky + BONUS). VLC&nbsp; &nbsp; &nbsp;SmartDVB&nbsp; &nbsp; SichboPVR Programy pro p\u0159ehr\u00e1v\u00e1n\u00ed multim\u00e9di\u00ed a ovl\u00e1d\u00e1n\u00ed TV karty v po\u010d\u00edta\u010di. WedosVlastn\u00ed webov\u00e9 str\u00e1nky s vlastn\u00ed dom\u00e9nou Steam&nbsp; &nbsp; Origin&nbsp; &nbsp; Epicgames &nbsp; Uplay&nbsp; &nbsp;Humble Bundle&nbsp; [&hellip;]<\/p>\n\n\t\t\t\t<!-- meta data -->\r\n\t\t<div class=\"post_data\">\r\n\r\n\t\t\t\t\t\t<!-- user -->\r\n\t\t\t<span class=\"icon-user user margin-right20\"><a href=\"https:\/\/vicnezbuh.cz\/wordpress\/author\/admin\/\" title=\"P\u0159\u00edsp\u011bvky od admin\" rel=\"author\">admin<\/a><\/span>\r\n\t\t\t\r\n\t\t\t\t\t\t<!-- categories -->\r\n\t\t\t<span class=\"icon-flow-cascade categories\"><a href=\"https:\/\/vicnezbuh.cz\/wordpress\/category\/nezarazene\/\" rel=\"category tag\">Neza\u0159azen\u00e9<\/a><\/span>\r\n\t\t\t\r\n\t\t\t\r\n\t\t\t\t\t\t<!-- comments -->\r\n\t\t\t<span class=\"icon-chat-empty comment_link\"><a href=\"https:\/\/vicnezbuh.cz\/wordpress\/odkazy-pryc\/#respond\" title=\"0 Comment\" class=\"comment_link\">0 Comment<\/a><\/span>\r\n\t\t\t\r\n\t\t<\/div><!-- \/ end div  .post_data -->\r\n\t\n\t<\/div> \n\n<\/article> \n<!-- \/ blog box-->\n<\/div>\n<div class=\"col col-sm-4\">\n \n\n<!-- blog box-->\n<article class=\"loop post-7960 post type-post status-publish format-standard has-post-thumbnail hentry category-vydelek tag-vydelek\" id=\"post-7960\">\n\t\t\n\t\n\t\n\t<figure class=\"featured_image featured_media\">\n\n\t\t\n\t\t\t\t<a id=\"lightbox-879713\" class=\"imgeffect zoom lightbox_ featured_image\" data-group=\"image_7971\" title=\"Enlarge Image\" data-title=\"Berte pen\u00edze, kdy\u017e je nab\u00edz\u00ed!\" data-sub-html=\"#lightbox-879713-description\" data-thumbnail=\"https:\/\/vicnezbuh.cz\/wordpress\/wp-content\/uploads\/2016\/05\/vydelek-75x50.jpg\" data-thumbTooltip=\"\" data-scaleUp=\"\" data-href=\"\" data-width=\"\" data-height=\"\" data-flashHasPriority=\"\" data-poster=\"\" data-autoplay=\"\" data-audiotitle=\"\" data-html=\"\" href=\"https:\/\/vicnezbuh.cz\/wordpress\/wp-content\/uploads\/2016\/05\/vydelek.jpg\" ><img decoding=\"async\" src=\"https:\/\/vicnezbuh.cz\/wordpress\/wp-content\/uploads\/2016\/05\/vydelek-480x480.jpg\" alt=\"\" class=\"\" \/><\/a>\r\n\t\t\t<div class=\"lighbox-description hidden\" id=\"lightbox-879713-description\">\r\n\t\t\t\t<strong>Berte pen\u00edze, kdy\u017e je nab\u00edz\u00ed!<\/strong><br>\r\n\t\t\t\t\r\n\t\t\t<\/div>\t\t\t\t<span class=\"format-icon icon-pencil\"><\/span>\n\n\t\t\t\n\t<\/figure> \n\t\n\n\t \n\t<div class=\"text entry-content\">\n\n\t\t<!-- blog headline-->\n\t\t<h2 class=\"entry-title\"><a href=\"https:\/\/vicnezbuh.cz\/wordpress\/podojte-banky\/\" rel=\"bookmark\">Berte pen\u00edze, kdy\u017e je nab\u00edz\u00ed!<\/a><\/h2> \n\t\t\t\n\n\t\t<p>Podojte banky &nbsp; Ka\u017ed\u00fd, kdo si z\u0159\u00edd\u00ed \u00fa\u010det u t\u00fdhle banky dostane bonus 500 K\u010d na \u00fa\u010det. Akce plat\u00ed do 31.05. 2016 a mo\u017en\u00e1, \u017ee to prodlou\u017e\u00ed na d\u00fdl v r\u00e1mci konkurence. (odkaz) Po\u0161tovn\u00ed spo\u0159itelny (\u010cSOB) u t\u00fdhle banky m\u00e1m p\u0159es 22 let \u00fa\u010det, a kdy\u017e jsem cht\u011bl od nich p\u016fj\u010dit celkem dost pen\u011bz na [&hellip;]<\/p>\n\n\t\t\t\t<!-- meta data -->\r\n\t\t<div class=\"post_data\">\r\n\r\n\t\t\t\t\t\t<!-- user -->\r\n\t\t\t<span class=\"icon-user user margin-right20\"><a href=\"https:\/\/vicnezbuh.cz\/wordpress\/author\/admin\/\" title=\"P\u0159\u00edsp\u011bvky od admin\" rel=\"author\">admin<\/a><\/span>\r\n\t\t\t\r\n\t\t\t\t\t\t<!-- categories -->\r\n\t\t\t<span class=\"icon-flow-cascade categories\"><a href=\"https:\/\/vicnezbuh.cz\/wordpress\/category\/vydelek\/\" rel=\"category tag\">v\u00fdd\u011blek<\/a><\/span>\r\n\t\t\t\r\n\t\t\t\r\n\t\t\t\t\t\t<!-- comments -->\r\n\t\t\t<span class=\"icon-chat-empty comment_link\"><a href=\"https:\/\/vicnezbuh.cz\/wordpress\/podojte-banky\/#respond\" title=\"0 Comment\" class=\"comment_link\">0 Comment<\/a><\/span>\r\n\t\t\t\r\n\t\t<\/div><!-- \/ end div  .post_data -->\r\n\t\n\t<\/div> \n\n<\/article> \n<!-- \/ blog box-->\n<\/div>\n<\/div>\n<div class=\"row clearfix\">\n<div class=\"col col-sm-4\">\n \n\n<!-- blog box-->\n<article class=\"loop post-7744 post type-post status-publish format-video hentry category-video post_format-post-format-video\" id=\"post-7744\">\n\t\n\t\n\t\t<div class=\"featured_video featured_media\">\n\t\t\r\n\t\t\t\t<div id=\"video-7744\" class=\"rt-hosted-media mejs-wrapper mejs-orange\">\r\n\t\t\t\t\t<video controls=\"controls\" preload=\"none\" poster=\"\">\r\n\t\t\t\t\t\t<source src=\"http:\/\/www.vicnezbuh.cz\/soubory\/srpen2015_FTV_Prima_mouchy.mp4\" type=\"video\/mp4\" title=\"mp4\">\r\n\t\t\t\t\t\t<source src=\"\" type=\"video\/webm\" title=\"mp4\">\r\n\t\t\t\t\t<\/video>\r\n\r\n\t\t\t\t<\/div><!-- close .responsive-wrapper -->\r\n\t\t\t\t<\/div> \t\t\n\t\n\n\t \n\t<div class=\"text entry-content\">\n\n\t\t<!-- blog headline-->\n\t\t<h2 class=\"entry-title\"><a href=\"https:\/\/vicnezbuh.cz\/wordpress\/mouchy\/\" rel=\"bookmark\">Mouchy<\/a><\/h2> \n\t\t\t\n\n\t\t<p>Dal\u0161\u00ed zaj\u00edmavost nahran\u00e1 z televize. Jestlipak i letos tam budou m\u00edt \u201evzr\u016f\u0161o&#8220;. Ta slepi\u010d\u00e1rna nedaleko vesnic jim d\u011bl\u00e1 probl\u00e9my. U\u017e byla pohroma brouk\u016f potemn\u00edk\u016f, otr\u00e1ven\u00fdch ryb ve dvou chovn\u00fdch rybn\u00edc\u00edch a te\u010f tam m\u011bli mouchy. N\u011bkdo jim tam prod\u00e1v\u00e1 mucholapky za dvojn\u00e1sobnou cenu vypl\u00fdv\u00e1 z report\u00e1\u017ee jak tvrd\u00ed d\u016fchodce, \u017ee plat\u00ed 9 K\u010d za kus [&hellip;]<\/p>\n\n\t\t\t\t<!-- meta data -->\r\n\t\t<div class=\"post_data\">\r\n\r\n\t\t\t\t\t\t<!-- user -->\r\n\t\t\t<span class=\"icon-user user margin-right20\"><a href=\"https:\/\/vicnezbuh.cz\/wordpress\/author\/admin\/\" title=\"P\u0159\u00edsp\u011bvky od admin\" rel=\"author\">admin<\/a><\/span>\r\n\t\t\t\r\n\t\t\t\t\t\t<!-- categories -->\r\n\t\t\t<span class=\"icon-flow-cascade categories\"><a href=\"https:\/\/vicnezbuh.cz\/wordpress\/category\/video\/\" rel=\"category tag\">video<\/a><\/span>\r\n\t\t\t\r\n\t\t\t\r\n\t\t\t\t\t\t<!-- comments -->\r\n\t\t\t<span class=\"icon-chat-empty comment_link\"><a href=\"https:\/\/vicnezbuh.cz\/wordpress\/mouchy\/#respond\" title=\"0 Comment\" class=\"comment_link\">0 Comment<\/a><\/span>\r\n\t\t\t\r\n\t\t<\/div><!-- \/ end div  .post_data -->\r\n\t\t<\/div> \n\n<\/article> \n<!-- \/ blog box--><\/div>\n<div class=\"col col-sm-4\">\n \n\n<!-- blog box-->\n<article class=\"loop post-7739 post type-post status-publish format-video hentry category-politika category-video tag-politika post_format-post-format-video\" id=\"post-7739\">\n\t\n\t\n\t\t<div class=\"featured_video featured_media\">\n\t\t\r\n\t\t\t\t<div id=\"video-7739\" class=\"rt-hosted-media mejs-wrapper mejs-orange\">\r\n\t\t\t\t\t<video controls=\"controls\" preload=\"none\" poster=\"\">\r\n\t\t\t\t\t\t<source src=\"http:\/\/www.vicnezbuh.cz\/soubory\/11032016_tvnova_zpravy_zeman.mp4\" type=\"video\/mp4\" title=\"mp4\">\r\n\t\t\t\t\t\t<source src=\"\" type=\"video\/webm\" title=\"mp4\">\r\n\t\t\t\t\t<\/video>\r\n\r\n\t\t\t\t<\/div><!-- close .responsive-wrapper -->\r\n\t\t\t\t<\/div> \t\t\n\t\n\n\t \n\t<div class=\"text entry-content\">\n\n\t\t<!-- blog headline-->\n\t\t<h2 class=\"entry-title\"><a href=\"https:\/\/vicnezbuh.cz\/wordpress\/zeman-ve-videu\/\" rel=\"bookmark\">Zeman ve videu<\/a><\/h2> \n\t\t\t\n\n\t\t<p>P\u0159ed necel\u00fdm \u010dtvrtstolet\u00edm jsme byli zkoum\u00e1ni odborn\u00edky a do\u0161li k z\u00e1v\u011bru, \u017ee je t\u0159etina obyvatel republiky slab\u00e1 duchem, ka\u017ed\u00fd sedm\u00fd ob\u010dan je debiln\u00ed, dementn\u00ed nebo alkoholik. To jsem se dozv\u011bd\u011bl ze zpr\u00e1v v televizi.<\/p>\n\n\t\t\t\t<!-- meta data -->\r\n\t\t<div class=\"post_data\">\r\n\r\n\t\t\t\t\t\t<!-- user -->\r\n\t\t\t<span class=\"icon-user user margin-right20\"><a href=\"https:\/\/vicnezbuh.cz\/wordpress\/author\/admin\/\" title=\"P\u0159\u00edsp\u011bvky od admin\" rel=\"author\">admin<\/a><\/span>\r\n\t\t\t\r\n\t\t\t\t\t\t<!-- categories -->\r\n\t\t\t<span class=\"icon-flow-cascade categories\"><a href=\"https:\/\/vicnezbuh.cz\/wordpress\/category\/politika\/\" rel=\"category tag\">politika<\/a>, <a href=\"https:\/\/vicnezbuh.cz\/wordpress\/category\/video\/\" rel=\"category tag\">video<\/a><\/span>\r\n\t\t\t\r\n\t\t\t\r\n\t\t\t\t\t\t<!-- comments -->\r\n\t\t\t<span class=\"icon-chat-empty comment_link\"><a href=\"https:\/\/vicnezbuh.cz\/wordpress\/zeman-ve-videu\/#respond\" title=\"0 Comment\" class=\"comment_link\">0 Comment<\/a><\/span>\r\n\t\t\t\r\n\t\t<\/div><!-- \/ end div  .post_data -->\r\n\t\t<\/div> \n\n<\/article> \n<!-- \/ blog box--><\/div>\n<div class=\"col col-sm-4\">\n \n\n<!-- blog box-->\n<article class=\"loop post-7494 post type-post status-publish format-standard hentry category-navody category-pocitace-a-internet category-prace\" id=\"post-7494\">\n\t\t\n\t\n\t\n\n\t \n\t<div class=\"text entry-content\">\n\n\t\t<!-- blog headline-->\n\t\t<h2 class=\"entry-title\"><a href=\"https:\/\/vicnezbuh.cz\/wordpress\/vytvoreni-stranek\/\" rel=\"bookmark\">Vytvo\u0159en\u00ed str\u00e1nek<\/a><\/h2> \n\t\t\t\n\n\t\t<p>Str\u00e1nky \u201eze \u0161ablony&#8220; zalo\u017een\u00fd na syst\u00e9mu WordPress nebo BlogEngine.NET, kde si m\u016f\u017eete vyb\u00edrat vzhled str\u00e1nek (uk\u00e1zky) a p\u0159id\u00e1vat obsah skrz webov\u00fd prohl\u00ed\u017ee\u010d. Je to levn\u00fd a jednoduch\u00fd \u0159e\u0161en\u00fd prezentace firmy, OSV\u010c, spolku nebo jednotlivc\u016f na internetu. Pokud chcete takov\u00fd str\u00e1nky na vlastn\u00ed dom\u00e9n\u011b, tak mi sta\u010d\u00ed jen zaplatit, zvolit volnou dom\u00e9nu, tvar e-mailu (cokoliv@zvolen\u00e1dom\u00e9na.cz) a [&hellip;]<\/p>\n\n\t\t\t\t<!-- meta data -->\r\n\t\t<div class=\"post_data\">\r\n\r\n\t\t\t\t\t\t<!-- user -->\r\n\t\t\t<span class=\"icon-user user margin-right20\"><a href=\"https:\/\/vicnezbuh.cz\/wordpress\/author\/admin\/\" title=\"P\u0159\u00edsp\u011bvky od admin\" rel=\"author\">admin<\/a><\/span>\r\n\t\t\t\r\n\t\t\t\t\t\t<!-- categories -->\r\n\t\t\t<span class=\"icon-flow-cascade categories\"><a href=\"https:\/\/vicnezbuh.cz\/wordpress\/category\/pocitace-a-internet\/navody\/\" rel=\"category tag\">N\u00e1vody<\/a>, <a href=\"https:\/\/vicnezbuh.cz\/wordpress\/category\/pocitace-a-internet\/\" rel=\"category tag\">Po\u010d\u00edta\u010de a internet<\/a>, <a href=\"https:\/\/vicnezbuh.cz\/wordpress\/category\/prace\/\" rel=\"category tag\">pr\u00e1ce<\/a><\/span>\r\n\t\t\t\r\n\t\t\t\r\n\t\t\t\r\n\t\t<\/div><!-- \/ end div  .post_data -->\r\n\t\n\t<\/div> \n\n<\/article> \n<!-- \/ blog box-->\n<\/div>\n<\/div>\n<div class=\"row clearfix\">\n<div class=\"col col-sm-4\">\n \n\n<!-- blog box-->\n<article class=\"loop post-7423 post type-post status-publish format-standard has-post-thumbnail hentry category-navody category-pocitace-a-internet tag-wordpress\" id=\"post-7423\">\n\t\t\n\t\n\t\n\t<figure class=\"featured_image featured_media\">\n\n\t\t\n\t\t\t\t<a id=\"lightbox-889692\" class=\"imgeffect zoom lightbox_ featured_image\" data-group=\"image_7094\" title=\"Enlarge Image\" data-title=\"WordPress\" data-sub-html=\"#lightbox-889692-description\" data-thumbnail=\"https:\/\/vicnezbuh.cz\/wordpress\/wp-content\/uploads\/2016\/01\/screenshot-86-75x50.png\" data-thumbTooltip=\"\" data-scaleUp=\"\" data-href=\"\" data-width=\"\" data-height=\"\" data-flashHasPriority=\"\" data-poster=\"\" data-autoplay=\"\" data-audiotitle=\"\" data-html=\"\" href=\"https:\/\/vicnezbuh.cz\/wordpress\/wp-content\/uploads\/2016\/01\/screenshot-86.png\" ><img decoding=\"async\" src=\"https:\/\/vicnezbuh.cz\/wordpress\/wp-content\/uploads\/2016\/01\/screenshot-86-480x450.png\" alt=\"\" class=\"\" \/><\/a>\r\n\t\t\t<div class=\"lighbox-description hidden\" id=\"lightbox-889692-description\">\r\n\t\t\t\t<strong>WordPress<\/strong><br>\r\n\t\t\t\t\r\n\t\t\t<\/div>\t\t\t\t<span class=\"format-icon icon-pencil\"><\/span>\n\n\t\t\t\n\t<\/figure> \n\t\n\n\t \n\t<div class=\"text entry-content\">\n\n\t\t<!-- blog headline-->\n\t\t<h2 class=\"entry-title\"><a href=\"https:\/\/vicnezbuh.cz\/wordpress\/wordpress\/\" rel=\"bookmark\">WordPress<\/a><\/h2> \n\t\t\t\n\n\t\t<p>WordPress je publika\u010dn\u00ed syst\u00e9m, kter\u00fd se pou\u017e\u00edv\u00e1 na webov\u00e9 str\u00e1nky, blogy a e-shopy. K chodu pot\u0159ebuje webov\u00fd server, PHP a datab\u00e1zi MySQL V\u00fdhoda je, \u017ee obsah str\u00e1nek se upravuje skrz webov\u00fd prohl\u00ed\u017ee\u010d. Pro blogy se mi zd\u00e1 b\u00fdt lep\u0161\u00ed\u00a0BlogEngine.NET b\u011b\u017e\u00edc\u00ed na ASP.NET. Nepot\u0159ebuje pro sv\u016fj chod datab\u00e1zi, ukl\u00e1d\u00e1 texty do adres\u00e1\u0159e, pokud j\u00ed nechcete pou\u017e\u00edvat. [&hellip;]<\/p>\n\n\t\t\t\t<!-- meta data -->\r\n\t\t<div class=\"post_data\">\r\n\r\n\t\t\t\t\t\t<!-- user -->\r\n\t\t\t<span class=\"icon-user user margin-right20\"><a href=\"https:\/\/vicnezbuh.cz\/wordpress\/author\/admin\/\" title=\"P\u0159\u00edsp\u011bvky od admin\" rel=\"author\">admin<\/a><\/span>\r\n\t\t\t\r\n\t\t\t\t\t\t<!-- categories -->\r\n\t\t\t<span class=\"icon-flow-cascade categories\"><a href=\"https:\/\/vicnezbuh.cz\/wordpress\/category\/pocitace-a-internet\/navody\/\" rel=\"category tag\">N\u00e1vody<\/a>, <a href=\"https:\/\/vicnezbuh.cz\/wordpress\/category\/pocitace-a-internet\/\" rel=\"category tag\">Po\u010d\u00edta\u010de a internet<\/a><\/span>\r\n\t\t\t\r\n\t\t\t\r\n\t\t\t\t\t\t<!-- comments -->\r\n\t\t\t<span class=\"icon-chat-empty comment_link\"><a href=\"https:\/\/vicnezbuh.cz\/wordpress\/wordpress\/#respond\" title=\"0 Comment\" class=\"comment_link\">0 Comment<\/a><\/span>\r\n\t\t\t\r\n\t\t<\/div><!-- \/ end div  .post_data -->\r\n\t\n\t<\/div> \n\n<\/article> \n<!-- \/ blog box-->\n<\/div>\n<div class=\"col col-sm-4\">\n \n\n<!-- blog box-->\n<article class=\"loop post-7357 post type-post status-publish format-gallery has-post-thumbnail hentry category-navody category-pocitace-a-internet tag-asp-net tag-blogengine-net post_format-post-format-gallery\" id=\"post-7357\">\n\t\t\n\t\n\t\t<figure class=\"featured_image featured_media\">\n\t\t\t\t<a id=\"featured-image-7357\" class=\"imgeffect zoom lightbox_ featured_image\" data-group=\"image_7402\" title=\"BlogEngine.NET\" data-title=\"\" data-sub-html=\"\" data-thumbnail=\"https:\/\/vicnezbuh.cz\/wordpress\/wp-content\/uploads\/2016\/01\/ArthemiaTwilight-75x50.jpg\" data-thumbTooltip=\"\" data-scaleUp=\"\" data-href=\"\" data-width=\"\" data-height=\"\" data-flashHasPriority=\"\" data-poster=\"\" data-autoplay=\"\" data-audiotitle=\"\" data-html=\"\" href=\"https:\/\/vicnezbuh.cz\/wordpress\/wp-content\/uploads\/2016\/01\/ArthemiaTwilight.jpg\" ><img decoding=\"async\" src=\"https:\/\/vicnezbuh.cz\/wordpress\/wp-content\/uploads\/2016\/01\/ArthemiaTwilight.jpg\" alt=\"\" class=\"\" \/><\/a>\t\t<span class=\"format-icon icon-picture\"><\/span>\n\t\t\t\t\t\n\t<\/figure> \n\t\n\t \n\n\n\t \n\t<div class=\"text entry-content\">\n\n\t\t<!-- blog headline-->\n\t\t<h2 class=\"entry-title\"><a href=\"https:\/\/vicnezbuh.cz\/wordpress\/blogengine-net\/\" rel=\"bookmark\">BlogEngine.NET<\/a><\/h2> \t\t\t\n\n\t\t<p>Vy\u0161la nov\u00e1 verze blogovac\u00edho syst\u00e9mu zalo\u017een\u00e9ho na ASP.NET. (sta\u017een\u00ed) Je to podle m\u011b na blogov\u00e1n\u00ed lep\u0161\u00ed ne\u017e WordPress. Je rychlej\u0161\u00ed na zobrazov\u00e1n\u00ed str\u00e1nek, ale bohu\u017eel nem\u00e1 tolik \u0161ablon. Kliknut\u00edm na obr\u00e1zek se otev\u0159e galerie vzhled\u016f pro listov\u00e1n\u00ed. Vyzkou\u0161et si ho m\u016f\u017eete tady: odkaz &nbsp;<\/p>\n\n\t\t\t\t<!-- meta data -->\r\n\t\t<div class=\"post_data\">\r\n\r\n\t\t\t\t\t\t<!-- user -->\r\n\t\t\t<span class=\"icon-user user margin-right20\"><a href=\"https:\/\/vicnezbuh.cz\/wordpress\/author\/admin\/\" title=\"P\u0159\u00edsp\u011bvky od admin\" rel=\"author\">admin<\/a><\/span>\r\n\t\t\t\r\n\t\t\t\t\t\t<!-- categories -->\r\n\t\t\t<span class=\"icon-flow-cascade categories\"><a href=\"https:\/\/vicnezbuh.cz\/wordpress\/category\/pocitace-a-internet\/navody\/\" rel=\"category tag\">N\u00e1vody<\/a>, <a href=\"https:\/\/vicnezbuh.cz\/wordpress\/category\/pocitace-a-internet\/\" rel=\"category tag\">Po\u010d\u00edta\u010de a internet<\/a><\/span>\r\n\t\t\t\r\n\t\t\t\r\n\t\t\t\r\n\t\t<\/div><!-- \/ end div  .post_data -->\r\n\t\n\t<\/div> \n\n<\/article> \n<!-- \/ blog box--><\/div>\n<div class=\"col col-sm-4\">\n \n\n<!-- blog box-->\n<article class=\"loop post-7325 post type-post status-publish format-standard hentry category-nezarazene\" id=\"post-7325\">\n\t\t\n\t\n\t\n\n\t \n\t<div class=\"text entry-content\">\n\n\t\t<!-- blog headline-->\n\t\t<h2 class=\"entry-title\"><a href=\"https:\/\/vicnezbuh.cz\/wordpress\/charita\/\" rel=\"bookmark\">Charita<\/a><\/h2> \n\t\t\t\n\n\t\t<p>Lidi, pokud chcete poslat pen\u00edze pro zlep\u0161en\u00ed sv\u00fd n\u00e1lady nebo pro pot\u011b\u0161en\u00ed jin\u00fdch, tak jedin\u011b p\u0159\u00edmo k c\u00edli! Jestli to po\u0161lete p\u0159es n\u011bjakou p\u0159\u00edsp\u011bvkovou organizaci, spolek, tak 3\/4 z va\u0161\u00ed \u010d\u00e1stky \u201espot\u0159ebuj\u00ed&#8220; do vlastn\u00ed kapsy! Doporu\u010duji D\u011btsk\u00e9 domovy , kter\u00e9 maj\u00ed na sv\u00fdch str\u00e1nk\u00e1ch i \u010d\u00edslo \u00fa\u010dtu. Pokud chcete potvrzen\u00ed o daru, abyste to mohli [&hellip;]<\/p>\n\n\t\t\t\t<!-- meta data -->\r\n\t\t<div class=\"post_data\">\r\n\r\n\t\t\t\t\t\t<!-- user -->\r\n\t\t\t<span class=\"icon-user user margin-right20\"><a href=\"https:\/\/vicnezbuh.cz\/wordpress\/author\/admin\/\" title=\"P\u0159\u00edsp\u011bvky od admin\" rel=\"author\">admin<\/a><\/span>\r\n\t\t\t\r\n\t\t\t\t\t\t<!-- categories -->\r\n\t\t\t<span class=\"icon-flow-cascade categories\"><a href=\"https:\/\/vicnezbuh.cz\/wordpress\/category\/nezarazene\/\" rel=\"category tag\">Neza\u0159azen\u00e9<\/a><\/span>\r\n\t\t\t\r\n\t\t\t\r\n\t\t\t\r\n\t\t<\/div><!-- \/ end div  .post_data -->\r\n\t\n\t<\/div> \n\n<\/article> \n<!-- \/ blog box-->\n<\/div>\n<\/div>\n<\/div>\n<div class=\"paging_wrapper margin-t30 margin-b30\"><ul class='page-numbers'>\n\t<li><span aria-current=\"page\" class=\"page-numbers current\">1<\/span><\/li>\n\t<li><a class=\"page-numbers\" href=\"https:\/\/vicnezbuh.cz\/wordpress\/wp-json\/wp\/v2\/pages\/2522\/page\/2\/\">2<\/a><\/li>\n\t<li><a class=\"page-numbers\" href=\"https:\/\/vicnezbuh.cz\/wordpress\/wp-json\/wp\/v2\/pages\/2522\/page\/3\/\">3<\/a><\/li>\n\t<li><a class=\"page-numbers\" href=\"https:\/\/vicnezbuh.cz\/wordpress\/wp-json\/wp\/v2\/pages\/2522\/page\/4\/\">4<\/a><\/li>\n\t<li><a class=\"next page-numbers\" href=\"https:\/\/vicnezbuh.cz\/wordpress\/wp-json\/wp\/v2\/pages\/2522\/page\/2\/\"><span class=\"icon-angle-right\"><\/span><\/a><\/li>\n<\/ul>\n<\/div>[\/vc_column][\/vc_row]<\/p>\n","protected":false},"excerpt":{"rendered":"<p>[vc_row rt_row_background_width=&#8220;default&#8220; rt_row_style=&#8220;default-style&#8220; rt_row_borders=&#8220;&#8220; rt_overlap=&#8220;true&#8220; rt_row_paddings=&#8220;true&#8220; rt_bg_effect=&#8220;classic&#8220; rt_bg_image_repeat=&#8220;repeat&#8220; rt_bg_size=&#8220;cover&#8220; rt_bg_position=&#8220;right top&#8220; rt_bg_attachment=&#8220;scroll&#8220; rt_bg_video_format=&#8220;self-hosted&#8220;][vc_column rt_bg_image_repeat=&#8220;repeat&#8220; rt_bg_size=&#8220;auto auto&#8220; rt_bg_attachment=&#8220;scroll&#8220;][\/vc_column][\/vc_row]<\/p>\n","protected":false},"author":1,"featured_media":0,"parent":0,"menu_order":0,"comment_status":"open","ping_status":"open","template":"","meta":{"footnotes":""},"class_list":["post-2522","page","type-page","status-publish","hentry"],"_links":{"self":[{"href":"https:\/\/vicnezbuh.cz\/wordpress\/wp-json\/wp\/v2\/pages\/2522","targetHints":{"allow":["GET"]}}],"collection":[{"href":"https:\/\/vicnezbuh.cz\/wordpress\/wp-json\/wp\/v2\/pages"}],"about":[{"href":"https:\/\/vicnezbuh.cz\/wordpress\/wp-json\/wp\/v2\/types\/page"}],"author":[{"embeddable":true,"href":"https:\/\/vicnezbuh.cz\/wordpress\/wp-json\/wp\/v2\/users\/1"}],"replies":[{"embeddable":true,"href":"https:\/\/vicnezbuh.cz\/wordpress\/wp-json\/wp\/v2\/comments?post=2522"}],"version-history":[{"count":4,"href":"https:\/\/vicnezbuh.cz\/wordpress\/wp-json\/wp\/v2\/pages\/2522\/revisions"}],"predecessor-version":[{"id":7436,"href":"https:\/\/vicnezbuh.cz\/wordpress\/wp-json\/wp\/v2\/pages\/2522\/revisions\/7436"}],"wp:attachment":[{"href":"https:\/\/vicnezbuh.cz\/wordpress\/wp-json\/wp\/v2\/media?parent=2522"}],"curies":[{"name":"wp","href":"https:\/\/api.w.org\/{rel}","templated":true}]}}