{"id":2472,"date":"2015-02-18T23:14:26","date_gmt":"2015-02-18T23:14:26","guid":{"rendered":"http:\/\/rttheme19.rtthemes.com\/?page_id=2472"},"modified":"2015-02-18T23:14:26","modified_gmt":"2015-02-18T23:14:26","slug":"shop-page-with-custom-layout","status":"publish","type":"page","link":"https:\/\/vicnezbuh.cz\/wordpress\/shop-page-with-custom-layout\/","title":{"rendered":"Shop Page With Custom Layout"},"content":{"rendered":"<p>[vc_row rt_row_background_width=&#8220;fullwidth&#8220; rt_row_content_width=&#8220;default&#8220; rt_row_style=&#8220;default-style&#8220; rt_row_borders=&#8220;&#8220; rt_overlap=&#8220;&#8220; rt_grid=&#8220;true&#8220; rt_row_paddings=&#8220;true&#8220; rt_bg_effect=&#8220;parallax&#8220; rt_bg_parallax_effect=&#8220;4&#8243; rt_bg_image_repeat=&#8220;no-repeat&#8220; rt_bg_size=&#8220;cover&#8220; rt_bg_position=&#8220;center center&#8220; rt_bg_attachment=&#8220;scroll&#8220; rt_bg_image=&#8220;2478&#8243; rt_padding_top=&#8220;120&#8243; rt_padding_bottom=&#8220;160&#8243; rt_padding_left=&#8220;0&#8243; rt_padding_right=&#8220;0&#8243;][vc_column width=&#8220;2\/3&#8243; rt_color_set=&#8220;light-style&#8220; rt_bg_image_repeat=&#8220;repeat&#8220; rt_bg_size=&#8220;auto auto&#8220; rt_bg_attachment=&#8220;scroll&#8220; rt_padding_top=&#8220;80&#8243; rt_padding_bottom=&#8220;20&#8243; rt_padding_left=&#8220;40&#8243; rt_padding_right=&#8220;40&#8243; rt_bg_color=&#8220;rgba(0,0,0,0.18)&#8220;]<div class=\"rt_heading_wrapper style-4\">\n\t\t\t\t\t\t<span class=\"punchline\">our newest products<\/span><h1 class=\"rt_heading  with_punchline style-4\" >WINTER \/ FALL 2015<\/h1>\n\t\t\t\t\t<\/div><div class=\"button_wrapper  aligncenter\"><a  href=\"\" target=\"_self\" title=\"CHECK ALL PRODUCTS\" class=\"button_  default medium\"><span class=\"icon-angle-right\"><\/span>CHECK ALL PRODUCTS<\/a><\/div>[\/vc_column][vc_column width=&#8220;1\/3&#8243; rt_color_set=&#8220;default-style&#8220; rt_bg_image_repeat=&#8220;repeat&#8220; rt_bg_size=&#8220;auto auto&#8220; rt_bg_attachment=&#8220;scroll&#8220; rt_padding_top=&#8220;40&#8243; rt_padding_bottom=&#8220;40&#8243; rt_padding_left=&#8220;40&#8243; rt_padding_right=&#8220;40&#8243;][woo_product_carousel list_layout=&#8220;1\/1&#8243; max_item=&#8220;4&#8243; nav=&#8220;false&#8220; dots=&#8220;true&#8220; list_orderby=&#8220;date&#8220; list_order=&#8220;DESC&#8220;][\/vc_column][\/vc_row][vc_row rt_row_background_width=&#8220;fullwidth&#8220; rt_row_content_width=&#8220;default&#8220; rt_row_style=&#8220;default-style&#8220; rt_grid=&#8220;true&#8220; rt_row_paddings=&#8220;true&#8220; rt_bg_effect=&#8220;classic&#8220; rt_bg_parallax_effect=&#8220;1&#8243; rt_bg_image_repeat=&#8220;repeat&#8220; rt_bg_size=&#8220;cover&#8220; rt_bg_position=&#8220;right top&#8220; rt_bg_attachment=&#8220;scroll&#8220; rt_overlap=&#8220;&#8220; rt_row_borders=&#8220;&#8220; rt_padding_top=&#8220;40&#8243; rt_padding_bottom=&#8220;40&#8243;][vc_column width=&#8220;1\/3&#8243; rt_color_set=&#8220;global-style&#8220; css=&#8220;.vc_custom_1421091415717{padding-top: 70px !important;}&#8220;]<article  class=\"icon-content-box content-box icon-top icon-style-3\"><div class=\"icon-holder\"><a href=\"#\" title=\"\" target=\"_self\"><span class=\"icon-new-link-1\"><\/span><\/a><\/div><div class=\"text-holder\">\n\t<h4 class=\"heading\">\n\t\t<a href=\"#\" title=\"Box Heading\" target=\"_self\">\n\t\t\tBox Heading\n\t\t<\/a>\n\t<\/h4> <p class=\"aligncenter\">Donec sed porttitor risus. Aliquam lacinia scelerisque magna quis interdum? Integer congue consequat nulla sit amet vestibulum<\/p>\n<\/div><\/article>[\/vc_column][vc_column width=&#8220;1\/3&#8243;]<article  class=\"icon-content-box content-box icon-top icon-style-3\"><div class=\"icon-holder\"><a href=\"#\" title=\"\" target=\"_self\"><span class=\"icon-new-user-1\"><\/span><\/a><\/div><div class=\"text-holder\">\n\t<h4 class=\"heading\">\n\t\t<a href=\"#\" title=\"Box Heading\" target=\"_self\">\n\t\t\tBox Heading\n\t\t<\/a>\n\t<\/h4> <p class=\"aligncenter\">Sed purus augue, ultrices et tincidunt a, sodales non dui? Curabitur ac metus eu erat ultrices facilisis. Lorem ipsum dolor sit amet, consectetur adipiscing elit.<\/p>\n<\/div><\/article>[\/vc_column][vc_column width=&#8220;1\/3&#8243;]<article  class=\"icon-content-box content-box icon-top icon-style-3\"><div class=\"icon-holder\"><a href=\"#\" title=\"\" target=\"_self\"><span class=\"icon-new-heart-1\"><\/span><\/a><\/div><div class=\"text-holder\">\n\t<h4 class=\"heading\">\n\t\t<a href=\"#\" title=\"Box Heading\" target=\"_self\">\n\t\t\tBox Heading\n\t\t<\/a>\n\t<\/h4> <p class=\"aligncenter\">Ut tristique sit amet ipsum nec bibendum. Suspendisse potenti. Nam non neque semper, consequat tellus quis, tincidunt lorem.<\/p>\n<\/div><\/article>[\/vc_column][\/vc_row][vc_row rt_row_background_width=&#8220;fullwidth&#8220; rt_row_content_width=&#8220;default&#8220; rt_row_style=&#8220;alt-style-1&#8243; rt_grid=&#8220;true&#8220; rt_row_paddings=&#8220;true&#8220; rt_bg_effect=&#8220;classic&#8220; rt_bg_parallax_effect=&#8220;1&#8243; rt_bg_image_repeat=&#8220;repeat&#8220; rt_bg_size=&#8220;cover&#8220; rt_bg_position=&#8220;right top&#8220; rt_bg_attachment=&#8220;scroll&#8220; rt_padding_top=&#8220;60&#8243; rt_padding_bottom=&#8220;60&#8243; rt_row_borders=&#8220;&#8220; rt_overlap=&#8220;&#8220;][vc_column width=&#8220;1\/1&#8243;]<div class=\"rt_heading_wrapper style-4\">\n\t\t\t\t\t\t<span class=\"punchline\">JUST ARRIVED<\/span><h4 class=\"rt_heading  with_punchline style-4\" >OUR NEWEST PRODUCTS<\/h4>\n\t\t\t\t\t<\/div>[vc_column_text]<\/p>\n<p>Phasellus pellentesque urna quis felis laoreet vestibulum. Fusce gravida sit amet massa eu lobortis. Quisque hendrerit nisi a imperdiet congue.<\/p>\n<p>[\/vc_column_text]<div class=\"button_wrapper  aligncenter\"><a  href=\"#\" target=\"_self\" title=\"See All Products\" class=\"button_  default medium\"><span class=\"icon-angle-right\"><\/span>See All Products<\/a><\/div>[\/vc_column][\/vc_row][vc_row rt_row_background_width=&#8220;fullwidth&#8220; rt_row_content_width=&#8220;default&#8220; rt_row_style=&#8220;default-style&#8220; rt_grid=&#8220;true&#8220; rt_row_paddings=&#8220;true&#8220; rt_bg_effect=&#8220;classic&#8220; rt_bg_parallax_effect=&#8220;1&#8243; rt_bg_image_repeat=&#8220;repeat&#8220; rt_bg_size=&#8220;cover&#8220; rt_bg_position=&#8220;right top&#8220; rt_bg_attachment=&#8220;scroll&#8220; rt_padding_top=&#8220;60&#8243; rt_padding_bottom=&#8220;60&#8243; rt_row_borders=&#8220;&#8220; rt_overlap=&#8220;&#8220;][vc_column width=&#8220;1\/1&#8243;][woo_products list_layout=&#8220;1\/3&#8243; pagination=&#8220;false&#8220; list_orderby=&#8220;date&#8220; list_order=&#8220;ASC&#8220; item_per_page=&#8220;6&#8243;][\/vc_column][\/vc_row][vc_row rt_row_background_width=&#8220;fullwidth&#8220; rt_row_content_width=&#8220;default&#8220; rt_row_style=&#8220;default-style&#8220; rt_row_borders=&#8220;&#8220; rt_overlap=&#8220;&#8220; rt_grid=&#8220;true&#8220; rt_row_paddings=&#8220;true&#8220; rt_bg_effect=&#8220;parallax&#8220; rt_bg_parallax_effect=&#8220;4&#8243; rt_bg_image_repeat=&#8220;no-repeat&#8220; rt_bg_size=&#8220;cover&#8220; rt_bg_position=&#8220;center bottom&#8220; rt_bg_attachment=&#8220;scroll&#8220; rt_bg_image=&#8220;2479&#8243; rt_padding_top=&#8220;120&#8243; rt_padding_bottom=&#8220;160&#8243; rt_padding_left=&#8220;0&#8243; rt_padding_right=&#8220;0&#8243;][vc_column width=&#8220;1\/2&#8243; rt_color_set=&#8220;light-style&#8220; rt_bg_image_repeat=&#8220;repeat&#8220; rt_bg_size=&#8220;auto auto&#8220; rt_bg_attachment=&#8220;scroll&#8220; rt_padding_top=&#8220;80&#8243; rt_padding_bottom=&#8220;20&#8243; rt_padding_left=&#8220;40&#8243; rt_padding_right=&#8220;40&#8243; rt_bg_color=&#8220;rgba(0,0,0,0.25)&#8220;]<div class=\"rt_heading_wrapper style-4\">\n\t\t\t\t\t\t<span class=\"punchline\">our newest products<\/span><h1 class=\"rt_heading  with_punchline style-4\" >WINTER \/ FALL 2016<\/h1>\n\t\t\t\t\t<\/div><div class=\"button_wrapper  aligncenter\"><a  href=\"\" target=\"_self\" title=\"CHECK ALL PRODUCTS\" class=\"button_  default medium\"><span class=\"icon-angle-right\"><\/span>CHECK ALL PRODUCTS<\/a><\/div>[\/vc_column][vc_column width=&#8220;1\/2&#8243; rt_color_set=&#8220;default-style&#8220; rt_bg_image_repeat=&#8220;repeat&#8220; rt_bg_size=&#8220;auto auto&#8220; rt_bg_attachment=&#8220;scroll&#8220; rt_padding_top=&#8220;40&#8243; rt_padding_bottom=&#8220;40&#8243; rt_padding_left=&#8220;40&#8243; rt_padding_right=&#8220;40&#8243;][woo_product_carousel list_layout=&#8220;1\/1&#8243; max_item=&#8220;4&#8243; nav=&#8220;false&#8220; dots=&#8220;true&#8220; list_orderby=&#8220;date&#8220; list_order=&#8220;ASC&#8220;][\/vc_column][\/vc_row][vc_row rt_bg_effect=&#8220;classic&#8220; rt_bg_parallax_effect=&#8220;1&#8243; rt_bg_image_repeat=&#8220;repeat&#8220; rt_bg_size=&#8220;auto auto&#8220; rt_bg_attachment=&#8220;scroll&#8220; rt_row_width=&#8220;default&#8220; rt_row_style=&#8220;default-style&#8220; rt_padding_top=&#8220;50&#8243; rt_padding_bottom=&#8220;50&#8243; rt_grid=&#8220;true&#8220; rt_bg_position=&#8220;right top&#8220; rt_row_background_width=&#8220;fullwidth&#8220; rt_row_content_width=&#8220;default&#8220; rt_row_paddings=&#8220;true&#8220; rt_row_borders=&#8220;&#8220; rt_overlap=&#8220;&#8220;][vc_column width=&#8220;1\/2&#8243;]<div class=\"rt_heading_wrapper style-6\">\n\t\t\t\t\t\t<h4 class=\"rt_heading  style-6\" ><span class=\"icon-glyph-2 heading_icon\"><\/span>Lates News<\/h4>\n\t\t\t\t\t<\/div><section class=\"latest_news clearfix style-1\"><article>\n\n\t\t\t\t\t<div class=\"date\">\n\t\t\t\t\t\t<span class=\"day\">26<\/span>\n\t\t\t\t\t\t<span class=\"year\">\u010cvc 23<\/span>\n\t\t\t\t\t<\/div>\n\t\t\t\t\t\n\n\t\t\t\t\t<div class=\"text\">\n\t\t\t\t\t\t<h5 class=\"clean_heading\"><a class=\"title\" href=\"https:\/\/vicnezbuh.cz\/wordpress\/elektrokolo-gunai-gn88\/\" title=\"elektrokolo GUNAI GN88\" rel=\"bookmark\">elektrokolo GUNAI GN88<\/a><\/h5>\n\t\t\t\t\t\t<p>Koupil jsem si elektrokolo GUNAI GN88. Cht\u011bl jsem si koupit\u00a0 LANKELEISI MG740 PLUS, koukal jsem na v...<\/p>\n\t\t\t\t\t<\/div>\n\t\t\t\t\t\n<\/article>\n<article>\n\n\t\t\t\t\t<div class=\"date\">\n\t\t\t\t\t\t<span class=\"day\">21<\/span>\n\t\t\t\t\t\t<span class=\"year\">\u010cvn 20<\/span>\n\t\t\t\t\t<\/div>\n\t\t\t\t\t\n\n\t\t\t\t\t<div class=\"text\">\n\t\t\t\t\t\t<h5 class=\"clean_heading\"><a class=\"title\" href=\"https:\/\/vicnezbuh.cz\/wordpress\/odkazy-pryc\/\" title=\"Odkazy pry\u010d\" rel=\"bookmark\">Odkazy pry\u010d<\/a><\/h5>\n\t\t\t\t\t\t<p>Odkazy na jin\u00e9 str\u00e1nky &nbsp; &nbsp; OneDriveDiskov\u00fd prostor na internetu od Microsoftu pro mobil a...<\/p>\n\t\t\t\t\t<\/div>\n\t\t\t\t\t\n<\/article>\n<article>\n\n\t\t\t\t\t<div class=\"date\">\n\t\t\t\t\t\t<span class=\"day\">24<\/span>\n\t\t\t\t\t\t<span class=\"year\">Kv\u011b 16<\/span>\n\t\t\t\t\t<\/div>\n\t\t\t\t\t\n\n\t\t\t\t\t<div class=\"text\">\n\t\t\t\t\t\t<h5 class=\"clean_heading\"><a class=\"title\" href=\"https:\/\/vicnezbuh.cz\/wordpress\/podojte-banky\/\" title=\"Berte pen\u00edze, kdy\u017e je nab\u00edz\u00ed!\" rel=\"bookmark\">Berte pen\u00edze, kdy\u017e je nab\u00edz\u00ed!<\/a><\/h5>\n\t\t\t\t\t\t<p>Podojte banky &nbsp; Ka\u017ed\u00fd, kdo si z\u0159\u00edd\u00ed \u00fa\u010det u t\u00fdhle banky dostane bonus 500 K\u010d na \u00fa\u010det. Akce plat\u00ed...<\/p>\n\t\t\t\t\t<\/div>\n\t\t\t\t\t\n<\/article>\n<\/section>[\/vc_column][vc_column width=&#8220;1\/2&#8243;]<div class=\"rt_heading_wrapper style-6\">\n\t\t\t\t\t\t<h4 class=\"rt_heading  style-6\" ><span class=\"icon-glyph-15 heading_icon\"><\/span>Features You&#8217;ll Love!<\/h4>\n\t\t\t\t\t<\/div>[vc_column_text]Ut tristique sit amet ipsum nec bibendum. Suspendisse potenti. Nam non neque semper, consequat tellus quis, tincidunt lorem.[\/vc_column_text][vc_accordion style=&#8220;numbered&#8220;][vc_accordion_tab title=&#8220;Responsive Design&#8220;][vc_column_text]RT-Theme 19 has been designed to fit the screens of all popular devices such as tablets, smart phones and regular computers. You can test it by resizing your browser window.[\/vc_column_text][\/vc_accordion_tab][vc_accordion_tab title=&#8220;Theme Customizer&#8220;][vc_column_text]Customize colors, backgrounds, fonts, etc. and create your own color scheme by using the theme customizer panel. Or, select one of the 5 pre-made skins, customize them before save and publish your website.[\/vc_column_text][\/vc_accordion_tab][vc_accordion_tab title=&#8220;Drag &amp; Drop Page Builder &#8222;][vc_column_text]Theme comes with Visual Composer drag &amp; drop page builder. You can create complex page layouts easily by using this plugin. We also created 35 new modules for Visual Composer to make it much powerful.[\/vc_column_text][\/vc_accordion_tab][vc_accordion_tab title=&#8220;Individual Styling&#8220;][vc_column_text]You can customize body, header, left side, right side and footer of each page independently.[\/vc_column_text][\/vc_accordion_tab][vc_accordion_tab title=&#8220;Product Catalog or Shop&#8220;][vc_column_text]With our embedded Product Showcase tools you can showcase your products or services. With this very extendable tool, you are free to create a product catalog or service list such as tours etc. with nested categories.<\/p>\n<p>If you would like to sell your products online via various payment systems or mail order, you can install the free WooCommerce plugin. The theme not only supports the plugin it also promise a professional looking online store.[\/vc_column_text][\/vc_accordion_tab][\/vc_accordion][\/vc_column][\/vc_row]<\/p>\n","protected":false},"excerpt":{"rendered":"<p>[vc_row rt_row_background_width=&#8220;fullwidth&#8220; rt_row_content_width=&#8220;default&#8220; rt_row_style=&#8220;default-style&#8220; rt_row_borders=&#8220;&#8220; rt_overlap=&#8220;&#8220; rt_grid=&#8220;true&#8220; rt_row_paddings=&#8220;true&#8220; rt_bg_effect=&#8220;parallax&#8220; rt_bg_parallax_effect=&#8220;4&#8243; rt_bg_image_repeat=&#8220;no-repeat&#8220; rt_bg_size=&#8220;cover&#8220; rt_bg_position=&#8220;center center&#8220; rt_bg_attachment=&#8220;scroll&#8220; rt_bg_image=&#8220;2478&#8243; rt_padding_top=&#8220;120&#8243; rt_padding_bottom=&#8220;160&#8243; rt_padding_left=&#8220;0&#8243; rt_padding_right=&#8220;0&#8243;][vc_column width=&#8220;2\/3&#8243; rt_color_set=&#8220;light-style&#8220; rt_bg_image_repeat=&#8220;repeat&#8220; rt_bg_size=&#8220;auto auto&#8220; rt_bg_attachment=&#8220;scroll&#8220; rt_padding_top=&#8220;80&#8243; rt_padding_bottom=&#8220;20&#8243; rt_padding_left=&#8220;40&#8243; rt_padding_right=&#8220;40&#8243; rt_bg_color=&#8220;rgba(0,0,0,0.18)&#8220;][\/vc_column][vc_column width=&#8220;1\/3&#8243; rt_color_set=&#8220;default-style&#8220; rt_bg_image_repeat=&#8220;repeat&#8220; rt_bg_size=&#8220;auto auto&#8220; rt_bg_attachment=&#8220;scroll&#8220; rt_padding_top=&#8220;40&#8243; rt_padding_bottom=&#8220;40&#8243; rt_padding_left=&#8220;40&#8243; rt_padding_right=&#8220;40&#8243;][woo_product_carousel list_layout=&#8220;1\/1&#8243; max_item=&#8220;4&#8243; nav=&#8220;false&#8220; dots=&#8220;true&#8220; list_orderby=&#8220;date&#8220; list_order=&#8220;DESC&#8220;][\/vc_column][\/vc_row][vc_row rt_row_background_width=&#8220;fullwidth&#8220; rt_row_content_width=&#8220;default&#8220; rt_row_style=&#8220;default-style&#8220; rt_grid=&#8220;true&#8220; rt_row_paddings=&#8220;true&#8220; rt_bg_effect=&#8220;classic&#8220; rt_bg_parallax_effect=&#8220;1&#8243; rt_bg_image_repeat=&#8220;repeat&#8220; [&hellip;]<\/p>\n","protected":false},"author":1,"featured_media":0,"parent":0,"menu_order":0,"comment_status":"open","ping_status":"open","template":"","meta":{"footnotes":""},"class_list":["post-2472","page","type-page","status-publish","hentry"],"_links":{"self":[{"href":"https:\/\/vicnezbuh.cz\/wordpress\/wp-json\/wp\/v2\/pages\/2472","targetHints":{"allow":["GET"]}}],"collection":[{"href":"https:\/\/vicnezbuh.cz\/wordpress\/wp-json\/wp\/v2\/pages"}],"about":[{"href":"https:\/\/vicnezbuh.cz\/wordpress\/wp-json\/wp\/v2\/types\/page"}],"author":[{"embeddable":true,"href":"https:\/\/vicnezbuh.cz\/wordpress\/wp-json\/wp\/v2\/users\/1"}],"replies":[{"embeddable":true,"href":"https:\/\/vicnezbuh.cz\/wordpress\/wp-json\/wp\/v2\/comments?post=2472"}],"version-history":[{"count":0,"href":"https:\/\/vicnezbuh.cz\/wordpress\/wp-json\/wp\/v2\/pages\/2472\/revisions"}],"wp:attachment":[{"href":"https:\/\/vicnezbuh.cz\/wordpress\/wp-json\/wp\/v2\/media?parent=2472"}],"curies":[{"name":"wp","href":"https:\/\/api.w.org\/{rel}","templated":true}]}}