{"id":2370,"date":"2015-02-09T15:34:52","date_gmt":"2015-02-09T15:34:52","guid":{"rendered":"http:\/\/rttheme19.rtthemes.com\/?page_id=2370"},"modified":"2016-01-17T08:35:51","modified_gmt":"2016-01-17T07:35:51","slug":"produkty","status":"publish","type":"page","link":"https:\/\/vicnezbuh.cz\/wordpress\/produkty\/","title":{"rendered":"Katalog &#8211; vzhled listov\u00e1n\u00ed"},"content":{"rendered":"<p>[vc_row rt_row_background_width=&#8220;fullwidth&#8220; rt_row_content_width=&#8220;default&#8220; rt_row_style=&#8220;default-style&#8220; rt_row_borders=&#8220;&#8220; rt_overlap=&#8220;true&#8220; rt_row_paddings=&#8220;true&#8220; rt_bg_effect=&#8220;classic&#8220; rt_bg_image_repeat=&#8220;repeat&#8220; rt_bg_size=&#8220;cover&#8220; rt_bg_position=&#8220;right top&#8220; rt_bg_attachment=&#8220;scroll&#8220; rt_bg_video_format=&#8220;self-hosted&#8220;][vc_column rt_bg_image_repeat=&#8220;repeat&#8220; rt_bg_size=&#8220;auto auto&#8220; rt_bg_attachment=&#8220;scroll&#8220;]\n<div id=\"product-dynamicID-846739\" class=\"product_holder product-showcase clearfix  border_grid fixed_heights\" data-column-width=\"4\">\n<div class=\"row clearfix\">\n<div class=\"col product_item_holder col-sm-3  blogengine\">\n\n<div class=\"product_item_holder\">\n\n\t\t\t<div class=\"featured_image\"> \n\t\t\t<!-- product image -->\n\t\t\t<div class=\"featured_image\"> \n\t\t\t\t<a href=\"https:\/\/vicnezbuh.cz\/wordpress\/product-details\/2007\/\" title=\"2007\" rel=\"bookmark\" class=\"imgeffect link\"><img decoding=\"async\" src=\"https:\/\/vicnezbuh.cz\/wordpress\/wp-content\/uploads\/2016\/01\/AllTuts_Green-490x490.png\" alt=\"\" class=\"\" \/><\/a> \n\t\t\t<\/div> \n\t\t<\/div> \n\t\n\n\t\n\t\t\t\t\t\t\n\t\t<div class=\"product_info\">\n\n\t\t\t\t\t\t\t\t<!-- title-->\n\t\t\t\t<h5 class=\"clean_heading\"><a href=\"https:\/\/vicnezbuh.cz\/wordpress\/product-details\/2007\/\" title=\"2007\" rel=\"bookmark\">2007<\/a><\/h5>\n\t\t\t\t\n\t\t\t\t<!-- text-->\n\t\t\t\t<p>\u0160ablona (vzhled) pro publika\u010dn\u00ed syst\u00e9m BlogEngine.NET.<\/p>\n\t\t\t\t<div class=\"product_info_footer clearfix\"><div class=\"action_buttons\"><a href=\"https:\/\/vicnezbuh.cz\/wordpress\/product-details\/2007\/\" title=\"2007\" class=\"details icon-angle-right\">Details<\/a><\/div><\/div> \t\t\n\n\t\t<\/div>\n\t\t\n\n\t\n<\/div><\/div>\n<div class=\"col product_item_holder col-sm-3  blogengine\">\n\n<div class=\"product_item_holder\">\n\n\t\t\t<div class=\"featured_image\"> \n\t\t\t<!-- product image -->\n\t\t\t<div class=\"featured_image\"> \n\t\t\t\t<a href=\"https:\/\/vicnezbuh.cz\/wordpress\/product-details\/2006\/\" title=\"2006\" rel=\"bookmark\" class=\"imgeffect link\"><img decoding=\"async\" src=\"https:\/\/vicnezbuh.cz\/wordpress\/wp-content\/uploads\/2016\/01\/ElegantBlog-490x490.png\" alt=\"\" class=\"\" \/><\/a> \n\t\t\t<\/div> \n\t\t<\/div> \n\t\n\n\t\n\t\t\t\t\t\t\n\t\t<div class=\"product_info\">\n\n\t\t\t\t\t\t\t\t<!-- title-->\n\t\t\t\t<h5 class=\"clean_heading\"><a href=\"https:\/\/vicnezbuh.cz\/wordpress\/product-details\/2006\/\" title=\"2006\" rel=\"bookmark\">2006<\/a><\/h5>\n\t\t\t\t\n\t\t\t\t<!-- text-->\n\t\t\t\t<p>\u0160ablona (vzhled) pro publika\u010dn\u00ed syst\u00e9m BlogEngine.NET.<\/p>\n\t\t\t\t<div class=\"product_info_footer clearfix\"><div class=\"action_buttons\"><a href=\"https:\/\/vicnezbuh.cz\/wordpress\/product-details\/2006\/\" title=\"2006\" class=\"details icon-angle-right\">Details<\/a><\/div><\/div> \t\t\n\n\t\t<\/div>\n\t\t\n\n\t\n<\/div><\/div>\n<div class=\"col product_item_holder col-sm-3  blogengine\">\n\n<div class=\"product_item_holder\">\n\n\t\t\t<div class=\"featured_image\"> \n\t\t\t<!-- product image -->\n\t\t\t<div class=\"featured_image\"> \n\t\t\t\t<a href=\"https:\/\/vicnezbuh.cz\/wordpress\/product-details\/2005\/\" title=\"2005\" rel=\"bookmark\" class=\"imgeffect link\"><img decoding=\"async\" src=\"https:\/\/vicnezbuh.cz\/wordpress\/wp-content\/uploads\/2016\/01\/Interlude-490x490.png\" alt=\"\" class=\"\" \/><\/a> \n\t\t\t<\/div> \n\t\t<\/div> \n\t\n\n\t\n\t\t\t\t\t\t\n\t\t<div class=\"product_info\">\n\n\t\t\t\t\t\t\t\t<!-- title-->\n\t\t\t\t<h5 class=\"clean_heading\"><a href=\"https:\/\/vicnezbuh.cz\/wordpress\/product-details\/2005\/\" title=\"2005\" rel=\"bookmark\">2005<\/a><\/h5>\n\t\t\t\t\n\t\t\t\t<!-- text-->\n\t\t\t\t<p>\u0160ablona (vzhled) pro publika\u010dn\u00ed syst\u00e9m BlogEngine.NET.<\/p>\n\t\t\t\t<div class=\"product_info_footer clearfix\"><div class=\"action_buttons\"><a href=\"https:\/\/vicnezbuh.cz\/wordpress\/product-details\/2005\/\" title=\"2005\" class=\"details icon-angle-right\">Details<\/a><\/div><\/div> \t\t\n\n\t\t<\/div>\n\t\t\n\n\t\n<\/div><\/div>\n<div class=\"col product_item_holder col-sm-3  blogengine\">\n\n<div class=\"product_item_holder\">\n\n\t\t\t<div class=\"featured_image\"> \n\t\t\t<!-- product image -->\n\t\t\t<div class=\"featured_image\"> \n\t\t\t\t<a href=\"https:\/\/vicnezbuh.cz\/wordpress\/product-details\/2004\/\" title=\"2004\" rel=\"bookmark\" class=\"imgeffect link\"><img decoding=\"async\" src=\"https:\/\/vicnezbuh.cz\/wordpress\/wp-content\/uploads\/2016\/01\/theme-4-490x490.png\" alt=\"\" class=\"\" \/><\/a> \n\t\t\t<\/div> \n\t\t<\/div> \n\t\n\n\t\n\t\t\t\t\t\t\n\t\t<div class=\"product_info\">\n\n\t\t\t\t\t\t\t\t<!-- title-->\n\t\t\t\t<h5 class=\"clean_heading\"><a href=\"https:\/\/vicnezbuh.cz\/wordpress\/product-details\/2004\/\" title=\"2004\" rel=\"bookmark\">2004<\/a><\/h5>\n\t\t\t\t\n\t\t\t\t<!-- text-->\n\t\t\t\t<p>\u0160ablona (vzhled) pro publika\u010dn\u00ed syst\u00e9m BlogEngine.NET.<\/p>\n\t\t\t\t<div class=\"product_info_footer clearfix\"><div class=\"action_buttons\"><a href=\"https:\/\/vicnezbuh.cz\/wordpress\/product-details\/2004\/\" title=\"2004\" class=\"details icon-angle-right\">Details<\/a><\/div><\/div> \t\t\n\n\t\t<\/div>\n\t\t\n\n\t\n<\/div><\/div>\n<\/div>\n<div class=\"row clearfix\">\n<div class=\"col product_item_holder col-sm-3  blogengine\">\n\n<div class=\"product_item_holder\">\n\n\t\t\t<div class=\"featured_image\"> \n\t\t\t<!-- product image -->\n\t\t\t<div class=\"featured_image\"> \n\t\t\t\t<a href=\"https:\/\/vicnezbuh.cz\/wordpress\/product-details\/2003\/\" title=\"2003\" rel=\"bookmark\" class=\"imgeffect link\"><img decoding=\"async\" src=\"https:\/\/vicnezbuh.cz\/wordpress\/wp-content\/uploads\/2016\/01\/HeartBeat-1-490x490.png\" alt=\"\" class=\"\" \/><\/a> \n\t\t\t<\/div> \n\t\t<\/div> \n\t\n\n\t\n\t\t\t\t\t\t\n\t\t<div class=\"product_info\">\n\n\t\t\t\t\t\t\t\t<!-- title-->\n\t\t\t\t<h5 class=\"clean_heading\"><a href=\"https:\/\/vicnezbuh.cz\/wordpress\/product-details\/2003\/\" title=\"2003\" rel=\"bookmark\">2003<\/a><\/h5>\n\t\t\t\t\n\t\t\t\t<!-- text-->\n\t\t\t\t<p>\u0160ablona (vzhled) pro publika\u010dn\u00ed syst\u00e9m BlogEngine.NET.<\/p>\n\t\t\t\t<div class=\"product_info_footer clearfix\"><div class=\"action_buttons\"><a href=\"https:\/\/vicnezbuh.cz\/wordpress\/product-details\/2003\/\" title=\"2003\" class=\"details icon-angle-right\">Details<\/a><\/div><\/div> \t\t\n\n\t\t<\/div>\n\t\t\n\n\t\n<\/div><\/div>\n<div class=\"col product_item_holder col-sm-3  blogengine\">\n\n<div class=\"product_item_holder\">\n\n\t\t\t<div class=\"featured_image\"> \n\t\t\t<!-- product image -->\n\t\t\t<div class=\"featured_image\"> \n\t\t\t\t<a href=\"https:\/\/vicnezbuh.cz\/wordpress\/product-details\/2002\/\" title=\"2002\" rel=\"bookmark\" class=\"imgeffect link\"><img decoding=\"async\" src=\"https:\/\/vicnezbuh.cz\/wordpress\/wp-content\/uploads\/2016\/01\/Dilectio.jpg\" alt=\"\" class=\"\" \/><\/a> \n\t\t\t<\/div> \n\t\t<\/div> \n\t\n\n\t\n\t\t\t\t\t\t\n\t\t<div class=\"product_info\">\n\n\t\t\t\t\t\t\t\t<!-- title-->\n\t\t\t\t<h5 class=\"clean_heading\"><a href=\"https:\/\/vicnezbuh.cz\/wordpress\/product-details\/2002\/\" title=\"2002\" rel=\"bookmark\">2002<\/a><\/h5>\n\t\t\t\t\n\t\t\t\t<!-- text-->\n\t\t\t\t<p>\u0160ablona (vzhled) pro publika\u010dn\u00ed syst\u00e9m BlogEngine.NET.<\/p>\n\t\t\t\t<div class=\"product_info_footer clearfix\"><div class=\"action_buttons\"><a href=\"https:\/\/vicnezbuh.cz\/wordpress\/product-details\/2002\/\" title=\"2002\" class=\"details icon-angle-right\">Details<\/a><\/div><\/div> \t\t\n\n\t\t<\/div>\n\t\t\n\n\t\n<\/div><\/div>\n<div class=\"col product_item_holder col-sm-3  blogengine\">\n\n<div class=\"product_item_holder\">\n\n\t\t\t<div class=\"featured_image\"> \n\t\t\t<!-- product image -->\n\t\t\t<div class=\"featured_image\"> \n\t\t\t\t<a href=\"https:\/\/vicnezbuh.cz\/wordpress\/product-details\/2001\/\" title=\"2001\" rel=\"bookmark\" class=\"imgeffect link\"><img decoding=\"async\" src=\"https:\/\/vicnezbuh.cz\/wordpress\/wp-content\/uploads\/2016\/01\/ArthemiaTwilight.jpg\" alt=\"\" class=\"\" \/><\/a> \n\t\t\t<\/div> \n\t\t<\/div> \n\t\n\n\t\n\t\t\t\t\t\t\n\t\t<div class=\"product_info\">\n\n\t\t\t\t\t\t\t\t<!-- title-->\n\t\t\t\t<h5 class=\"clean_heading\"><a href=\"https:\/\/vicnezbuh.cz\/wordpress\/product-details\/2001\/\" title=\"2001\" rel=\"bookmark\">2001<\/a><\/h5>\n\t\t\t\t\n\t\t\t\t<!-- text-->\n\t\t\t\t<p>\u0160ablona (vzhled) pro publika\u010dn\u00ed syst\u00e9m BlogEngine.NET.<\/p>\n\t\t\t\t<div class=\"product_info_footer clearfix\"><div class=\"action_buttons\"><a href=\"https:\/\/vicnezbuh.cz\/wordpress\/product-details\/2001\/\" title=\"2001\" class=\"details icon-angle-right\">Details<\/a><\/div><\/div> \t\t\n\n\t\t<\/div>\n\t\t\n\n\t\n<\/div><\/div>\n<div class=\"col product_item_holder col-sm-3  wordpress\">\n\n<div class=\"product_item_holder\">\n\n\t\t\t<div class=\"featured_image\"> \n\t\t\t<!-- product image -->\n\t\t\t<div class=\"featured_image\"> \n\t\t\t\t<a href=\"https:\/\/vicnezbuh.cz\/wordpress\/product-details\/1048\/\" title=\"1048\" rel=\"bookmark\" class=\"imgeffect link\"><img decoding=\"async\" src=\"https:\/\/vicnezbuh.cz\/wordpress\/wp-content\/uploads\/2016\/01\/screenshot-82-490x490.png\" alt=\"\" class=\"\" \/><\/a> \n\t\t\t<\/div> \n\t\t<\/div> \n\t\n\n\t\n\t\t\t\t\t\t\n\t\t<div class=\"product_info\">\n\n\t\t\t\t\t\t\t\t<!-- title-->\n\t\t\t\t<h5 class=\"clean_heading\"><a href=\"https:\/\/vicnezbuh.cz\/wordpress\/product-details\/1048\/\" title=\"1048\" rel=\"bookmark\">1048<\/a><\/h5>\n\t\t\t\t\n\t\t\t\t<!-- text-->\n\t\t\t\t\n\t\t\t\t<div class=\"product_info_footer clearfix\"><div class=\"action_buttons\"><a href=\"https:\/\/vicnezbuh.cz\/wordpress\/product-details\/1048\/\" title=\"1048\" class=\"details icon-angle-right\">Details<\/a><\/div><\/div> \t\t\n\n\t\t<\/div>\n\t\t\n\n\t\n<\/div><\/div>\n<\/div>\n<div class=\"row clearfix\">\n<div class=\"col product_item_holder col-sm-3  wordpress\">\n\n<div class=\"product_item_holder\">\n\n\t\t\t<div class=\"featured_image\"> \n\t\t\t<!-- product image -->\n\t\t\t<div class=\"featured_image\"> \n\t\t\t\t<a href=\"https:\/\/vicnezbuh.cz\/wordpress\/product-details\/1047\/\" title=\"1047\" rel=\"bookmark\" class=\"imgeffect link\"><img decoding=\"async\" src=\"https:\/\/vicnezbuh.cz\/wordpress\/wp-content\/uploads\/2016\/01\/screenshot-81-490x490.png\" alt=\"\" class=\"\" \/><\/a> \n\t\t\t<\/div> \n\t\t<\/div> \n\t\n\n\t\n\t\t\t\t\t\t\n\t\t<div class=\"product_info\">\n\n\t\t\t\t\t\t\t\t<!-- title-->\n\t\t\t\t<h5 class=\"clean_heading\"><a href=\"https:\/\/vicnezbuh.cz\/wordpress\/product-details\/1047\/\" title=\"1047\" rel=\"bookmark\">1047<\/a><\/h5>\n\t\t\t\t\n\t\t\t\t<!-- text-->\n\t\t\t\t\n\t\t\t\t<div class=\"product_info_footer clearfix\"><div class=\"action_buttons\"><a href=\"https:\/\/vicnezbuh.cz\/wordpress\/product-details\/1047\/\" title=\"1047\" class=\"details icon-angle-right\">Details<\/a><\/div><\/div> \t\t\n\n\t\t<\/div>\n\t\t\n\n\t\n<\/div><\/div>\n<div class=\"col product_item_holder col-sm-3  wordpress\">\n\n<div class=\"product_item_holder\">\n\n\t\t\t<div class=\"featured_image\"> \n\t\t\t<!-- product image -->\n\t\t\t<div class=\"featured_image\"> \n\t\t\t\t<a href=\"https:\/\/vicnezbuh.cz\/wordpress\/product-details\/1046\/\" title=\"1046\" rel=\"bookmark\" class=\"imgeffect link\"><img decoding=\"async\" src=\"https:\/\/vicnezbuh.cz\/wordpress\/wp-content\/uploads\/2016\/01\/screenshot-80.png\" alt=\"\" class=\"\" \/><\/a> \n\t\t\t<\/div> \n\t\t<\/div> \n\t\n\n\t\n\t\t\t\t\t\t\n\t\t<div class=\"product_info\">\n\n\t\t\t\t\t\t\t\t<!-- title-->\n\t\t\t\t<h5 class=\"clean_heading\"><a href=\"https:\/\/vicnezbuh.cz\/wordpress\/product-details\/1046\/\" title=\"1046\" rel=\"bookmark\">1046<\/a><\/h5>\n\t\t\t\t\n\t\t\t\t<!-- text-->\n\t\t\t\t\n\t\t\t\t<div class=\"product_info_footer clearfix\"><div class=\"action_buttons\"><a href=\"https:\/\/vicnezbuh.cz\/wordpress\/product-details\/1046\/\" title=\"1046\" class=\"details icon-angle-right\">Details<\/a><\/div><\/div> \t\t\n\n\t\t<\/div>\n\t\t\n\n\t\n<\/div><\/div>\n<div class=\"col product_item_holder col-sm-3  wordpress\">\n\n<div class=\"product_item_holder\">\n\n\t\t\t<div class=\"featured_image\"> \n\t\t\t<!-- product image -->\n\t\t\t<div class=\"featured_image\"> \n\t\t\t\t<a href=\"https:\/\/vicnezbuh.cz\/wordpress\/product-details\/1045\/\" title=\"1045\" rel=\"bookmark\" class=\"imgeffect link\"><img decoding=\"async\" src=\"https:\/\/vicnezbuh.cz\/wordpress\/wp-content\/uploads\/2016\/01\/screenshot-83-490x490.png\" alt=\"\" class=\"\" \/><\/a> \n\t\t\t<\/div> \n\t\t<\/div> \n\t\n\n\t\n\t\t\t\t\t\t\n\t\t<div class=\"product_info\">\n\n\t\t\t\t\t\t\t\t<!-- title-->\n\t\t\t\t<h5 class=\"clean_heading\"><a href=\"https:\/\/vicnezbuh.cz\/wordpress\/product-details\/1045\/\" title=\"1045\" rel=\"bookmark\">1045<\/a><\/h5>\n\t\t\t\t\n\t\t\t\t<!-- text-->\n\t\t\t\t\n\t\t\t\t<div class=\"product_info_footer clearfix\"><div class=\"action_buttons\"><a href=\"https:\/\/vicnezbuh.cz\/wordpress\/product-details\/1045\/\" title=\"1045\" class=\"details icon-angle-right\">Details<\/a><\/div><\/div> \t\t\n\n\t\t<\/div>\n\t\t\n\n\t\n<\/div><\/div>\n<div class=\"col product_item_holder col-sm-3  wordpress\">\n\n<div class=\"product_item_holder\">\n\n\t\t\t<div class=\"featured_image\"> \n\t\t\t<!-- product image -->\n\t\t\t<div class=\"featured_image\"> \n\t\t\t\t<a href=\"https:\/\/vicnezbuh.cz\/wordpress\/product-details\/1044\/\" title=\"1044\" rel=\"bookmark\" class=\"imgeffect link\"><img decoding=\"async\" src=\"https:\/\/vicnezbuh.cz\/wordpress\/wp-content\/uploads\/2016\/01\/screenshot-86-490x450.png\" alt=\"\" class=\"\" \/><\/a> \n\t\t\t<\/div> \n\t\t<\/div> \n\t\n\n\t\n\t\t\t\t\t\t\n\t\t<div class=\"product_info\">\n\n\t\t\t\t\t\t\t\t<!-- title-->\n\t\t\t\t<h5 class=\"clean_heading\"><a href=\"https:\/\/vicnezbuh.cz\/wordpress\/product-details\/1044\/\" title=\"1044\" rel=\"bookmark\">1044<\/a><\/h5>\n\t\t\t\t\n\t\t\t\t<!-- text-->\n\t\t\t\t\n\t\t\t\t<div class=\"product_info_footer clearfix\"><div class=\"action_buttons\"><a href=\"https:\/\/vicnezbuh.cz\/wordpress\/product-details\/1044\/\" title=\"1044\" class=\"details icon-angle-right\">Details<\/a><\/div><\/div> \t\t\n\n\t\t<\/div>\n\t\t\n\n\t\n<\/div><\/div>\n<\/div>\n<div class=\"row clearfix\">\n<div class=\"col product_item_holder col-sm-3  wordpress\">\n\n<div class=\"product_item_holder\">\n\n\t\t\t<div class=\"featured_image\"> \n\t\t\t<!-- product image -->\n\t\t\t<div class=\"featured_image\"> \n\t\t\t\t<a href=\"https:\/\/vicnezbuh.cz\/wordpress\/product-details\/1043\/\" title=\"1043\" rel=\"bookmark\" class=\"imgeffect link\"><img decoding=\"async\" src=\"https:\/\/vicnezbuh.cz\/wordpress\/wp-content\/uploads\/2016\/01\/screenshot-62-490x490.png\" alt=\"\" class=\"\" \/><\/a> \n\t\t\t<\/div> \n\t\t<\/div> \n\t\n\n\t\n\t\t\t\t\t\t\n\t\t<div class=\"product_info\">\n\n\t\t\t\t\t\t\t\t<!-- title-->\n\t\t\t\t<h5 class=\"clean_heading\"><a href=\"https:\/\/vicnezbuh.cz\/wordpress\/product-details\/1043\/\" title=\"1043\" rel=\"bookmark\">1043<\/a><\/h5>\n\t\t\t\t\n\t\t\t\t<!-- text-->\n\t\t\t\t\n\t\t\t\t<div class=\"product_info_footer clearfix\"><div class=\"action_buttons\"><a href=\"https:\/\/vicnezbuh.cz\/wordpress\/product-details\/1043\/\" title=\"1043\" class=\"details icon-angle-right\">Details<\/a><\/div><\/div> \t\t\n\n\t\t<\/div>\n\t\t\n\n\t\n<\/div><\/div>\n<div class=\"col product_item_holder col-sm-3  wordpress\">\n\n<div class=\"product_item_holder\">\n\n\t\t\t<div class=\"featured_image\"> \n\t\t\t<!-- product image -->\n\t\t\t<div class=\"featured_image\"> \n\t\t\t\t<a href=\"https:\/\/vicnezbuh.cz\/wordpress\/product-details\/1042\/\" title=\"1042\" rel=\"bookmark\" class=\"imgeffect link\"><img decoding=\"async\" src=\"https:\/\/vicnezbuh.cz\/wordpress\/wp-content\/uploads\/2016\/01\/screenshot-51-490x490.png\" alt=\"\" class=\"\" \/><\/a> \n\t\t\t<\/div> \n\t\t<\/div> \n\t\n\n\t\n\t\t\t\t\t\t\n\t\t<div class=\"product_info\">\n\n\t\t\t\t\t\t\t\t<!-- title-->\n\t\t\t\t<h5 class=\"clean_heading\"><a href=\"https:\/\/vicnezbuh.cz\/wordpress\/product-details\/1042\/\" title=\"1042\" rel=\"bookmark\">1042<\/a><\/h5>\n\t\t\t\t\n\t\t\t\t<!-- text-->\n\t\t\t\t\n\t\t\t\t<div class=\"product_info_footer clearfix\"><div class=\"action_buttons\"><a href=\"https:\/\/vicnezbuh.cz\/wordpress\/product-details\/1042\/\" title=\"1042\" class=\"details icon-angle-right\">Details<\/a><\/div><\/div> \t\t\n\n\t\t<\/div>\n\t\t\n\n\t\n<\/div><\/div>\n<div class=\"col product_item_holder col-sm-3  wordpress\">\n\n<div class=\"product_item_holder\">\n\n\t\t\t<div class=\"featured_image\"> \n\t\t\t<!-- product image -->\n\t\t\t<div class=\"featured_image\"> \n\t\t\t\t<a href=\"https:\/\/vicnezbuh.cz\/wordpress\/product-details\/1041\/\" title=\"1041\" rel=\"bookmark\" class=\"imgeffect link\"><img decoding=\"async\" src=\"https:\/\/vicnezbuh.cz\/wordpress\/wp-content\/uploads\/2016\/01\/screenshot-50-490x490.png\" alt=\"\" class=\"\" \/><\/a> \n\t\t\t<\/div> \n\t\t<\/div> \n\t\n\n\t\n\t\t\t\t\t\t\n\t\t<div class=\"product_info\">\n\n\t\t\t\t\t\t\t\t<!-- title-->\n\t\t\t\t<h5 class=\"clean_heading\"><a href=\"https:\/\/vicnezbuh.cz\/wordpress\/product-details\/1041\/\" title=\"1041\" rel=\"bookmark\">1041<\/a><\/h5>\n\t\t\t\t\n\t\t\t\t<!-- text-->\n\t\t\t\t\n\t\t\t\t<div class=\"product_info_footer clearfix\"><div class=\"action_buttons\"><a href=\"https:\/\/vicnezbuh.cz\/wordpress\/product-details\/1041\/\" title=\"1041\" class=\"details icon-angle-right\">Details<\/a><\/div><\/div> \t\t\n\n\t\t<\/div>\n\t\t\n\n\t\n<\/div><\/div>\n<div class=\"col product_item_holder col-sm-3  wordpress\">\n\n<div class=\"product_item_holder\">\n\n\t\t\t<div class=\"featured_image\"> \n\t\t\t<!-- product image -->\n\t\t\t<div class=\"featured_image\"> \n\t\t\t\t<a href=\"https:\/\/vicnezbuh.cz\/wordpress\/product-details\/1040\/\" title=\"1040\" rel=\"bookmark\" class=\"imgeffect link\"><img decoding=\"async\" src=\"https:\/\/vicnezbuh.cz\/wordpress\/wp-content\/uploads\/2016\/01\/screenshot-49-490x490.png\" alt=\"\" class=\"\" \/><\/a> \n\t\t\t<\/div> \n\t\t<\/div> \n\t\n\n\t\n\t\t\t\t\t\t\n\t\t<div class=\"product_info\">\n\n\t\t\t\t\t\t\t\t<!-- title-->\n\t\t\t\t<h5 class=\"clean_heading\"><a href=\"https:\/\/vicnezbuh.cz\/wordpress\/product-details\/1040\/\" title=\"1040\" rel=\"bookmark\">1040<\/a><\/h5>\n\t\t\t\t\n\t\t\t\t<!-- text-->\n\t\t\t\t\n\t\t\t\t<div class=\"product_info_footer clearfix\"><div class=\"action_buttons\"><a href=\"https:\/\/vicnezbuh.cz\/wordpress\/product-details\/1040\/\" title=\"1040\" class=\"details icon-angle-right\">Details<\/a><\/div><\/div> \t\t\n\n\t\t<\/div>\n\t\t\n\n\t\n<\/div><\/div>\n<\/div>\n<\/div>\n<div class=\"paging_wrapper margin-t30 margin-b30\"><ul class='page-numbers'>\n\t<li><span aria-current=\"page\" class=\"page-numbers current\">1<\/span><\/li>\n\t<li><a class=\"page-numbers\" href=\"https:\/\/vicnezbuh.cz\/wordpress\/wp-json\/wp\/v2\/pages\/2370\/page\/2\/\">2<\/a><\/li>\n\t<li><a class=\"page-numbers\" href=\"https:\/\/vicnezbuh.cz\/wordpress\/wp-json\/wp\/v2\/pages\/2370\/page\/3\/\">3<\/a><\/li>\n\t<li><span class=\"page-numbers dots\">&hellip;<\/span><\/li>\n\t<li><a class=\"page-numbers\" href=\"https:\/\/vicnezbuh.cz\/wordpress\/wp-json\/wp\/v2\/pages\/2370\/page\/5\/\">5<\/a><\/li>\n\t<li><a class=\"next page-numbers\" href=\"https:\/\/vicnezbuh.cz\/wordpress\/wp-json\/wp\/v2\/pages\/2370\/page\/2\/\"><span class=\"icon-angle-right\"><\/span><\/a><\/li>\n<\/ul>\n<\/div>[\/vc_column][\/vc_row]<\/p>\n","protected":false},"excerpt":{"rendered":"<p>[vc_row rt_row_background_width=&#8220;fullwidth&#8220; rt_row_content_width=&#8220;default&#8220; rt_row_style=&#8220;default-style&#8220; rt_row_borders=&#8220;&#8220; rt_overlap=&#8220;true&#8220; rt_row_paddings=&#8220;true&#8220; rt_bg_effect=&#8220;classic&#8220; rt_bg_image_repeat=&#8220;repeat&#8220; rt_bg_size=&#8220;cover&#8220; rt_bg_position=&#8220;right top&#8220; rt_bg_attachment=&#8220;scroll&#8220; rt_bg_video_format=&#8220;self-hosted&#8220;][vc_column rt_bg_image_repeat=&#8220;repeat&#8220; rt_bg_size=&#8220;auto auto&#8220; rt_bg_attachment=&#8220;scroll&#8220;][\/vc_column][\/vc_row]<\/p>\n","protected":false},"author":1,"featured_media":0,"parent":0,"menu_order":0,"comment_status":"open","ping_status":"open","template":"","meta":{"footnotes":""},"class_list":["post-2370","page","type-page","status-publish","hentry"],"_links":{"self":[{"href":"https:\/\/vicnezbuh.cz\/wordpress\/wp-json\/wp\/v2\/pages\/2370","targetHints":{"allow":["GET"]}}],"collection":[{"href":"https:\/\/vicnezbuh.cz\/wordpress\/wp-json\/wp\/v2\/pages"}],"about":[{"href":"https:\/\/vicnezbuh.cz\/wordpress\/wp-json\/wp\/v2\/types\/page"}],"author":[{"embeddable":true,"href":"https:\/\/vicnezbuh.cz\/wordpress\/wp-json\/wp\/v2\/users\/1"}],"replies":[{"embeddable":true,"href":"https:\/\/vicnezbuh.cz\/wordpress\/wp-json\/wp\/v2\/comments?post=2370"}],"version-history":[{"count":4,"href":"https:\/\/vicnezbuh.cz\/wordpress\/wp-json\/wp\/v2\/pages\/2370\/revisions"}],"predecessor-version":[{"id":7352,"href":"https:\/\/vicnezbuh.cz\/wordpress\/wp-json\/wp\/v2\/pages\/2370\/revisions\/7352"}],"wp:attachment":[{"href":"https:\/\/vicnezbuh.cz\/wordpress\/wp-json\/wp\/v2\/media?parent=2370"}],"curies":[{"name":"wp","href":"https:\/\/api.w.org\/{rel}","templated":true}]}}